{"id":98,"date":"2023-06-28T22:37:09","date_gmt":"2023-06-28T22:37:09","guid":{"rendered":"https:\/\/iberconceptos.es\/?page_id=98"},"modified":"2023-06-28T22:43:38","modified_gmt":"2023-06-28T22:43:38","slug":"98-2","status":"publish","type":"page","link":"https:\/\/iberconceptos.es\/?page_id=98","title":{"rendered":"La Aurora de la Libertad"},"content":{"rendered":"<div class=\"wp-block-image\">\n<figure class=\"alignleft\"><a href=\"https:\/\/dialnet.unirioja.es\/servlet\/libro?codigo=736434\"><img decoding=\"async\" src=\"https:\/\/web.archive.org\/web\/20230206222017im_\/http:\/\/www.iberconceptos.net\/wp-content\/uploads\/2012\/10\/aurora_libertad-194x300.jpg\" alt=\"\" class=\"wp-image-30\" title=\"aurora_libertad\"\/><\/a><\/figure><\/div>\n\n\n<p><strong>La Aurora de la Libertad. Los primeros liberalismos en el mundo iberoamericano, Editor: Javier Fern\u00e1ndez Sebasti\u00e1n. Madrid, Marcial Pons, 2012.<\/strong><\/p>\n\n\n\n<blockquote class=\"wp-block-quote is-layout-flow wp-block-quote-is-layout-flow\">\n<p style=\"font-size:16px\">\u201c\u2026 \u00abLiberales, como se llaman a s\u00ed mismos. \u00a1Liberales! Las palabras que uno conoce bien tienen un significado de pesadilla en este pa\u00eds. Libertad, democracia, patriotismo, gobierno: todas esas palabras tienen aqu\u00ed un sabor de locura y de asesinato\u00bb. A casi un siglo de distancia de las revoluciones iberoamericanas, \u00e9ste era el p\u00e9simo juicio que le merec\u00eda el liberalismo de la regi\u00f3n al brit\u00e1nico Charles Gould, uno de los protagonistas de la novela Nostromo, que Joseph Conrad situ\u00f3 en el estado fi cticio de Costaguana [CONRAD (1904) 1983, 73] \u2026\u201d<\/p>\n<\/blockquote>\n\n\n\n<h3 class=\"wp-block-heading\">EXTRACTOS<\/h3>\n\n\n\n<p>\u00cdndice y primeras 5 p\u00e1ginas. |&nbsp;<a href=\"https:\/\/web.archive.org\/web\/20230206222017\/http:\/\/www.iberconceptos.net\/wp-content\/uploads\/2012\/10\/Aurora_Libertad_Primeras_P%C3%A1ginas.pdf\" target=\"_blank\" rel=\"noreferrer noopener\">ver pdf<\/a>&nbsp;|<\/p>\n\n\n\n<p>Rese\u00f1a publicada en el suplemento cultural de ABC (02-03-2013) |&nbsp;<a href=\"https:\/\/web.archive.org\/web\/20230206222017\/http:\/\/www.iberconceptos.net\/la-aurora-de-la-libertad\/attachment\/resena_aurora_libertad__abc-copia\">ver pdf<\/a>&nbsp;|<\/p>\n\n\n\n<h3 class=\"wp-block-heading\">TEXTOS RELACIONADOS<\/h3>\n\n\n\n<p>.&nbsp;<a href=\"https:\/\/web.archive.org\/web\/20230206222017\/http:\/\/www.iberconceptos.net\/la-aurora-de-la-libertad\/attachment\/bastenier_liberalismo_polisemico_resena_babelia_aurora_libertad-copia\">Liberalismo Polis\u00e9mico. Rese\u00f1a de Bastenier en Babelia<\/a><\/p>\n","protected":false},"excerpt":{"rendered":"<p>La Aurora de la Libertad. Los primeros liberalismos en el mundo iberoamericano, Editor: Javier Fern\u00e1ndez Sebasti\u00e1n. Madrid, Marcial Pons, 2012. \u201c\u2026 \u00abLiberales, como se llaman a s\u00ed mismos. \u00a1Liberales! Las palabras que uno conoce bien tienen un significado de pesadilla en este pa\u00eds. Libertad, democracia,&nbsp;<a class=\"read-more\" href=\"https:\/\/iberconceptos.es\/?page_id=98\">&hellip;<\/a><\/p>\n","protected":false},"author":1,"featured_media":0,"parent":0,"menu_order":0,"comment_status":"closed","ping_status":"closed","template":"","meta":{"saved_in_kubio":false,"footnotes":""},"class_list":["post-98","page","type-page","status-publish","hentry"],"kubio_ai_page_context":{"short_desc":"","purpose":"general"},"_links":{"self":[{"href":"https:\/\/iberconceptos.es\/index.php?rest_route=\/wp\/v2\/pages\/98","targetHints":{"allow":["GET"]}}],"collection":[{"href":"https:\/\/iberconceptos.es\/index.php?rest_route=\/wp\/v2\/pages"}],"about":[{"href":"https:\/\/iberconceptos.es\/index.php?rest_route=\/wp\/v2\/types\/page"}],"author":[{"embeddable":true,"href":"https:\/\/iberconceptos.es\/index.php?rest_route=\/wp\/v2\/users\/1"}],"replies":[{"embeddable":true,"href":"https:\/\/iberconceptos.es\/index.php?rest_route=%2Fwp%2Fv2%2Fcomments&post=98"}],"version-history":[{"count":2,"href":"https:\/\/iberconceptos.es\/index.php?rest_route=\/wp\/v2\/pages\/98\/revisions"}],"predecessor-version":[{"id":106,"href":"https:\/\/iberconceptos.es\/index.php?rest_route=\/wp\/v2\/pages\/98\/revisions\/106"}],"wp:attachment":[{"href":"https:\/\/iberconceptos.es\/index.php?rest_route=%2Fwp%2Fv2%2Fmedia&parent=98"}],"curies":[{"name":"wp","href":"https:\/\/api.w.org\/{rel}","templated":true}]}}