{"id":96,"date":"2023-06-28T22:33:12","date_gmt":"2023-06-28T22:33:12","guid":{"rendered":"https:\/\/iberconceptos.es\/?page_id=96"},"modified":"2023-06-28T22:33:24","modified_gmt":"2023-06-28T22:33:24","slug":"diccionario-politico-y-social-del-mundo-iberoamericano-tomo-ii","status":"publish","type":"page","link":"https:\/\/iberconceptos.es\/?page_id=96","title":{"rendered":"Diccionario pol\u00edtico y social del mundo iberoamericano (tomo II)"},"content":{"rendered":"\n<p><strong>NOVEDAD EDITORIAL<\/strong><\/p>\n\n\n\n<p><strong>DICCIONARIO IBERCONCEPTOS-II<\/strong><\/p>\n\n\n\n<p>Acaban de aparecer los 10 vols. del tomo II y \u00faltimo del<strong>&nbsp;<em>Diccionario pol\u00edtico y social del mundo iberoamericano<\/em><\/strong>&nbsp;(<em>Iberconceptos II<\/em>).<\/p>\n\n\n\n<ul class=\"wp-block-list\">\n<li>Un centenar de autores.<\/li>\n\n\n\n<li>10 vol\u00famenes referentes a los 10 conceptos siguientes: Civilizaci\u00f3n, Democracia, Estado, Independencia, Libertad, Orden, Partido, Patria, Revoluci\u00f3n, Soberan\u00eda.<\/li>\n\n\n\n<li>12 pa\u00edses y regiones: Argentina, Brasil, Caribe-Antillas Hispanas, Centroam\u00e9rica, Colombia, Chile, Espa\u00f1a, M\u00e9xico, Per\u00fa, Portugal, Uruguay, Venezuela.<\/li>\n<\/ul>\n\n\n\n<p>Fruto del proyecto internacional de investigaci\u00f3n&nbsp;<em>Iberconceptos<\/em>, este Diccionario analiza las transformaciones de una veintena de conceptos pol\u00edticos clave en los pa\u00edses de habla espa\u00f1ola y portuguesa de ambos lados del Atl\u00e1ntico, desde finales del siglo XVIII hasta 1870.<\/p>\n\n\n\n<p>Los diez vol\u00famenes de que consta este segundo tomo est\u00e1n dedicados a los siguientes conceptos:<\/p>\n\n\n\n<ol class=\"wp-block-list\">\n<li><strong><em>Civilizaci\u00f3n<\/em><\/strong><\/li>\n\n\n\n<li><strong><em>Democracia<\/em><\/strong><\/li>\n\n\n\n<li><strong><em>Estado<\/em><\/strong><\/li>\n\n\n\n<li><strong><em>Independencia<\/em><\/strong><\/li>\n\n\n\n<li><strong><em>Libertad<\/em><\/strong><\/li>\n\n\n\n<li><strong><em>Orden<\/em><\/strong><\/li>\n\n\n\n<li><strong><em>Partido<\/em><\/strong><\/li>\n\n\n\n<li><strong><em>Patria<\/em><\/strong><\/li>\n\n\n\n<li><strong><em>Revoluci\u00f3n<\/em><\/strong><\/li>\n\n\n\n<li><strong><em>Soberan\u00eda<\/em><\/strong><\/li>\n<\/ol>\n\n\n\n<p>En el tomo I los conceptos analizados fueron:&nbsp;<em>Am\u00e9rica, Ciudadano, Constituci\u00f3n, Federalismo, Historia, Liberalismo, Naci\u00f3n, Opini\u00f3n p\u00fablica, Pueblo<\/em>&nbsp;y<em>&nbsp;Rep\u00fablica<\/em>.<\/p>\n\n\n\n<p>En conjunto, este Diccionario constituye una herramienta y una obra de referencia imprescindible para historiadores, juristas, ling\u00fcistas, polit\u00f3logos y todos los estudiosos de ciencias sociales que se interesan por la historia de los pa\u00edses iberoamericanos.<\/p>\n\n\n<div class=\"wp-block-image\">\n<figure class=\"aligncenter\"><a href=\"https:\/\/tienda.boe.es\/detail.php?id=9788425915987\"><img decoding=\"async\" src=\"https:\/\/web.archive.org\/web\/20230206223640im_\/http:\/\/www.iberconceptos.net\/wp-content\/uploads\/2014\/09\/Portada-Iberconceptos-II-214x300.jpg\" alt=\"Portada Iberconceptos II\" class=\"wp-image-1630\"\/><\/a><\/figure><\/div>\n\n\n<p><strong>ISBN: 978-84-259-1598-7<\/strong><\/p>\n\n\n\n<p><strong>Precio del Diccionario:<\/strong><\/p>\n\n\n\n<p><strong>El tomo II se vende s\u00f3lo como conjunto de los 10 vol\u00famenes en un estuche, al precio total de 60 euros.<\/strong><\/p>\n\n\n\n<p><strong>Disponible en librer\u00edas especializadas, incluyendo en la sede del Centro de Estudios Pol\u00edticos y Constitucionales en la&nbsp;<\/strong><strong>Plaza de la Marina Espa\u00f1ola (v\u00e9ase m\u00e1s abajo la direcci\u00f3n completa)<\/strong><strong>&nbsp;as\u00ed como en la Librer\u00eda Virtual del CEPC:<\/strong><\/p>\n\n\n\n<p><a href=\"https:\/\/web.archive.org\/web\/20230206223640\/http:\/\/www.cepc.gob.es\/\"><strong>http:\/\/www.cepc.gob.es\/tienda<\/strong><\/a><\/p>\n\n\n\n<p><strong>Centro de Estudios Pol\u00edticos y Constitucionales<\/strong><\/p>\n\n\n\n<p><strong>Plaza de la Marina Espa\u00f1ola, 9 \u2013 28071 Madrid (Espa\u00f1a)<\/strong><\/p>\n\n\n\n<p><strong>Tel. 914228994 \u2013 914228973<\/strong><\/p>\n\n\n\n<p><a href=\"https:\/\/web.archive.org\/web\/20230206223640\/mailto:publicacionescepc@cepc.es\"><strong>publicacionescepc@cepc.es<\/strong><\/a><\/p>\n\n\n\n<p>C\u00f3mo citar el Diccionario:<\/p>\n\n\n\n<p>Obra completa:<\/p>\n\n\n\n<p>Javier Fern\u00e1ndez Sebasti\u00e1n (dir.),&nbsp;<em>Diccionario pol\u00edtico y social del mundo iberoamericano<\/em>, Madrid: Centro de Estudios Pol\u00edticos y Constitucionales, 2009 y 2014, 11 vols. en 2 tomos.<\/p>\n\n\n\n<p>tomo I:<\/p>\n\n\n\n<p>Javier Fern\u00e1ndez Sebasti\u00e1n (dir.); Crist\u00f3bal Aljov\u00edn de Losada, Jo\u00e3o Feres J\u00fanior, F\u00e1tima S\u00e1 e Melo Ferreira, Noem\u00ed Goldman, Carole Leal Curiel, Georges Lomn\u00e9, Jos\u00e9 M. Portillo Vald\u00e9s, Isabel Torres Dujisin, Fabio Wasserman, Guillermo Zerme\u00f1o (eds.),&nbsp;<em>Diccionario pol\u00edtico y social del mundo iberoamericano.&nbsp;La era de las revoluciones, 1750-1850<\/em>, Madrid:&nbsp;Centro de Estudios Pol\u00edticos y Constitucionales \u2013 Fundaci\u00f3n Carolina \u2013 Sociedad Estatal de Conmemoraciones Culturales, 2009, tomo I.<\/p>\n\n\n\n<p>tomo II:<\/p>\n\n\n\n<p>Javier Fern\u00e1ndez Sebasti\u00e1n (dir.); Crist\u00f3bal Aljov\u00edn de Losada, Gerardo Caetano, Noem\u00ed Goldman,<\/p>\n\n\n\n<p>Gabriel Entin, Jo\u00e3o Feres J\u00fanior, F\u00e1tima S\u00e1 e Melo Ferreira, Luis Fern\u00e1ndez Torres, Loles Gonz\u00e1lez-Ripoll, Carole Leal Curiel, Annick Lemp\u00e9ri\u00e8re,<\/p>\n\n\n\n<p>Georges Lomn\u00e9, Alejandro San Francisco, Pablo S\u00e1nchez Le\u00f3n y Guillermo Zerme\u00f1o Padilla (eds.),&nbsp;<em>Diccionario pol\u00edtico y social del mundo iberoamericano.&nbsp;Conceptos pol\u00edticos fundamentales, 1770-1870<\/em>, Madrid:&nbsp;Centro de Estudios Pol\u00edticos y Constitucionales \u2013 Universidad del Pa\u00eds Vasco, 2014, tomo II, en 10 vols.<\/p>\n","protected":false},"excerpt":{"rendered":"<p>NOVEDAD EDITORIAL DICCIONARIO IBERCONCEPTOS-II Acaban de aparecer los 10 vols. del tomo II y \u00faltimo del&nbsp;Diccionario pol\u00edtico y social del mundo iberoamericano&nbsp;(Iberconceptos II). Fruto del proyecto internacional de investigaci\u00f3n&nbsp;Iberconceptos, este Diccionario analiza las transformaciones de una veintena de conceptos pol\u00edticos clave en los pa\u00edses de&nbsp;<a class=\"read-more\" href=\"https:\/\/iberconceptos.es\/?page_id=96\">&hellip;<\/a><\/p>\n","protected":false},"author":1,"featured_media":0,"parent":0,"menu_order":0,"comment_status":"closed","ping_status":"closed","template":"","meta":{"saved_in_kubio":false,"footnotes":""},"class_list":["post-96","page","type-page","status-publish","hentry"],"kubio_ai_page_context":{"short_desc":"","purpose":"general"},"_links":{"self":[{"href":"https:\/\/iberconceptos.es\/index.php?rest_route=\/wp\/v2\/pages\/96","targetHints":{"allow":["GET"]}}],"collection":[{"href":"https:\/\/iberconceptos.es\/index.php?rest_route=\/wp\/v2\/pages"}],"about":[{"href":"https:\/\/iberconceptos.es\/index.php?rest_route=\/wp\/v2\/types\/page"}],"author":[{"embeddable":true,"href":"https:\/\/iberconceptos.es\/index.php?rest_route=\/wp\/v2\/users\/1"}],"replies":[{"embeddable":true,"href":"https:\/\/iberconceptos.es\/index.php?rest_route=%2Fwp%2Fv2%2Fcomments&post=96"}],"version-history":[{"count":1,"href":"https:\/\/iberconceptos.es\/index.php?rest_route=\/wp\/v2\/pages\/96\/revisions"}],"predecessor-version":[{"id":97,"href":"https:\/\/iberconceptos.es\/index.php?rest_route=\/wp\/v2\/pages\/96\/revisions\/97"}],"wp:attachment":[{"href":"https:\/\/iberconceptos.es\/index.php?rest_route=%2Fwp%2Fv2%2Fmedia&parent=96"}],"curies":[{"name":"wp","href":"https:\/\/api.w.org\/{rel}","templated":true}]}}