{"id":80,"date":"2023-06-28T22:24:43","date_gmt":"2023-06-28T22:24:43","guid":{"rendered":"https:\/\/iberconceptos.es\/?page_id=80"},"modified":"2024-12-03T20:49:19","modified_gmt":"2024-12-03T20:49:19","slug":"grupo-conceptos-economicos","status":"publish","type":"page","link":"https:\/\/iberconceptos.es\/?page_id=80","title":{"rendered":"Grupo Conceptos Econ\u00f3micos"},"content":{"rendered":"\n<p><strong>A. COORDINACI\u00d3N E INFORMACI\u00d3N DE CONTACTO<\/strong><\/p>\n\n\n\n<p><strong>Coordinadores:<\/strong> Alberto Tena Camporesi (DEM, CIDE) y Daniel Medel Barrag\u00e1n (CEH, COLMEX)<\/p>\n\n\n\n<p><strong>Email:<\/strong> <a href=\"mailto:alberto.tenac@gmail.com\">alberto.tenac@gmail.com<\/a> y <a href=\"mailto:dmedel@colmex.mx\">dmedel@colmex.mx<\/a><\/p>\n\n\n\n<p><strong>B. DESCRIPCI\u00d3N DEL GRUPO<\/strong><\/p>\n\n\n\n<p>La econom\u00eda, sus conceptos y lenguajes, marcan el ritmo de la vida contempor\u00e1nea. Lenguajes de crisis, coyunturas econ\u00f3micas, \u00edndices y met\u00e1foras del desarrollo se compaginan con el tiempo cotidiano de la deuda. Debates sobre cuidados, trabajos de doble jornada, precariedad laboral, vulnerabilidad en los sectores informales, el ingreso b\u00e1sico universal y las subjetividades econ\u00f3micas se observan como parte fundamental de la comprensi\u00f3n de la actualidad social.<\/p>\n\n\n\n<p>Desde esta constataci\u00f3n cr\u00edtica, el objetivo fundamental del nodo de trabajo <em>Conceptos econ\u00f3micos<\/em> es el de la construcci\u00f3n de una comunidad intelectual preocupada por inyectar densidad hist\u00f3rica a los problemas contempor\u00e1neos signados bajo tensiones sem\u00e1nticas de car\u00e1cter econ\u00f3mico. En conjunci\u00f3n con la historia intelectual del pensamiento econ\u00f3mico, la propuesta de Reinhart Koselleck permite abrir un campo de an\u00e1lisis consistente en la intersecci\u00f3n de temas como la historia de las pr\u00e1cticas epist\u00e9micas en la econom\u00eda (mecanismos de comparaci\u00f3n y establecimiento de causalidades econ\u00f3micas), la formaci\u00f3n de comunidades epist\u00e9micas a partir de etiquetas disciplinares como <em>historia econ\u00f3mica<\/em> o <em>historia del pensamiento econ\u00f3mico<\/em>, proyecciones de futuro en los estilos de razonamiento econ\u00f3mico, la intervenci\u00f3n intelectual de los economistas, la creaci\u00f3n de indicadores y narrativas econ\u00f3micas como intervenciones performativas en el espacio p\u00fablico, as\u00ed como la historizaci\u00f3n de las categor\u00edas de la econom\u00eda feminista y de g\u00e9nero.<\/p>\n\n\n\n<p>En conjunci\u00f3n con esta apertura del campo conceptual de la econom\u00eda y la m\u00e1xima koselleckiana que propone a los conceptos como \u00edndices y factores del cambio hist\u00f3rico, el nodo de trabajo propone el an\u00e1lisis de las sem\u00e1nticas hist\u00f3ricas de conceptos fundamentales como la oikonom\u00eda, la econom\u00eda social, el libre mercado y el dinero en relaci\u00f3n directa con su papel en los procesos hist\u00f3ricos de calado estructural en larga duraci\u00f3n: desde las revoluciones de independencia y los primeros capitalismos hasta la formaci\u00f3n del neoliberalismo.<\/p>\n\n\n\n<p>Todo esto implica rastrear distintas fuentes sobre el an\u00e1lisis conceptual de lo econ\u00f3mico que abarquen una amplia variedad de escalas temporales y espaciales. Hablamos de lecturas cercanas y distantes sobre novelas, ficciones, im\u00e1genes, formas de medialidad, impresos en la historia intelectual \u2014panfletos, sermones, libelos, pasquines, di\u00e1logos, artes, tratados\u2014, cartas comerciales entre mercaderes; as\u00ed como la lectura de teor\u00edas econ\u00f3micas, reglamentos y leyes como repositorio de los acuerdos econ\u00f3micos.<\/p>\n\n\n\n<p><strong>C. ACTIVIDADES REALIZADAS.<\/strong><\/p>\n\n\n\n<p>Conferencia Magistral: \u201cUn marco para la historia de los conceptos econ\u00f3micos desde la crisis de la dominaci\u00f3n colonial\u201d a cargo del Dr. Pablo S\u00e1nchez Le\u00f3n (Centro de Humanidades, CHAM\/Universidade Nova de Lisboa). 22 de noviembre de 2024.<\/p>\n\n\n\n<p>Sesiones de trabajo y lecturas comunes \u201cConceptos fundamentales para la sem\u00e1ntica hist\u00f3rica de la econom\u00eda: oikonom\u00eda, dinero y valor, mercado e intercambio\u201d. Semestre agosto-diciembre 2024.<\/p>\n\n\n\n<p>Presentaci\u00f3n y sesi\u00f3n de trabajo \u201cSem\u00e1nticas hist\u00f3ricas e historia intelectual de la econom\u00eda\u201d. 22 de mayo de 2024, El Colegio de M\u00e9xico.<\/p>\n\n\n\n<p><strong>D. MIEMBROS DEL GRUPO<\/strong><\/p>\n\n\n\n<p>Constanza Castro Benavides (Departamento de Historia y Geograf\u00eda. Universidad de los Andes. Bogot\u00e1)<\/p>\n\n\n\n<p><a href=\"mailto:ccastrobc@uniandes.edu.co\">ccastrobc@uniandes.edu.co<\/a><\/p>\n\n\n\n<p>Francisco Gonz\u00e1lez Granados (Centro de Pensamiento Pluralizar la Paz, Universidad Nacional)<\/p>\n\n\n\n<p><a href=\"mailto:fgonzalezg@unal.edu.co\">fgonzalezg@unal.edu.co<\/a><\/p>\n\n\n\n<p>Matias X. Gonzalez (Dipartimento di Culture, Politica e Societ\u00e0, Universit\u00e0 degli Studi di Torino)<\/p>\n\n\n\n<p><a href=\"mailto:matiasxerxes.gonzalezfield@unito.it\">matiasxerxes.gonzalezfield@unito.it<\/a><\/p>\n\n\n\n<p>Mattia Steardo (Universit\u00e0 degli Studi di Torino \/ Fondazione Luigi Einaudi)<\/p>\n\n\n\n<p><a href=\"mailto:mattia.steardo@unito.it\">mattia.steardo@unito.it<\/a><\/p>\n\n\n\n<p>Mar\u00eda Trinidad Montiel Espinosa (Universidad Pedag\u00f3gica Nacional- Unidad 131 Hidalgo)<\/p>\n\n\n\n<p><a href=\"mailto:mariatrinidadmontielespinoza@upnhidalgo.edu.mx\">mariatrinidadmontielespinoza@upnhidalgo.edu.mx<\/a><\/p>\n\n\n\n<p>Jean Paul Ruiz Mart\u00ednez (Universidad Aut\u00f3noma Metropolitana)<\/p>\n\n\n\n<p><a href=\"mailto:jeanpaulruiz@gmail.com\">jeanpaulruiz@gmail.com<\/a><\/p>\n\n\n\n<p>Erick Mancha Mart\u00ednez (Centro de Estudios Hist\u00f3ricos, El Colegio de M\u00e9xico)<\/p>\n\n\n\n<p><a href=\"mailto:emancha@colmex.mx\">emancha@colmex.mx<\/a><\/p>\n\n\n\n<p>Jaime Alberto Rodr\u00edguez (Universidad Aut\u00f3noma Metropolitana)<\/p>\n\n\n\n<p><a href=\"mailto:jarsito72@yahoo.com\">jarsito72@yahoo.com<\/a><\/p>\n\n\n\n<p>Benjam\u00edn Gaillard-Garrido (New York University \/ Centro de Pensamiento Pluralizar la Paz, Universidad Nacional de Colombia)<\/p>\n\n\n\n<p><a href=\"mailto:bg2533@nyu.edu\">bg2533@nyu.edu<\/a><\/p>\n\n\n\n<p>John Castiblanco Campos<\/p>\n\n\n\n<p><a href=\"mailto:johnsociales@gmail.com\">johnsociales@gmail.com<\/a><\/p>\n\n\n\n<p>Luc\u00eda Irma Montiel Espinosa (UPIICSA IPN)<\/p>\n\n\n\n<p>lmontiele@ipn.mx<\/p>\n\n\n\n<p>Germ\u00e1n Ra\u00fal Chaparro (Universidad Nacional de Colombia)<\/p>\n\n\n\n<p><a href=\"mailto:rchaparrog@unal.edu.co\">rchaparrog@unal.edu.co<\/a><\/p>\n\n\n\n<p>Facundo C. Rocca (LICH, Universidad Nacional de San Mart\u00edn)<\/p>\n\n\n\n<p><a href=\"mailto:frocca@unsam.edu.ar\">frocca@unsam.edu.ar<\/a><\/p>\n\n\n\n<p>Aldo Franco Block (Universidad de Valencia)<\/p>\n\n\n\n<p><a href=\"mailto:aldofrancoblock@gmail.com\">aldofrancoblock@gmail.com<\/a><br><br><\/p>\n\n\n\n<p>Adri\u00e1n Mart\u00ednez (Centro de Investigaci\u00f3n y Docencia Econ\u00f3micas)<\/p>\n\n\n\n<p><a href=\"mailto:adrian.martinez@cide.edu\">adrian.martinez@cide.edu<\/a><\/p>\n\n\n\n<p>Gabriela Adrianzen (Universit\u00e9 Lyon, II)<\/p>\n\n\n\n<p><a href=\"mailto:g.adrianzengb@gmail.com\">g.adrianzengb@gmail.com<\/a><\/p>\n\n\n\n<p>Juli\u00e1n G\u00f3mez-Delgado (New School of Social Research)<\/p>\n\n\n\n<p><a href=\"mailto:gomej372@newschool.edu\">gomej372@newschool.edu<\/a><\/p>\n\n\n\n<p>Juan Odisio (Universidad Nacional Aut\u00f3noma de M\u00e9xico)<\/p>\n\n\n\n<p><a href=\"mailto:odisio@gmail.com\">odisio@gmail.com<\/a><\/p>\n\n\n\n<p>Alejandro Aguilar Nava (El Colegio de M\u00e9xico)<\/p>\n\n\n\n<p><a href=\"mailto:alejandro.aguilar@colmex.mx\">alejandro.aguilar@colmex.mx<\/a><\/p>\n\n\n\n<p>Nicole Sol\u00eds Oberg (El Colegio de M\u00e9xico)<\/p>\n\n\n\n<p><a href=\"mailto:nsolis@colmex.mx\">nsolis@colmex.mx<\/a><\/p>\n\n\n\n<p>Germ\u00e1n Vargas Maga\u00f1a (Universidad Nacional de San Mart\u00edn)<\/p>\n\n\n\n<p><a href=\"mailto:sagmol@hotmail.com\">sagmol@hotmail.com<\/a><\/p>\n\n\n\n<p>Ernesto Ch\u00e1vez (Centro de Investigaci\u00f3n y Docencia Econ\u00f3micas)<\/p>\n\n\n\n<p><a href=\"mailto:ernesto.chavez@alumnos.cide.edu\">ernesto.chavez@alumnos.cide.edu<\/a><\/p>\n\n\n\n<p>Francisco Gonz\u00e1lez (Universidad Nacional de Colombia)<\/p>\n\n\n\n<p><a href=\"mailto:fgonzalezg@unal.edu.co\">fgonzalezg@unal.edu.co<\/a><\/p>\n\n\n\n<p>John Castiblanco<\/p>\n\n\n\n<p><a href=\"mailto:johnsociales@gmail.com\">johnsociales@gmail.com<\/a><\/p>\n\n\n\n<p>Francesco Callegaro (Laboratoire Interdisciplinaire d\u2019\u00e9tudes sur les r\u00e9flexivit\u00e9s-Fonds Yan Thomas\/\u00cbcole d\u00e9s Hautes \u00c9tudes en Sciences Sociales\/Universidad Nacional de San Mart\u00edn)<\/p>\n\n\n\n<p><a href=\"mailto:fra.callegaro@gmail.com\">fra.callegaro@gmail.com<\/a><\/p>\n\n\n\n<p>Gabriel Mart\u00ednez Carmona (Facultad de Ciencias Pol\u00edticas y Sociales-UNAM)<\/p>\n\n\n\n<p><a href=\"mailto:gabrielmarca@politicas.unam.mx\">gabrielmarca@politicas.unam.mx<\/a><\/p>\n\n\n\n<p>Jean Paul De Angelo Ruiz Mart\u00ednez (Universidad Aut\u00f3noma Metropolitana)<\/p>\n\n\n\n<p><a href=\"mailto:jaruizm@unal.edu.co\">jaruizm@unal.edu.co<\/a><\/p>\n\n\n\n<p>Jes\u00fas M\u00e9ndez Reyes (Universidad Aut\u00f3noma de Baja California)<\/p>\n\n\n\n<p><a href=\"mailto:jmreyes@uabc.edu.mx\">jmreyes@uabc.edu.mx<\/a><\/p>\n\n\n\n<p>Joan Manuel Largo Vargas (Universidad Eafit)<\/p>\n\n\n\n<p><a href=\"mailto:jlargov@eafit.edu.co\">jlargov@eafit.edu.co<\/a><\/p>\n\n\n\n<p>Miguel \u00c1ngel Salamanca (Universidad Nacional de Colombia)<\/p>\n\n\n\n<p><a href=\"mailto:masalamancam@unal.edu.co\">masalamancam@unal.edu.co<\/a><\/p>\n\n\n\n<p>Monika Meireles (Instituto de Investigaciones Econ\u00f3micas-UNAM)<\/p>\n\n\n\n<p><a href=\"mailto:momeireles@hotmail.com\">momeireles@hotmail.com<\/a><\/p>\n\n\n\n<p>Sergio Infante (Yale University)<\/p>\n\n\n\n<p><a href=\"mailto:sergio.infante@yale.edu\">sergio.infante@yale.edu<\/a><\/p>\n\n\n\n<p>Sol Zamora<\/p>\n\n\n\n<p><a href=\"mailto:infinitospajarosazules@gmail.com\">infinitospajarosazules@gmail.com<\/a><\/p>\n","protected":false},"excerpt":{"rendered":"<p>A. COORDINACI\u00d3N E INFORMACI\u00d3N DE CONTACTO Coordinadores: Alberto Tena Camporesi (DEM, CIDE) y Daniel Medel Barrag\u00e1n (CEH, COLMEX) Email: alberto.tenac@gmail.com y dmedel@colmex.mx B. DESCRIPCI\u00d3N DEL GRUPO La econom\u00eda, sus conceptos y lenguajes, marcan el ritmo de la vida contempor\u00e1nea. Lenguajes de crisis, coyunturas econ\u00f3micas, \u00edndices&nbsp;<a class=\"read-more\" href=\"https:\/\/iberconceptos.es\/?page_id=80\">&hellip;<\/a><\/p>\n","protected":false},"author":1,"featured_media":0,"parent":0,"menu_order":0,"comment_status":"closed","ping_status":"closed","template":"","meta":{"saved_in_kubio":false,"footnotes":""},"class_list":["post-80","page","type-page","status-publish","hentry"],"kubio_ai_page_context":{"short_desc":"","purpose":"general"},"_links":{"self":[{"href":"https:\/\/iberconceptos.es\/index.php?rest_route=\/wp\/v2\/pages\/80","targetHints":{"allow":["GET"]}}],"collection":[{"href":"https:\/\/iberconceptos.es\/index.php?rest_route=\/wp\/v2\/pages"}],"about":[{"href":"https:\/\/iberconceptos.es\/index.php?rest_route=\/wp\/v2\/types\/page"}],"author":[{"embeddable":true,"href":"https:\/\/iberconceptos.es\/index.php?rest_route=\/wp\/v2\/users\/1"}],"replies":[{"embeddable":true,"href":"https:\/\/iberconceptos.es\/index.php?rest_route=%2Fwp%2Fv2%2Fcomments&post=80"}],"version-history":[{"count":3,"href":"https:\/\/iberconceptos.es\/index.php?rest_route=\/wp\/v2\/pages\/80\/revisions"}],"predecessor-version":[{"id":428,"href":"https:\/\/iberconceptos.es\/index.php?rest_route=\/wp\/v2\/pages\/80\/revisions\/428"}],"wp:attachment":[{"href":"https:\/\/iberconceptos.es\/index.php?rest_route=%2Fwp%2Fv2%2Fmedia&parent=80"}],"curies":[{"name":"wp","href":"https:\/\/api.w.org\/{rel}","templated":true}]}}