{"id":66,"date":"2023-06-28T22:07:47","date_gmt":"2023-06-28T22:07:47","guid":{"rendered":"https:\/\/iberconceptos.es\/?page_id=66"},"modified":"2026-03-12T00:28:12","modified_gmt":"2026-03-12T00:28:12","slug":"presentacion","status":"publish","type":"page","link":"https:\/\/iberconceptos.es\/","title":{"rendered":"PRESENTACI\u00d3N IBERCONCEPTOS"},"content":{"rendered":"\n<p>La <strong>Red Iberoamericana de Historia Conceptual<\/strong>, m\u00e1s conocida como <strong>IBERCONCEPTOS<\/strong>, tiene como principal objetivo estudiar desde una perspectiva comparada y transnacional algunos de los m\u00e1s importantes conceptos, lenguajes, im\u00e1genes y met\u00e1foras pol\u00edticas que circularon en el mundo iberoamericano a lo largo de los \u00faltimos siglos.<\/p>\n\n\n\n<p>La red IBERCONCEPTOS est\u00e1 integrada por numerosos investigadores pertenecientes a universidades de la mayor\u00eda de los pa\u00edses de la regi\u00f3n. La red comenz\u00f3 a tejerse en 2004 y&nbsp;nuestro inter\u00e9s se concentr\u00f3 esencialmente en los vocabularios de la pol\u00edtica del periodo de transici\u00f3n a la contemporaneidad. Las publicaciones m\u00e1s importantes de aquella primera fase \u2013entre las que destacan los dos tomos del Diccionario pol\u00edtico y social del mundo iberoamericano (DPSMI I y II)\u2013 ofrecieron un an\u00e1lisis hist\u00f3rico de la transformaci\u00f3n de una veintena de conceptos fundamentales durante las revoluciones liberales y de independencia.<\/p>\n\n\n\n<p>En los \u00faltimos a\u00f1os la red se ha configurado y consolidado en varios grupos aut\u00f3nomos que trabajan coordinadamente. Cada grupo desarrolla sus propias investigaciones, seminarios y publicaciones sobre un \u00e1rea sem\u00e1ntica espec\u00edfica y un arco cronol\u00f3gico m\u00e1s amplio (pueden verse los objetivos, las l\u00edneas de trabajo, las actividades, los integrantes y los coordinadores de cada grupo, en esta misma web), si bien el marco general sigue siendo com\u00fan y compartido: el mundo iberoamericano moderno en el contexto de una historia atl\u00e1ntica que es, a su vez, parte de una historia global.<\/p>\n\n\n\n<p>Del seno de la red han surgido igualmente dos iniciativas que complementan y fortalecen las actividades del equipo de investigadores: la <em>Revista Ariadna Hist\u00f3rica. Lenguajes, conceptos, met\u00e1foras <\/em>y la Escuela de Verano CONCEPTA Iberoam\u00e9rica. Los invitamos a que consulten nuestra p\u00e1gina y sigan nuestros eventos.<\/p>\n\n\n\n<hr class=\"wp-block-separator has-text-color has-cyan-bluish-gray-color has-alpha-channel-opacity has-cyan-bluish-gray-background-color has-background is-style-wide\"\/>\n\n\n\n<h2 class=\"wp-block-heading has-text-align-center has-white-color has-cyan-bluish-gray-background-color has-text-color has-background\">EVENTOS RECIENTEs<\/h2>\n\n\n\n\n\n\n\n\n\n\n\n\n\n\n\n\n\n\n\n\n\n\n\n\n\n\n\n\n\n\n\n\n\n\n\n\n\n<p>Consulta el programa:<\/p>\n\n\n\n\n\n\n\n\n\n\n\n\n\n\n<div class=\"wp-block-image\">\n<figure class=\"aligncenter size-large is-resized\"><img loading=\"lazy\" decoding=\"async\" width=\"1024\" height=\"576\" src=\"http:\/\/iberconceptos.es\/wp-content\/uploads\/2025\/02\/JFS_foto-de-grupo_AHA_NYC_5-1-25-3-1024x576.jpg\" alt=\"\" class=\"wp-image-453\" style=\"width:536px;height:auto\" srcset=\"https:\/\/iberconceptos.es\/wp-content\/uploads\/2025\/02\/JFS_foto-de-grupo_AHA_NYC_5-1-25-3-1024x576.jpg 1024w, https:\/\/iberconceptos.es\/wp-content\/uploads\/2025\/02\/JFS_foto-de-grupo_AHA_NYC_5-1-25-3-300x169.jpg 300w, https:\/\/iberconceptos.es\/wp-content\/uploads\/2025\/02\/JFS_foto-de-grupo_AHA_NYC_5-1-25-3-768x432.jpg 768w, https:\/\/iberconceptos.es\/wp-content\/uploads\/2025\/02\/JFS_foto-de-grupo_AHA_NYC_5-1-25-3-1536x864.jpg 1536w, https:\/\/iberconceptos.es\/wp-content\/uploads\/2025\/02\/JFS_foto-de-grupo_AHA_NYC_5-1-25-3-2048x1153.jpg 2048w\" sizes=\"(max-width: 1024px) 100vw, 1024px\" \/><figcaption class=\"wp-element-caption\">\u201c<strong>Concepts, Metaphors, and Time in Ibero-Atlantic History: Javier Fern\u00e1ndez Sebasti\u00e1n and the Iberconceptos Research Network<\/strong>\u201d<br><br>Homenaje a la obra de Javier Fern\u00e1ndez Sebasti\u00e1n, en el marco de la reuni\u00f3n anual de la AHA (American Historical Association) el pasado 5 de enero del 2025 en Nueva York. Adem\u00e1s del Homenajeado, el panel cont\u00f3 con la participaci\u00f3n de Gabriel Paquette (Universidad de Maine), Marcos Reguera (UPV\/EHU), Noem\u00ed Goldman (UBA-CONICET), Francisco Ortega (Universidad Nacional de Colombia) y Martin Burke (CUNY).<br><br><\/figcaption><\/figure><\/div>\n\n\n<div class=\"wp-block-media-text is-stacked-on-mobile is-vertically-aligned-top\"><figure class=\"wp-block-media-text__media\"><img loading=\"lazy\" decoding=\"async\" width=\"1024\" height=\"576\" src=\"https:\/\/iberconceptos.es\/wp-content\/uploads\/2024\/12\/BANNER_THE-HISTORY-OF-CONCEPTS-25TH-CONF-1-1024x576.png\" alt=\"\" class=\"wp-image-435 size-full\" srcset=\"https:\/\/iberconceptos.es\/wp-content\/uploads\/2024\/12\/BANNER_THE-HISTORY-OF-CONCEPTS-25TH-CONF-1-1024x576.png 1024w, https:\/\/iberconceptos.es\/wp-content\/uploads\/2024\/12\/BANNER_THE-HISTORY-OF-CONCEPTS-25TH-CONF-1-300x169.png 300w, https:\/\/iberconceptos.es\/wp-content\/uploads\/2024\/12\/BANNER_THE-HISTORY-OF-CONCEPTS-25TH-CONF-1-768x432.png 768w, https:\/\/iberconceptos.es\/wp-content\/uploads\/2024\/12\/BANNER_THE-HISTORY-OF-CONCEPTS-25TH-CONF-1-1536x864.png 1536w, https:\/\/iberconceptos.es\/wp-content\/uploads\/2024\/12\/BANNER_THE-HISTORY-OF-CONCEPTS-25TH-CONF-1-2048x1152.png 2048w\" sizes=\"(max-width: 1024px) 100vw, 1024px\" \/><\/figure><div class=\"wp-block-media-text__content\">\n<p>25\u00ba Congreso Internacional del History of Concepts Group, titulado&nbsp;<strong>\u00abPolitical Ideologies: Tracing the History of Concepts and Languages in a Global Context\u00bb<\/strong>. R\u00edo de Janeiro del 5 al 7 de diciembre de 2024.<\/p>\n\n\n\n\n\n\n\n\n<\/div><\/div>\n\n\n\n<p><\/p>\n\n\n\n<p><\/p>\n\n\n\n<div class=\"wp-block-columns is-layout-flex wp-container-core-columns-is-layout-1 wp-block-columns-is-layout-flex\">\n<div class=\"wp-block-column is-layout-flow wp-block-column-is-layout-flow\">\n\n\n\n\n\n\n<figure class=\"wp-block-image size-full\"><img loading=\"lazy\" decoding=\"async\" width=\"480\" height=\"680\" src=\"https:\/\/iberconceptos.es\/wp-content\/uploads\/2024\/04\/Captura-de-Pantalla-2024-04-21-a-las-20.38.57.png\" alt=\"\" class=\"wp-image-364\" srcset=\"https:\/\/iberconceptos.es\/wp-content\/uploads\/2024\/04\/Captura-de-Pantalla-2024-04-21-a-las-20.38.57.png 480w, https:\/\/iberconceptos.es\/wp-content\/uploads\/2024\/04\/Captura-de-Pantalla-2024-04-21-a-las-20.38.57-212x300.png 212w\" sizes=\"(max-width: 480px) 100vw, 480px\" \/><figcaption class=\"wp-element-caption\">Discusi\u00f3n en torno al libro: \u00abEl lenguaje de la secularizaci\u00f3n en Am\u00e9rica Latina: Contribuciones para un l\u00e9xico\u00bb. Comentaristas: Javier Fern\u00e1ndez Sebasti\u00e1n (UPV) y Sol Serrano (PUC Chile). Viernes 24 de mayo de 2024 (M\u00e9xico). Grupo Religi\u00f3n y Pol\u00edtica. Emisi\u00f3n en l\u00ednea, solicitud de enlace: rypiberconceptos@gmail.com. <\/figcaption><\/figure>\n<\/div>\n\n\n\n<div class=\"wp-block-column is-layout-flow wp-block-column-is-layout-flow\">\n<figure class=\"wp-block-image size-large\"><a href=\"https:\/\/iberconceptos.es\/wp-content\/uploads\/2023\/12\/Captura-de-Pantalla-2023-12-20-a-las-11.23.59.png\"><img loading=\"lazy\" decoding=\"async\" width=\"720\" height=\"1024\" src=\"https:\/\/iberconceptos.es\/wp-content\/uploads\/2023\/12\/Captura-de-Pantalla-2023-12-20-a-las-11.23.59-720x1024.png\" alt=\"\" class=\"wp-image-345\" srcset=\"https:\/\/iberconceptos.es\/wp-content\/uploads\/2023\/12\/Captura-de-Pantalla-2023-12-20-a-las-11.23.59-720x1024.png 720w, https:\/\/iberconceptos.es\/wp-content\/uploads\/2023\/12\/Captura-de-Pantalla-2023-12-20-a-las-11.23.59-211x300.png 211w, https:\/\/iberconceptos.es\/wp-content\/uploads\/2023\/12\/Captura-de-Pantalla-2023-12-20-a-las-11.23.59-768x1092.png 768w, https:\/\/iberconceptos.es\/wp-content\/uploads\/2023\/12\/Captura-de-Pantalla-2023-12-20-a-las-11.23.59.png 928w\" sizes=\"(max-width: 720px) 100vw, 720px\" \/><\/a><figcaption class=\"wp-element-caption\">Seminario de facultad \u00abLos conceptos de neutralidad y laicidad en el Estado constitucional\u00bb. Jueves 8 de febrero de 2024.<\/figcaption><\/figure>\n<\/div>\n\n\n\n<div class=\"wp-block-column is-layout-flow wp-block-column-is-layout-flow\">\n<figure class=\"wp-block-image size-full\"><img loading=\"lazy\" decoding=\"async\" width=\"464\" height=\"656\" src=\"https:\/\/iberconceptos.es\/wp-content\/uploads\/2024\/04\/Captura-de-Pantalla-2024-04-21-a-las-20.34.10.png\" alt=\"\" class=\"wp-image-363\" srcset=\"https:\/\/iberconceptos.es\/wp-content\/uploads\/2024\/04\/Captura-de-Pantalla-2024-04-21-a-las-20.34.10.png 464w, https:\/\/iberconceptos.es\/wp-content\/uploads\/2024\/04\/Captura-de-Pantalla-2024-04-21-a-las-20.34.10-212x300.png 212w\" sizes=\"(max-width: 464px) 100vw, 464px\" \/><figcaption class=\"wp-element-caption\">Seminario Internacional \u00abTiempos de la Historia, tiempos de la Justicia\u00bb. Jueves 18 de abril de 2024. Bizkaia Aretoa, Bilbao.<\/figcaption><\/figure>\n<\/div>\n<\/div>\n\n\n\n<div class=\"wp-block-columns is-layout-flex wp-container-core-columns-is-layout-2 wp-block-columns-is-layout-flex\">\n<div class=\"wp-block-column is-layout-flow wp-block-column-is-layout-flow\">\n<figure class=\"wp-block-image size-large\"><a href=\"https:\/\/iberconceptos.es\/wp-content\/uploads\/2023\/12\/Captura-de-Pantalla-2023-12-20-a-las-11.19.44.png\"><img loading=\"lazy\" decoding=\"async\" width=\"720\" height=\"1024\" src=\"https:\/\/iberconceptos.es\/wp-content\/uploads\/2023\/12\/Captura-de-Pantalla-2023-12-20-a-las-11.19.44-720x1024.png\" alt=\"\" class=\"wp-image-344\" srcset=\"https:\/\/iberconceptos.es\/wp-content\/uploads\/2023\/12\/Captura-de-Pantalla-2023-12-20-a-las-11.19.44-720x1024.png 720w, https:\/\/iberconceptos.es\/wp-content\/uploads\/2023\/12\/Captura-de-Pantalla-2023-12-20-a-las-11.19.44-211x300.png 211w, https:\/\/iberconceptos.es\/wp-content\/uploads\/2023\/12\/Captura-de-Pantalla-2023-12-20-a-las-11.19.44-768x1092.png 768w, https:\/\/iberconceptos.es\/wp-content\/uploads\/2023\/12\/Captura-de-Pantalla-2023-12-20-a-las-11.19.44.png 928w\" sizes=\"(max-width: 720px) 100vw, 720px\" \/><\/a><figcaption class=\"wp-element-caption\">Seminario de facultad \u00abCambios hist\u00f3ricos e historiograf\u00eda\u00bb. Jueves 25 de enero de 2024.<\/figcaption><\/figure>\n<\/div>\n\n\n\n<div class=\"wp-block-column is-layout-flow wp-block-column-is-layout-flow\">\n<figure class=\"wp-block-image size-large\"><a href=\"https:\/\/iberconceptos.es\/wp-content\/uploads\/2023\/12\/Captura-de-Pantalla-2023-12-20-a-las-11.13.13.png\"><img loading=\"lazy\" decoding=\"async\" width=\"720\" height=\"1024\" src=\"https:\/\/iberconceptos.es\/wp-content\/uploads\/2023\/12\/Captura-de-Pantalla-2023-12-20-a-las-11.13.13-720x1024.png\" alt=\"\" class=\"wp-image-343\" srcset=\"https:\/\/iberconceptos.es\/wp-content\/uploads\/2023\/12\/Captura-de-Pantalla-2023-12-20-a-las-11.13.13-720x1024.png 720w, https:\/\/iberconceptos.es\/wp-content\/uploads\/2023\/12\/Captura-de-Pantalla-2023-12-20-a-las-11.13.13-211x300.png 211w, https:\/\/iberconceptos.es\/wp-content\/uploads\/2023\/12\/Captura-de-Pantalla-2023-12-20-a-las-11.13.13-768x1092.png 768w, https:\/\/iberconceptos.es\/wp-content\/uploads\/2023\/12\/Captura-de-Pantalla-2023-12-20-a-las-11.13.13.png 928w\" sizes=\"(max-width: 720px) 100vw, 720px\" \/><\/a><figcaption class=\"wp-element-caption\">Seminario de facultad \u00abDesafios de la inteligencia artificial y de las plataformas digitales\u00bb. Jueves 18 de enero de 2024. <\/figcaption><\/figure>\n<\/div>\n\n\n\n<div class=\"wp-block-column is-layout-flow wp-block-column-is-layout-flow\">\n<figure class=\"wp-block-image size-full\"><img loading=\"lazy\" decoding=\"async\" width=\"648\" height=\"914\" src=\"https:\/\/iberconceptos.es\/wp-content\/uploads\/2023\/11\/Captura-de-Pantalla-2023-11-16-a-las-13.24.10.png\" alt=\"\" class=\"wp-image-335\" srcset=\"https:\/\/iberconceptos.es\/wp-content\/uploads\/2023\/11\/Captura-de-Pantalla-2023-11-16-a-las-13.24.10.png 648w, https:\/\/iberconceptos.es\/wp-content\/uploads\/2023\/11\/Captura-de-Pantalla-2023-11-16-a-las-13.24.10-213x300.png 213w\" sizes=\"(max-width: 648px) 100vw, 648px\" \/><figcaption class=\"wp-element-caption\"><a href=\"https:\/\/www.villavigoni.eu\/event\/crisi-sovranita-europa\/\" data-type=\"URL\" data-id=\"https:\/\/www.villavigoni.eu\/event\/crisi-sovranita-europa\/\">Congreso \u00abCrisis de soberan\u00eda europea\u00bb en el que participa el profesor Javier Fern\u00e1ndez Sebasti\u00e1n en Bolonia los d\u00edas 20-22 de noviembre de 2023.<\/a><\/figcaption><\/figure>\n<\/div>\n<\/div>\n\n\n\n<div class=\"wp-block-columns is-layout-flex wp-container-core-columns-is-layout-3 wp-block-columns-is-layout-flex\">\n<div class=\"wp-block-column is-layout-flow wp-block-column-is-layout-flow\">\n<figure class=\"wp-block-image size-large\"><a href=\"https:\/\/www.cepc.gob.es\/sites\/default\/files\/2023-07\/20230928HomenajeJavierFernandezSebastian_.jpg\" target=\"_blank\" rel=\"noreferrer noopener\"><img loading=\"lazy\" decoding=\"async\" width=\"1024\" height=\"734\" src=\"https:\/\/iberconceptos.es\/wp-content\/uploads\/2023\/10\/Captura-de-Pantalla-2023-10-17-a-las-12.59.54-1024x734.png\" alt=\"\" class=\"wp-image-324\" srcset=\"https:\/\/iberconceptos.es\/wp-content\/uploads\/2023\/10\/Captura-de-Pantalla-2023-10-17-a-las-12.59.54-1024x734.png 1024w, https:\/\/iberconceptos.es\/wp-content\/uploads\/2023\/10\/Captura-de-Pantalla-2023-10-17-a-las-12.59.54-300x215.png 300w, https:\/\/iberconceptos.es\/wp-content\/uploads\/2023\/10\/Captura-de-Pantalla-2023-10-17-a-las-12.59.54-768x550.png 768w, https:\/\/iberconceptos.es\/wp-content\/uploads\/2023\/10\/Captura-de-Pantalla-2023-10-17-a-las-12.59.54-1536x1101.png 1536w, https:\/\/iberconceptos.es\/wp-content\/uploads\/2023\/10\/Captura-de-Pantalla-2023-10-17-a-las-12.59.54-2048x1467.png 2048w\" sizes=\"(max-width: 1024px) 100vw, 1024px\" \/><\/a><\/figure>\n\n\n\n<figure class=\"wp-block-image size-large\"><img loading=\"lazy\" decoding=\"async\" width=\"1024\" height=\"652\" src=\"https:\/\/iberconceptos.es\/wp-content\/uploads\/2023\/10\/Captura-de-Pantalla-2023-10-17-a-las-12.52.22-1024x652.png\" alt=\"\" class=\"wp-image-323\" srcset=\"https:\/\/iberconceptos.es\/wp-content\/uploads\/2023\/10\/Captura-de-Pantalla-2023-10-17-a-las-12.52.22-1024x652.png 1024w, https:\/\/iberconceptos.es\/wp-content\/uploads\/2023\/10\/Captura-de-Pantalla-2023-10-17-a-las-12.52.22-300x191.png 300w, https:\/\/iberconceptos.es\/wp-content\/uploads\/2023\/10\/Captura-de-Pantalla-2023-10-17-a-las-12.52.22-768x489.png 768w, https:\/\/iberconceptos.es\/wp-content\/uploads\/2023\/10\/Captura-de-Pantalla-2023-10-17-a-las-12.52.22-1536x978.png 1536w, https:\/\/iberconceptos.es\/wp-content\/uploads\/2023\/10\/Captura-de-Pantalla-2023-10-17-a-las-12.52.22-2048x1303.png 2048w\" sizes=\"(max-width: 1024px) 100vw, 1024px\" \/><\/figure>\n\n\n\n<p class=\"has-text-align-left\"><a href=\"https:\/\/media.watchity.com\/cepc\/videos\/20230928_Video.mp4\" data-type=\"URL\" data-id=\"https:\/\/media.watchity.com\/cepc\/videos\/20230928_Video.mp4\" target=\"_blank\" rel=\"noreferrer noopener\">Acto de homenaje al profesor Javier Fern\u00e1ndez Sebasti\u00e1n en el Centro de Estudios Pol\u00edticos y Constitucionales el 28 de septiembre de 2023.<\/a><\/p>\n\n\n\n<p class=\"has-text-align-left\">Donde imparti\u00f3 la lecci\u00f3n magistral \u00abLos tiempos ausentes de la historia\u00bb<\/p>\n<\/div>\n\n\n\n<div class=\"wp-block-column is-layout-flow wp-block-column-is-layout-flow\">\n<figure class=\"wp-block-image size-large\"><img loading=\"lazy\" decoding=\"async\" width=\"724\" height=\"1024\" src=\"https:\/\/iberconceptos.es\/wp-content\/uploads\/2023\/10\/Captura-de-Pantalla-2023-10-17-a-las-11.12.19-724x1024.png\" alt=\"\" class=\"wp-image-322\" srcset=\"https:\/\/iberconceptos.es\/wp-content\/uploads\/2023\/10\/Captura-de-Pantalla-2023-10-17-a-las-11.12.19-724x1024.png 724w, https:\/\/iberconceptos.es\/wp-content\/uploads\/2023\/10\/Captura-de-Pantalla-2023-10-17-a-las-11.12.19-212x300.png 212w, https:\/\/iberconceptos.es\/wp-content\/uploads\/2023\/10\/Captura-de-Pantalla-2023-10-17-a-las-11.12.19-768x1086.png 768w, https:\/\/iberconceptos.es\/wp-content\/uploads\/2023\/10\/Captura-de-Pantalla-2023-10-17-a-las-11.12.19.png 1018w\" sizes=\"(max-width: 724px) 100vw, 724px\" \/><\/figure>\n\n\n\n<p><a href=\"https:\/\/iberconceptos.es\/wp-content\/uploads\/2023\/10\/Araucaria-1.pdf\" data-type=\"URL\" data-id=\"https:\/\/iberconceptos.es\/wp-content\/uploads\/2023\/10\/Araucaria-1.pdf\" target=\"_blank\" rel=\"noreferrer noopener\">Presentaci\u00f3n del n\u00famero monogr\u00e1fico de la revista Araucaria \u00abEl futuro de la Uni\u00f3n Europea\u00bb<\/a><\/p>\n\n\n\n<p>Con las intervenciones del profesor Javier Tajadura, No\u00e9 Cornago, Jos\u00e9 Manuel Le\u00f3n y Antonio Hermosa.<\/p>\n<\/div>\n\n\n\n<div class=\"wp-block-column is-layout-flow wp-block-column-is-layout-flow\">\n<figure class=\"wp-block-image size-large\"><img loading=\"lazy\" decoding=\"async\" width=\"724\" height=\"1024\" src=\"https:\/\/iberconceptos.es\/wp-content\/uploads\/2023\/10\/Captura-de-Pantalla-2023-10-17-a-las-11.12.56-2-724x1024.png\" alt=\"\" class=\"wp-image-321\" srcset=\"https:\/\/iberconceptos.es\/wp-content\/uploads\/2023\/10\/Captura-de-Pantalla-2023-10-17-a-las-11.12.56-2-724x1024.png 724w, https:\/\/iberconceptos.es\/wp-content\/uploads\/2023\/10\/Captura-de-Pantalla-2023-10-17-a-las-11.12.56-2-212x300.png 212w, https:\/\/iberconceptos.es\/wp-content\/uploads\/2023\/10\/Captura-de-Pantalla-2023-10-17-a-las-11.12.56-2-768x1086.png 768w, https:\/\/iberconceptos.es\/wp-content\/uploads\/2023\/10\/Captura-de-Pantalla-2023-10-17-a-las-11.12.56-2.png 1018w\" sizes=\"(max-width: 724px) 100vw, 724px\" \/><\/figure>\n\n\n\n<p><a href=\"https:\/\/iberconceptos.es\/wp-content\/uploads\/2023\/10\/Francine-legelski-5.pdf\" data-type=\"URL\" data-id=\"https:\/\/iberconceptos.es\/wp-content\/uploads\/2023\/10\/Francine-legelski-5.pdf\" target=\"_blank\" rel=\"noreferrer noopener\">Seminario del grupo de investigaci\u00f3n de historia intelectual de la pol\u00edtica moderna. D\u00eda jueves 5 de octubre de 2023.<\/a><\/p>\n\n\n\n<p>Ponencia de la profesora Francine Legelski titulada \u00abSem\u00e1ntica de los tempos hist\u00f3ricos en Koselleck y en Hartog: di\u00e1logos entre la antropolog\u00eda filos\u00f3fica y la estructural\u00bb<\/p>\n<\/div>\n<\/div>\n\n\n<ul class=\"wp-block-latest-posts__list is-grid columns-3 wp-block-latest-posts style--widget-box style-local--widget-box wp-block-kubio-core-latest-posts__widget-box\"><li><div class=\"wp-block-latest-posts__featured-image\"><img loading=\"lazy\" decoding=\"async\" width=\"150\" height=\"150\" src=\"https:\/\/iberconceptos.es\/wp-content\/uploads\/2023\/07\/Captura-de-pantalla-2023-07-04-131409-150x150.png\" class=\"attachment-thumbnail size-thumbnail wp-post-image\" alt=\"\" style=\"\" \/><\/div><a class=\"wp-block-latest-posts__post-title\" href=\"https:\/\/iberconceptos.es\/?p=256\">SEMINARIO REPUBLICANISMO, HISTORIOGRAF\u00cdA Y MET\u00c1FORAS<\/a><div class=\"wp-block-latest-posts__post-excerpt\">T\u00edtulo del seminario:\u00a0Republicanismo, Historiograf\u00eda y Met\u00e1forasPonentes:\u00a0Susana Gazmuri, Lara Campos, Marcos Fern\u00e1ndez Labb\u00e9 y Rodrigo Henr\u00edquezOrganizaci\u00f3n:\u00a0Grupo de Historia Intelectual de la Pol\u00edtica ModernaLugar:\u00a0Campus de Leioa, Fac. Ciencias Sociales, Seminario HFecha:\u00a027\/01\/2023<\/div><\/li>\n<li><div class=\"wp-block-latest-posts__featured-image\"><img loading=\"lazy\" decoding=\"async\" width=\"150\" height=\"150\" src=\"https:\/\/iberconceptos.es\/wp-content\/uploads\/2023\/07\/Captura-de-Pantalla-2023-07-04-a-las-12.52.31-150x150.png\" class=\"attachment-thumbnail size-thumbnail wp-post-image\" alt=\"\" style=\"\" \/><\/div><a class=\"wp-block-latest-posts__post-title\" href=\"https:\/\/iberconceptos.es\/?p=251\">Presentaci\u00f3n \u201cHistoria conceptual del Atl\u00e1ntico ib\u00e9rico\u201d en Casa de Am\u00e9rica, Madrid, 9 de mayo de 2022, 19:00 (hora de Espa\u00f1a)<\/a><div class=\"wp-block-latest-posts__post-excerpt\">El pr\u00f3ximo lunes 9 de mayo a las 19 h. se presenta en Madrid el libro de Javier Fern\u00e1ndez Sebasti\u00e1n \u201cHistoria conceptual en el Atl\u00e1ntico ib\u00e9rico. Lenguajes tiempos, revoluciones\u201d&nbsp;(FCE). El acto tendr\u00e1 lugar en la Sala Miguel de Cervantes de la Casa de Am\u00e9rica (Plaza&nbsp;<a class=\"read-more\" href=\"https:\/\/iberconceptos.es\/?p=251\">&hellip;<\/a><\/div><\/li>\n<li><div class=\"wp-block-latest-posts__featured-image\"><img loading=\"lazy\" decoding=\"async\" width=\"150\" height=\"150\" src=\"https:\/\/iberconceptos.es\/wp-content\/uploads\/2023\/07\/Captura-de-Pantalla-2023-07-04-a-las-12.27.33-150x150.png\" class=\"attachment-thumbnail size-thumbnail wp-post-image\" alt=\"\" style=\"\" \/><\/div><a class=\"wp-block-latest-posts__post-title\" href=\"https:\/\/iberconceptos.es\/?p=237\">\u00abPalabras del pasado, representaciones del futuro\u00bb. Homenaje a Javier Fern\u00e1ndez Sebasti\u00e1n<\/a><div class=\"wp-block-latest-posts__post-excerpt\">El d\u00eda 28 de septiembre de 2023, de 18:00 a 19:30, tendr\u00e1 lugar en el Centro de Estudios Pol\u00edticos y Constitucionales un acto de&nbsp;homenaje al profesor Javier Fern\u00e1ndez Sebasti\u00e1n. Os invitamos a acudir al evento (aforo limitado). La inscripci\u00f3n (online o presencial) puede realizarse en&nbsp;<a class=\"read-more\" href=\"https:\/\/iberconceptos.es\/?p=237\">&hellip;<\/a><\/div><\/li>\n<\/ul>\n\n\n<p><\/p>\n","protected":false},"excerpt":{"rendered":"<p>La Red Iberoamericana de Historia Conceptual, m\u00e1s conocida como IBERCONCEPTOS, tiene como principal objetivo estudiar desde una perspectiva comparada y transnacional algunos de los m\u00e1s importantes conceptos, lenguajes, im\u00e1genes y met\u00e1foras pol\u00edticas que circularon en el mundo iberoamericano a lo largo de los \u00faltimos siglos.&nbsp;<a class=\"read-more\" href=\"https:\/\/iberconceptos.es\/\">&hellip;<\/a><\/p>\n","protected":false},"author":1,"featured_media":0,"parent":0,"menu_order":0,"comment_status":"closed","ping_status":"closed","template":"","meta":{"saved_in_kubio":true,"footnotes":""},"class_list":["post-66","page","type-page","status-publish","hentry"],"kubio_ai_page_context":{"short_desc":"","purpose":"general"},"_links":{"self":[{"href":"https:\/\/iberconceptos.es\/index.php?rest_route=\/wp\/v2\/pages\/66","targetHints":{"allow":["GET"]}}],"collection":[{"href":"https:\/\/iberconceptos.es\/index.php?rest_route=\/wp\/v2\/pages"}],"about":[{"href":"https:\/\/iberconceptos.es\/index.php?rest_route=\/wp\/v2\/types\/page"}],"author":[{"embeddable":true,"href":"https:\/\/iberconceptos.es\/index.php?rest_route=\/wp\/v2\/users\/1"}],"replies":[{"embeddable":true,"href":"https:\/\/iberconceptos.es\/index.php?rest_route=%2Fwp%2Fv2%2Fcomments&post=66"}],"version-history":[{"count":53,"href":"https:\/\/iberconceptos.es\/index.php?rest_route=\/wp\/v2\/pages\/66\/revisions"}],"predecessor-version":[{"id":715,"href":"https:\/\/iberconceptos.es\/index.php?rest_route=\/wp\/v2\/pages\/66\/revisions\/715"}],"wp:attachment":[{"href":"https:\/\/iberconceptos.es\/index.php?rest_route=%2Fwp%2Fv2%2Fmedia&parent=66"}],"curies":[{"name":"wp","href":"https:\/\/api.w.org\/{rel}","templated":true}]}}