{"id":217,"date":"2023-06-29T13:59:53","date_gmt":"2023-06-29T13:59:53","guid":{"rendered":"https:\/\/iberconceptos.es\/?page_id=217"},"modified":"2023-06-29T13:59:53","modified_gmt":"2023-06-29T13:59:53","slug":"iv-congreso","status":"publish","type":"page","link":"https:\/\/iberconceptos.es\/?page_id=217","title":{"rendered":"IV Congreso"},"content":{"rendered":"\t\t\t\t\t\t\t<h3 style=\"margin-bottom:20px ;display:block;width:100%;margin-top:10px\">CONGRESO IBERCONCEPTOS IV <\/h3>\r\n\t\t\t\t\t\t\t\t<style>\r\n\t\t\t\t\r\n\t\t\t\t\t#tab_container_214 {\r\n\toverflow:hidden;\r\n\tdisplay:block;\r\n\twidth:100%;\r\n\tborder:0px solid #ddd;\r\n\tmargin-bottom:30px;\r\n\t}\r\n\r\n#tab_container_214 .tab-content{\r\n\tpadding:20px;\r\n\tborder: 1px solid #e6e6e6 !important;\r\n\tmargin-top: 0px;\r\n\tbackground-color:#ffffff !important;\r\n\tcolor: #000000 !important;\r\n\tfont-size:16px !important;\r\n\tfont-family: Open Sans !important;\r\n\t\r\n\t\tborder: 1px solid #e6e6e6 !important;\r\n\t}\r\n#tab_container_214 .wpsm_nav-tabs {\r\n    border-bottom: 0px solid #ddd;\r\n}\r\n#tab_container_214 .wpsm_nav-tabs > li.active > a, #tab_container_214 .wpsm_nav-tabs > li.active > a:hover, #tab_container_214 .wpsm_nav-tabs > li.active > a:focus {\r\n\tcolor: #000000 !important;\r\n\tcursor: default;\r\n\tbackground-color: #ffffff !important;\r\n\tborder: 1px solid #e6e6e6 !important;\r\n}\r\n\r\n#tab_container_214 .wpsm_nav-tabs > li > a {\r\n    margin-right: 0px !important; \r\n    line-height: 1.42857143 !important;\r\n    border: 1px solid #d5d5d5 !important;\r\n    border-radius: 0px 0px 0 0 !important; \r\n\tbackground-color: #e8e8e8 !important;\r\n\tcolor: #000000 !important;\r\n\tpadding: 15px 18px 15px 18px !important;\r\n\ttext-decoration: none !important;\r\n\tfont-size: 14px !important;\r\n\ttext-align:center !important;\r\n\tfont-family: Open Sans !important;\r\n}\r\n#tab_container_214 .wpsm_nav-tabs > li > a:focus {\r\noutline: 0px !important;\r\n}\r\n\r\n#tab_container_214 .wpsm_nav-tabs > li > a:before {\r\n\tdisplay:none !important;\r\n}\r\n#tab_container_214 .wpsm_nav-tabs > li > a:after {\r\n\tdisplay:none !important ;\r\n}\r\n#tab_container_214 .wpsm_nav-tabs > li{\r\npadding:0px !important ;\r\nmargin:0px;\r\n}\r\n\r\n#tab_container_214 .wpsm_nav-tabs > li > a:hover , #tab_container_214 .wpsm_nav-tabs > li > a:focus {\r\n    color: #000000 !important;\r\n    background-color: #e8e8e8 !important;\r\n\tborder: 1px solid #d5d5d5 !important;\r\n\t\r\n}\r\n#tab_container_214 .wpsm_nav-tabs > li > a .fa{\r\n\r\nmargin-right:5px !important;\r\n\r\nmargin-left:5px !important;\r\n\r\n\r\n}\r\n\r\n\t\t#tab_container_214 .wpsm_nav-tabs a{\r\n\t\t\tbackground-image: none;\r\n\t\t\tbackground-position: 0 0;\r\n\t\t\tbackground-repeat: repeat-x;\r\n\t\t}\r\n\t\t\t\r\n\r\n\r\n#tab_container_214 .wpsm_nav-tabs > li {\r\n    float: left;\r\n    margin-bottom: -1px !important;\r\n\tmargin-right:0px !important; \r\n}\r\n\r\n\r\n#tab_container_214 .tab-content{\r\noverflow:hidden !important;\r\n}\r\n\r\n\r\n@media (min-width: 769px) {\r\n\r\n\t#tab_container_214 .wpsm_nav-tabs > li{\r\n\t\tfloat:left !important ;\r\n\t\t\t\tmargin-right:-1px !important;\r\n\t\t\t\t\t}\r\n\t#tab_container_214 .wpsm_nav-tabs{\r\n\t\tfloat:none !important;\r\n\t\tmargin:0px !important;\r\n\t}\r\n\r\n\t#tab_container_214 .wpsm_nav-tabs > li {\r\n\t\t\t\t\r\n\t}\r\n\t#tab_container_214 .wpsm_nav{\r\n\t\t\t}\r\n\r\n}\r\n\r\n\r\n\r\n@media (max-width: 768px) {\r\n\t#tab_container_214 .wpsm_nav-tabs > li {\r\n\t\t\t\t\r\n\t}\r\n\t#tab_container_214 .wpsm_nav{\r\n\t\t\t}\r\n}\r\n\r\n\r\n\t.wpsm_nav-tabs li:before{\r\n\t\tdisplay:none !important;\r\n\t}\r\n\r\n\t@media (max-width: 768px) {\r\n\t\t\t\t\r\n\t\t\t\t.wpsm_nav-tabs{\r\n\t\t\tmargin-left:0px !important;\r\n\t\t\tmargin-right:0px !important; \r\n\t\t\t\r\n\t\t}\r\n\t\t\t\t#tab_container_214 .wpsm_nav-tabs > li{\r\n\t\t\tfloat:none !important;\r\n\t\t}\r\n\t\t\t\r\n\t}\t\t\t\t<\/style>\r\n\t\t\t\t<div id=\"tab_container_214\" >\r\n\t \r\n\t\t\t\t\t<ul class=\"wpsm_nav wpsm_nav-tabs\" role=\"tablist\" id=\"myTab_214\">\r\n\t\t\t\t\t\t\t\r\n\t\t\t\t\t\t\t<li role=\"presentation\"  class=\"active\"  onclick=\"do_resize()\">\r\n\t\t\t\t\t\t\t\t<a href=\"#tabs_desc_214_1\" aria-controls=\"tabs_desc_214_1\" role=\"tab\" data-toggle=\"tab\">\r\n\t\t\t\t\t\t\t\t\t\r\n\t\t\t\t\t\t\t\t\t\t\t\t\t\t\t\t\t\t\t\t\t\t\t\t\t\t\t\t\t\t\t<i class=\"fa fa-info-circle\"><\/i> \t\t\t\t\t\t\t\t\t\t\t\t\t\t\t\t\t\t\t\r\n\t\t\t\t\t\t\t\t\t\t\t\t\t\t\t\t\t\t\r\n\t\t\t\t\t\t\t\t\t<span>Informaci\u00f3n<\/span>\r\n\t\t\t\t\t\t\t\t\t\r\n\t\t\t\t\t\t\t\t\t\t\t\t\t\t\t\t\t\t\r\n\t\t\t\t\t\t\t\t\t\t\t\t\t\t\t\t\t\t\t\t\r\n\t\t\t\t\t\t\t\t\t\r\n\t\t\t\t\t\t\t\t<\/a>\r\n\t\t\t\t\t\t\t<\/li>\r\n\t\t\t\t\t\t\t\r\n\t\t\t\t\t\t\t<li role=\"presentation\"  onclick=\"do_resize()\">\r\n\t\t\t\t\t\t\t\t<a href=\"#tabs_desc_214_2\" aria-controls=\"tabs_desc_214_2\" role=\"tab\" data-toggle=\"tab\">\r\n\t\t\t\t\t\t\t\t\t\r\n\t\t\t\t\t\t\t\t\t\t\t\t\t\t\t\t\t\t\t\t\t\t\t\t\t\t\t\t\t\t\t<i class=\"fa fa-align-justify\"><\/i> \t\t\t\t\t\t\t\t\t\t\t\t\t\t\t\t\t\t\t\r\n\t\t\t\t\t\t\t\t\t\t\t\t\t\t\t\t\t\t\r\n\t\t\t\t\t\t\t\t\t<span>Presentaci\u00f3n<\/span>\r\n\t\t\t\t\t\t\t\t\t\r\n\t\t\t\t\t\t\t\t\t\t\t\t\t\t\t\t\t\t\r\n\t\t\t\t\t\t\t\t\t\t\t\t\t\t\t\t\t\t\t\t\r\n\t\t\t\t\t\t\t\t\t\r\n\t\t\t\t\t\t\t\t<\/a>\r\n\t\t\t\t\t\t\t<\/li>\r\n\t\t\t\t\t\t\t\r\n\t\t\t\t\t\t\t<li role=\"presentation\"  onclick=\"do_resize()\">\r\n\t\t\t\t\t\t\t\t<a href=\"#tabs_desc_214_3\" aria-controls=\"tabs_desc_214_3\" role=\"tab\" data-toggle=\"tab\">\r\n\t\t\t\t\t\t\t\t\t\r\n\t\t\t\t\t\t\t\t\t\t\t\t\t\t\t\t\t\t\t\t\t\t\t\t\t\t\t\t\t\t\t<i class=\"fa fa-bookmark\"><\/i> \t\t\t\t\t\t\t\t\t\t\t\t\t\t\t\t\t\t\t\r\n\t\t\t\t\t\t\t\t\t\t\t\t\t\t\t\t\t\t\r\n\t\t\t\t\t\t\t\t\t<span>Din\u00e1mica del congreso<\/span>\r\n\t\t\t\t\t\t\t\t\t\r\n\t\t\t\t\t\t\t\t\t\t\t\t\t\t\t\t\t\t\r\n\t\t\t\t\t\t\t\t\t\t\t\t\t\t\t\t\t\t\t\t\r\n\t\t\t\t\t\t\t\t\t\r\n\t\t\t\t\t\t\t\t<\/a>\r\n\t\t\t\t\t\t\t<\/li>\r\n\t\t\t\t\t\t\t\r\n\t\t\t\t\t\t\t<li role=\"presentation\"  onclick=\"do_resize()\">\r\n\t\t\t\t\t\t\t\t<a href=\"#tabs_desc_214_4\" aria-controls=\"tabs_desc_214_4\" role=\"tab\" data-toggle=\"tab\">\r\n\t\t\t\t\t\t\t\t\t\r\n\t\t\t\t\t\t\t\t\t\t\t\t\t\t\t\t\t\t\t\t\t\t\t\t\t\t\t\t\t\t\t<i class=\"fa fa-laptop\"><\/i> \t\t\t\t\t\t\t\t\t\t\t\t\t\t\t\t\t\t\t\r\n\t\t\t\t\t\t\t\t\t\t\t\t\t\t\t\t\t\t\r\n\t\t\t\t\t\t\t\t\t<span>Programa<\/span>\r\n\t\t\t\t\t\t\t\t\t\r\n\t\t\t\t\t\t\t\t\t\t\t\t\t\t\t\t\t\t\r\n\t\t\t\t\t\t\t\t\t\t\t\t\t\t\t\t\t\t\t\t\r\n\t\t\t\t\t\t\t\t\t\r\n\t\t\t\t\t\t\t\t<\/a>\r\n\t\t\t\t\t\t\t<\/li>\r\n\t\t\t\t\t\t\t\r\n\t\t\t\t\t\t\t<li role=\"presentation\"  onclick=\"do_resize()\">\r\n\t\t\t\t\t\t\t\t<a href=\"#tabs_desc_214_5\" aria-controls=\"tabs_desc_214_5\" role=\"tab\" data-toggle=\"tab\">\r\n\t\t\t\t\t\t\t\t\t\r\n\t\t\t\t\t\t\t\t\t\t\t\t\t\t\t\t\t\t\t\t\t\t\t\t\t\t\t\t\t\t\t<i class=\"fa fa-archive\"><\/i> \t\t\t\t\t\t\t\t\t\t\t\t\t\t\t\t\t\t\t\r\n\t\t\t\t\t\t\t\t\t\t\t\t\t\t\t\t\t\t\r\n\t\t\t\t\t\t\t\t\t<span>Prensa<\/span>\r\n\t\t\t\t\t\t\t\t\t\r\n\t\t\t\t\t\t\t\t\t\t\t\t\t\t\t\t\t\t\r\n\t\t\t\t\t\t\t\t\t\t\t\t\t\t\t\t\t\t\t\t\r\n\t\t\t\t\t\t\t\t\t\r\n\t\t\t\t\t\t\t\t<\/a>\r\n\t\t\t\t\t\t\t<\/li>\r\n\t\t\t\t\t\t\t\t\t\t\t <\/ul>\r\n\r\n\t\t\t\t\t  <!-- Tab panes -->\r\n\t\t\t\t\t  <div class=\"tab-content\" id=\"tab-content_214\">\r\n\t\t\t\t\t\t\t\t\t\t\t\t <div role=\"tabpanel\" class=\"tab-pane  in active \" id=\"tabs_desc_214_1\">\r\n\t\t\t\t\t\t\t\t<h1>IV Congreso Iberconceptos 2012<\/h1>\r\n<ul>\r\n \t<li><strong>Fecha:<\/strong><\/li>\r\n<\/ul>\r\n10-12 de septiembre de 2012\r\n\r\n<img loading=\"lazy\" decoding=\"async\" class=\"size-full wp-image-215 alignright\" src=\"http:\/\/iberconceptos.es\/wp-content\/uploads\/2023\/06\/iv_congreso_iberconceptos.jpg\" alt=\"\" width=\"300\" height=\"200\" \/>\r\n<ul>\r\n \t<li><strong>Lugar:<\/strong><\/li>\r\n<\/ul>\r\n<ul>\r\n \t<li style=\"list-style-type: none\">\r\n<ul>\r\n \t<li><strong>Ma\u00f1anas:<\/strong><\/li>\r\n<\/ul>\r\n<\/li>\r\n<\/ul>\r\n<p style=\"padding-left: 40px\">Archivo Foral de Bizkaia\r\nc\/ Mar\u00eda D\u00edaz de Haro, 11\r\n48013 \u2013 Bilbao<\/p>\r\n\r\n<ul>\r\n \t<li style=\"list-style-type: none\">\r\n<ul>\r\n \t<li><strong>Tardes:<\/strong><\/li>\r\n<\/ul>\r\n<\/li>\r\n<\/ul>\r\n<p style=\"padding-left: 40px\">Aulas de la Experiencia (UPV\/EHU)\r\nc\/ Banco de Espa\u00f1a, 2\r\n48005 \u2013 Bilbao<\/p>\r\n\r\n<ul>\r\n \t<li><strong>Direcci\u00f3n:<\/strong><\/li>\r\n<\/ul>\r\nJavier Fern\u00e1ndez Sebasti\u00e1n\r\n<ul>\r\n \t<li><strong>Organizan:<\/strong><\/li>\r\n<\/ul>\r\n<ol>\r\n \t<li>Grupo de Investigaci\u00f3n en Historia Intelectual de la Pol\u00edtica Moderna |\u00a0<a href=\"https:\/\/historiaintelectual.es\/\">ver web<\/a> |<\/li>\r\n \t<li>Proyecto de Investigaci\u00f3n en Historia conceptual, constitucional y modernidad en el Mundo Iberoamericano, Lenguajes y conceptos pol\u00edticos-jur\u00eddicos fundamentales (Departamento de Derecho Constitucional e Historia del Pensamiento y de los Movimientos Sociales y Pol\u00edticos) |\u00a0<a href=\"https:\/\/www.ehu.eus\/es\/web\/departamento-derecho-publico-y-ciencias-historico-juridicas-y-del-pensamiento-politico\/derechoconstitucional\/home\">ver web<\/a> |<\/li>\r\n \t<li>Universidad del Pa\u00eds Vasco \u2013 Facultad de Ciencias Sociales y de la Comunicaci\u00f3n |\u00a0<a href=\"https:\/\/www.ehu.eus\/es\/web\/gizarte-komunikazio-zientzien-fakultatea\">ver web<\/a> |<\/li>\r\n \t<li>Grupo Iberconceptos |\u00a0<a href=\"https:\/\/iberconceptos.es\/\">ver web<\/a>\u00a0|<\/li>\r\n<\/ol>\r\n<ul>\r\n \t<li><strong>Colaboran:<\/strong><\/li>\r\n<\/ul>\r\n<ol>\r\n \t<li>Santander Universidades - Universia |\u00a0<a href=\"https:\/\/www.santander.com\/es\/nuestro-compromiso\/crecimiento-inclusivo-y-sostenible\/compromiso-con-la-educacion-superior\/universia\">ver web<\/a>\u00a0|<\/li>\r\n \t<li>Unidad de Formaci\u00f3n e Investigaci\u00f3n (UFI) de la UPV\/EHU Historia, Pensamiento y Cultura Material: Europa y el Mundo Atl\u00e1ntico |\u00a0<a href=\"https:\/\/www.ehu.eus\/es\/web\/master\/master-europa-mundo-atlantico\">ver web<\/a>\u00a0|<\/li>\r\n \t<li>L\u00e9xico pol\u00edtico e historia conceptual, Proyecto transfronterizo de la UPV\/EHU y la Universidad de Burdeos, Fondo Com\u00fan de Cooperaci\u00f3n Aquitania-Euskadi.<\/li>\r\n \t<li>Grupo Ameriber (EA 3656 Am\u00e9rique-Pays Ib\u00e9riques), Universit\u00e9 de Bordeaux.\r\nAriadna Hist\u00f3rica |\u00a0<a href=\"https:\/\/ojs.ehu.eus\/index.php\/Ariadna\">ver web<\/a>\u00a0|<\/li>\r\n<\/ol>\t\t\t\t\t\t <\/div>\r\n\t\t\t\t\t\t\t\t\t\t\t\t <div role=\"tabpanel\" class=\"tab-pane \" id=\"tabs_desc_214_2\">\r\n\t\t\t\t\t\t\t\t<p>El IV Congreso Internacional Lenguajes, conceptos y met\u00e1foras pol\u00edticas en la era de las independencias reunir\u00e1 en la Universidad del Pa\u00eds Vasco\/Euskal Herriko Unibertsitatea durante tres jornadas a medio centenar de historiadores y otros especialistas en ciencias pol\u00edticas, jur\u00eddicas y sociales. Este encuentro representa un paso m\u00e1s en el desarrollo de Iberconceptos, una red y un macroproyecto transnacional que desde hace a\u00f1os re\u00fane a un numeroso grupo de investigadores pertenecientes a diversas universidades y centros de investigaci\u00f3n de la mayor\u00eda de los pa\u00edses iberoamericanos (incluyendo tambi\u00e9n algunos investigadores adscritos a diversas universidades francesas, alemanas y norteamericanas). Un ambicioso programa de investigaci\u00f3n cuyo car\u00e1cter pionero reside en la voluntad compartida por todos los participantes de llevar adelante de manera coordinada una historia conceptual a gran escala que va m\u00e1s all\u00e1 del \u00e1mbito nacional, para extenderse al conjunto del mundo iberoamericano, antes y despu\u00e9s de las independencias y la creaci\u00f3n de los nuevos Estados. Precisamente la era de las revoluciones atl\u00e1nticas, que se abri\u00f3 en las \u00faltimas d\u00e9cadas del siglo XVIII y que culmin\u00f3 con el vasto movimiento de las revoluciones hispanoamericanas, fue el momento decisivo que dio paso a la transici\u00f3n entre dos sistemas institucionales y dos universos conceptuales bien diferenciados.<\/p>\r\n\r\n<p>Aunque sin duda es posible identificar numerosos elementos de continuidad entre ambos sistemas, es evidente que las revoluciones liberales y de independencia trajeron consigo cambios muy importantes en el terreno pol\u00edtico y simb\u00f3lico. El objetivo principal de este Congreso es aproximarnos a la forma en que ve\u00edan el mundo las gentes de la \u00e9poca, combatiendo en lo posible los anacronismos y poniendo de manifiesto las profundas mutaciones en el l\u00e9xico de la pol\u00edtica y en el repertorio de algunas de las nociones b\u00e1sicas que daban sentido a las instituciones y a las pr\u00e1cticas sociopol\u00edticas. Un objetivo que s\u00f3lo podr\u00e1 alcanzarse si se se\u00f1alan adecuadamente las similitudes y las diferencias entre los diversos espacios iberoamericanos resultantes de la disgregaci\u00f3n de los imperios, espacios que se vieron sometidos tambi\u00e9n en este aspecto a procesos parcialmente contradictorios de nacionalizaci\u00f3n e internacionalizaci\u00f3n de los lenguajes y vocabularios de la pol\u00edtica.<\/p>\t\t\t\t\t\t <\/div>\r\n\t\t\t\t\t\t\t\t\t\t\t\t <div role=\"tabpanel\" class=\"tab-pane \" id=\"tabs_desc_214_3\">\r\n\t\t\t\t\t\t\t\tEl congreso se abrir\u00e1 con una conferencia del Profesor Antonio Annino (Universidad de Florencia, Italia) titulada\u00a0<em>\u201c<strong>Soberan\u00eda \u2013 Justicia \u2013 Constituci\u00f3n: Tres conceptos pol\u00edticos fundamentales en un tiempo de independencias\u201d<\/strong><\/em>, y se cerrar\u00e1 con otra conferencia a cargo de la Profesora Annick Lemp\u00e9ri\u00e8re (Universit\u00e9 Paris I Panth\u00e9on-Sorbonne), quien disertar\u00e1 sobre el tema\u00a0<strong><em>\u201cEstado y sociedad civil: \u00bfEs viable Hegel en Iberoam\u00e9rica?\u201d<\/em>.<\/strong>\r\n\r\nEntre estas dos conferencias y a lo largo de tres jornadas se suceder\u00e1n seis mesas correspondientes a los cinco grupos actuales de Iberoconceptos III, adem\u00e1s de un panel dedicado a analizar las met\u00e1foras del v\u00ednculo social, en el contexto de un proyecto transfronterizo entre la UPV\/EHU y la Universidad de Burdeos. Los seis paneles ser\u00e1n los siguientes:\r\n<ul>\r\n \t<li><strong>Mesa 1<\/strong>\u00a0La era de las revoluciones y su posteridad. Historia, historiograf\u00eda, historicidad.<\/li>\r\n \t<li><strong>Mesa 2<\/strong>\u00a0Conceptos pol\u00edticos fundamentales.<\/li>\r\n \t<li><strong>Mesa 3<\/strong>\u00a0Territorio y soberan\u00eda.<\/li>\r\n \t<li><strong>Mesa 4<\/strong>\u00a0Lenguajes de la identidad y de la diferencia: clases, corporaciones, castas y razas.<\/li>\r\n \t<li><strong>Mesa 5<\/strong>\u00a0Met\u00e1foras del v\u00ednculo social.<\/li>\r\n \t<li><strong>Mesa 6<\/strong>\u00a0Religi\u00f3n y pol\u00edtica.<\/li>\r\n<\/ul>\r\nCada uno de estos paneles, de dos horas de duraci\u00f3n, constar\u00e1 de dos turnos; en el primero, a lo largo de unos 90 minutos, se presentar\u00e1n las ponencias; los 30 minutos finales se dedicar\u00e1n al debate de las ponencias presentadas entre los asistentes.\r\n\r\nDurante las sesiones de la tarde est\u00e1 previsto que se presenten las comunicaciones aceptadas en cada una de las mesas. La distribuci\u00f3n del tiempo depender\u00e1 del n\u00famero de comunicaciones y quedar\u00e1 a criterio de los moderadores de cada panel, pero en cualquier caso, las presentaciones orales no podr\u00e1n exceder de los 15 minutos por comunicaci\u00f3n.\t\t\t\t\t\t <\/div>\r\n\t\t\t\t\t\t\t\t\t\t\t\t <div role=\"tabpanel\" class=\"tab-pane \" id=\"tabs_desc_214_4\">\r\n\t\t\t\t\t\t\t\t<h1>D\u00eda 1: Lunes, 10 de septiembre<\/h1>\r\n<ul>\r\n \t<li><strong>Ma\u00f1ana<\/strong><\/li>\r\n<\/ul>\r\n<strong>9:00-9:30 - Acreditaciones<\/strong>\r\n<strong>9:30-10:00 - Apertura<\/strong>\r\n<ul>\r\n \t<li style=\"list-style-type: none\">\r\n<ul>\r\n \t<li><strong>Javier Fern\u00e1ndez Sebasti\u00e1n, UPV\/EHU,<\/strong> Coordinador General de Iberconceptos\r\nCarmelo Garitaonandia, Vicerrector de Campus de Bizkaia, UPV\/EHU<\/li>\r\n<\/ul>\r\n<\/li>\r\n<\/ul>\r\n<strong>10:00-11:00 - Conferencia inaugural<\/strong>\r\n<ul>\r\n \t<li style=\"list-style-type: none\">\r\n<ul>\r\n \t<li><strong>Antonio Annino (Universit\u00e0 degli Studi di Firenze, Italia):<\/strong> Soberan\u00eda \u2013 Justicia \u2013 Constituci\u00f3n: Tres conceptos pol\u00edticos fundamentales en un tiempo de independencias<\/li>\r\n<\/ul>\r\n<\/li>\r\n<\/ul>\r\n<strong>11:30-13:30 - Mesa 1:<\/strong> La era de las revoluciones y su posteridad. Historia, historiograf\u00eda, historicidad.\r\n<ul>\r\n \t<li><strong>Modera:<\/strong> Noem\u00ed Goldman (Universidad de Buenos Aires)\r\n<ul>\r\n \t<li><strong><em>Javier Fern\u00e1ndez Sebasti\u00e1n (UPV\/EHU):<\/em><\/strong>\u00a0Acerca de la historia de la conciencia hist\u00f3rica: un nuevo campo de estudio para la historiograf\u00eda<\/li>\r\n \t<li><strong><em>Francisco A. Ortega, (Universidad de Helsinki, Finlandia \/ Universidad Nacional de Colombia):<\/em>\u00a0<\/strong>Jos\u00e9 Manuel Restrepo, el proyecto grancolombiano y las historiograf\u00edas nacionales<\/li>\r\n \t<li><strong><em>Fabio Wasserman (Universidad de Buenos Aires):<\/em><\/strong>\u00a0\u00bfUna historia del tiempo presente? Met\u00e1foras y conceptos en los primeros relatos sobre la Revoluci\u00f3n de Mayo<\/li>\r\n \t<li><strong>Jo\u00e3o Paulo Pimenta (Universidad de S\u00e3o Paulo, Brasil):<\/strong>\u00a0La era de las revoluciones en la era de las revoluciones: el caso del Brasil<\/li>\r\n \t<li><strong>Guillermo Zerme\u00f1o (El Colegio de M\u00e9xico):<\/strong>\u00a0La era de las revoluciones desde la historia conceptual<\/li>\r\n<\/ul>\r\n<\/li>\r\n \t<li><strong>Tarde<\/strong><\/li>\r\n<\/ul>\r\n<strong>15:30-17:30 - Mesa 2:<\/strong> Conceptos pol\u00edticos fundamentales\r\n<ul>\r\n \t<li><strong>Modera:<\/strong> Nere Basabe (UPV\/EHU)\r\n<ul>\r\n \t<li><strong>Gerardo Caetano (Universidad de la Rep\u00fablica, Uruguay):<\/strong>\u00a0Liberalismo y republicanismo en Iberoam\u00e9rica en el siglo XIX<\/li>\r\n \t<li><strong>Fernando Falc\u00f3n (Universidad Central de Venezuela):\u00a0<\/strong>Avatares del concepto de guerra: propuestas metodol\u00f3gicas<\/li>\r\n \t<li><strong>Alejandro San Francisco (Universidad Cat\u00f3lica de Chile):<\/strong>\u00a0Construir la rep\u00fablica, sufrir la anarqu\u00eda, pensar la democracia. Chile en la d\u00e9cada de 1820\r\n<em>Vasco Castillo (Universidad Diego Portales, Chile)<\/em>: La fundaci\u00f3n de la republica conservadora en Chile: orden, libertad y ley (1830-1840)<\/li>\r\n \t<li><strong>Georges Lomn\u00e9 (Universit\u00e9 Paris-Est Marne-la-Vall\u00e9e):<\/strong> Vuelta a la semilla: conceptos de \u2018revoluci\u00f3n espa\u00f1ola\u2019 en clave romana<\/li>\r\n<\/ul>\r\n<\/li>\r\n<\/ul>\r\n<strong>18:00-19:00 - Comunicaciones correspondientes a las mesas 1 y 2<\/strong>\r\n<h1>D\u00eda 2: Martes, 11 de septiembre<\/h1>\r\n<ul>\r\n \t<li><strong>Ma\u00f1ana<\/strong><\/li>\r\n<\/ul>\r\n<strong>9:00-11:00 - Mesa 3:<\/strong> Territorio y soberan\u00eda\r\n<ul>\r\n \t<li><strong>Modera:<\/strong> Javier Tajadura Tejada (UPV\/EHU)\r\n<ul>\r\n \t<li><strong>\u00c1lfredo \u00c1vila (Universidad Aut\u00f3noma de M\u00e9xico):<\/strong>\u00a0Soberan\u00edas e independencias<\/li>\r\n \t<li><strong>Jos\u00e9 Antonio S\u00e1nchez Rom\u00e1n (Universidad Complutense de Madrid):<\/strong>\u00a0Territorio, soberan\u00eda e imperio(s) en el Brasil poscolonial<\/li>\r\n \t<li><strong>Ana Frega (Universidad de la Rep\u00fablica, Uruguay):\u00a0<\/strong>Las fronteras de la soberan\u00eda. Apuntes para un atlas de la Banda Oriental del Uruguay en la primera mitad del siglo XIX<\/li>\r\n \t<li><strong>Cl\u00e9ment Thibaud (Universit\u00e9 de Nantes, Francia):<\/strong>\u00a0Rep\u00fablicas, Estados, provincias y confederaciones: lenguajes antiguos y nuevos de las jurisdicciones territoriales<\/li>\r\n<\/ul>\r\n<\/li>\r\n<\/ul>\r\n<strong>11:30-13:30 - Mesa 4:<\/strong> Met\u00e1foras del v\u00ednculo social\r\n<ul>\r\n \t<li><strong>Modera:<\/strong> Luis Fern\u00e1ndez Torres (UPV\/EHU)\r\n<ul>\r\n \t<li><strong>Sandro Landi (Universit\u00e9 Bordeaux III \u2013 Michel de Montaigne)<\/strong>:\u00a0Humores, conflictos, opiniones: Met\u00e1foras del v\u00ednculo social en Maquiavelo<\/li>\r\n \t<li><strong>Fran\u00e7ois Godicheau (Universit\u00e9 Bordeaux III \u2013 Michel de Montaigne):\u00a0<\/strong>El orden p\u00fablico contra la anarqu\u00eda: evoluci\u00f3n especular de dos conceptos a lo largo del XIX espa\u00f1ol<\/li>\r\n \t<li><strong>Eric Marquer (Universit\u00e9 de Paris I Panth\u00e9on-Sorbonne):<\/strong>\u00a0Orden natural y orden pol\u00edtico: la cuesti\u00f3n de las justificaciones del orden en la \u00e9poca moderna. Algunos elementos conceptuales<\/li>\r\n \t<li><strong>Miguel Saralegui (UPV\/EHU):<\/strong>\u00a0La met\u00e1fora de la colmena. Cr\u00edtica de Hobbes al naturalismo aristot\u00e9lico<\/li>\r\n<\/ul>\r\n<\/li>\r\n \t<li style=\"list-style-type: none\"><\/li>\r\n \t<li><strong>Tarde<\/strong><\/li>\r\n<\/ul>\r\n<strong>15:30-16:30 - Comunicaciones correspondientes a las mesas 3 y 4<\/strong>\r\n<h1>D\u00eda 3: Mi\u00e9rcoles, 12 de septiembre<\/h1>\r\n<ul>\r\n \t<li><strong>Ma\u00f1ana<\/strong><\/li>\r\n<\/ul>\r\n<strong>9:00-11:00 - Mesa 5:<\/strong> Lenguajes de la identidad y de la diferencia: clases, corporaciones, castas y razas\r\n<ul>\r\n \t<li><strong>Modera<\/strong>: Loles Gonz\u00e1lez-Ripoll (CSIC)\r\n<ul>\r\n \t<li><strong>F\u00e1tima S\u00e1 e Melo Ferreira (Instituto Superior de Ci\u00eancias do Trabalho e da Empresa (ISCTE), Lisboa):<\/strong> Povo, plebe e multid\u00e3o: fronteiras flutuantes, identidades m\u00f3veis<\/li>\r\n \t<li><strong>Consuelo Naranjo Orovio (Directora del Instituto de Historia del CSIC, Madrid):\u00a0Los proyectos civilizatorios en Cuba y Puerto Rico:<\/strong> Identidad y Raza (siglos XIX y XX)<\/li>\r\n \t<li><strong>Francisco N\u00fa\u00f1ez D\u00edaz (Universidad de Lima, Per\u00fa):<\/strong>\u00a0Democracia y jerarqu\u00edas sociales en el Per\u00fa 1808-1850<\/li>\r\n \t<li><strong>Pedro Jos\u00e9 Chac\u00f3n (UPV\/EHU):<\/strong>\u00a0El concepto de vascoiberismo: de Esteban de Garibay a Zacar\u00edas de Vizcarra (siglos XVI-XX)<\/li>\r\n \t<li><strong>S\u00e9rgio Campos Matos (Universidade de Lisboa):\u00a0<\/strong>Na\u00e7\u00e3o, transnacionalidade e cidadania: o lugar dos Iberismos<\/li>\r\n \t<li><strong>L\u00facia Bastos Pereira das Neves (Universidade do Estado do Rio de Janeiro, Brasil) y Guilherme <\/strong><strong>Pereira Das Neves (Universidade Federal Fluminense, Brasil):<\/strong> Portugal e Brasil: identidades sociais, pol\u00edticas e hist\u00f3ricas<\/li>\r\n<\/ul>\r\n<\/li>\r\n<\/ul>\r\n<strong>11:30-13:00 - Mesa 6:<\/strong> Religi\u00f3n y pol\u00edtica\r\n<ul>\r\n \t<li><strong>Modera:<\/strong> I\u00f1aki Iriarte L\u00f3pez (UPV\/EHU)\r\n<ul>\r\n \t<li><strong>Ana Mar\u00eda Stuven (Pontificia Universidad Cat\u00f3lica de Chile\/Universidad Diego Portales):\u00a0La Religi\u00f3n en lo pol\u00edtico:<\/strong> Tolerancia y libertad de conciencia en Chile, 1840-1883<\/li>\r\n \t<li><strong>Elisa C\u00e1rdenas (Universidad de Guadalajara):<\/strong>\u00a0Clero y pol\u00edtica en la naci\u00f3n cat\u00f3lica. Nueva Espa\u00f1a, M\u00e9xico 1770-1850<\/li>\r\n \t<li><strong>Crist\u00f3bal Aljov\u00edn de Losada (Universidad Nacional Mayor de San Marcos, Lima):<\/strong>\u00a0El debate jur\u00eddico peruano en torno a la Iglesia entre 1820 y 1850<\/li>\r\n \t<li><strong>Lucrecia Enr\u00edquez (Pontificia Universidad Cat\u00f3lica de Chile):<\/strong>\u00a0El Patronato en el Chile republicano: \u00bfconcesi\u00f3n papal o soberan\u00eda nacional?<\/li>\r\n \t<li><strong>Roberto Di Stefano (Universidad de Buenos Aires):<\/strong>\u00a0En torno a los or\u00edgenes de la iglesia contempor\u00e1nea<\/li>\r\n<\/ul>\r\n<\/li>\r\n \t<li><strong>Tarde<\/strong><\/li>\r\n<\/ul>\r\n<strong>15:30-16:30 - Comunicaciones correspondientes a las mesas 5 y 6<\/strong>\r\n<strong>16:30-17:30 - Conferencia de clausura<\/strong>\r\n<ul>\r\n \t<li style=\"list-style-type: none\">\r\n<ul>\r\n \t<li><em>Annick Lemp\u00e9ri\u00e8re (Universit\u00e9 de Paris I Panth\u00e9on-Sorbonne):<\/em>\u00a0Estado y sociedad civil: \u00bfEs viable Hegel en Iberoam\u00e9rica?<\/li>\r\n<\/ul>\r\n<\/li>\r\n<\/ul>\t\t\t\t\t\t <\/div>\r\n\t\t\t\t\t\t\t\t\t\t\t\t <div role=\"tabpanel\" class=\"tab-pane \" id=\"tabs_desc_214_5\">\r\n\t\t\t\t\t\t\t\t<strong>Javier Fern\u00e1ndez Sebasti\u00e1n.<\/strong> Entrevista en el IV Congreso de Iberconceptos |\u00a0<a href=\"https:\/\/iberconceptos.es\/wp-content\/uploads\/2023\/06\/javier_fernandez_sebastian_entrevista_iv_congreso_iberconceptos_universia-1.pdf\">ver pdf<\/a>\u00a0|\t\t\t\t\t\t <\/div>\r\n\t\t\t\t\t\t\t\r\n\t\t\t\t\t <\/div>\r\n\t\t\t\t\t \r\n\t\t\t\t <\/div>\r\n <script>\r\n\t\tjQuery(function () {\r\n\t\t\tjQuery('#myTab_214 a:first').tab('show')\r\n\t\t});\r\n\t\t\r\n\t\t\t\tjQuery(function(){\r\n\t\t\tvar b=\"fadeIn\";\r\n\t\t\tvar c;\r\n\t\t\tvar a;\r\n\t\t\td(jQuery(\"#myTab_214 a\"),jQuery(\"#tab-content_214\"));function d(e,f,g){\r\n\t\t\t\te.click(function(i){\r\n\t\t\t\t\ti.preventDefault();\r\n\t\t\t\t\tjQuery(this).tab(\"show\");\r\n\t\t\t\t\tvar h=jQuery(this).data(\"easein\");\r\n\t\t\t\t\tif(c){c.removeClass(a);}\r\n\t\t\t\t\tif(h){f.find(\"div.active\").addClass(\"animated \"+h);a=h;}\r\n\t\t\t\t\telse{if(g){f.find(\"div.active\").addClass(\"animated \"+g);a=g;}else{f.find(\"div.active\").addClass(\"animated \"+b);a=b;}}c=f.find(\"div.active\");\r\n\t\t\t\t});\r\n\t\t\t}\r\n\t\t});\r\n\t\t\r\n\r\n\t\tfunction do_resize(){\r\n\r\n\t\t\tvar width=jQuery( '.tab-content .tab-pane iframe' ).width();\r\n\t\t\tvar height=jQuery( '.tab-content .tab-pane iframe' ).height();\r\n\r\n\t\t\tvar toggleSize = true;\r\n\t\t\tjQuery('iframe').animate({\r\n\t\t\t    width: toggleSize ? width : 640,\r\n\t\t\t    height: toggleSize ? height : 360\r\n\t\t\t  }, 250);\r\n\r\n\t\t\t  toggleSize = !toggleSize;\r\n\t\t}\r\n\r\n\r\n\t<\/script>\r\n\t\t\t\t\r\n\t\t\t\n","protected":false},"excerpt":{"rendered":"","protected":false},"author":1,"featured_media":0,"parent":0,"menu_order":0,"comment_status":"closed","ping_status":"closed","template":"","meta":{"saved_in_kubio":false,"footnotes":""},"class_list":["post-217","page","type-page","status-publish","hentry"],"kubio_ai_page_context":{"short_desc":"","purpose":"general"},"_links":{"self":[{"href":"https:\/\/iberconceptos.es\/index.php?rest_route=\/wp\/v2\/pages\/217","targetHints":{"allow":["GET"]}}],"collection":[{"href":"https:\/\/iberconceptos.es\/index.php?rest_route=\/wp\/v2\/pages"}],"about":[{"href":"https:\/\/iberconceptos.es\/index.php?rest_route=\/wp\/v2\/types\/page"}],"author":[{"embeddable":true,"href":"https:\/\/iberconceptos.es\/index.php?rest_route=\/wp\/v2\/users\/1"}],"replies":[{"embeddable":true,"href":"https:\/\/iberconceptos.es\/index.php?rest_route=%2Fwp%2Fv2%2Fcomments&post=217"}],"version-history":[{"count":1,"href":"https:\/\/iberconceptos.es\/index.php?rest_route=\/wp\/v2\/pages\/217\/revisions"}],"predecessor-version":[{"id":218,"href":"https:\/\/iberconceptos.es\/index.php?rest_route=\/wp\/v2\/pages\/217\/revisions\/218"}],"wp:attachment":[{"href":"https:\/\/iberconceptos.es\/index.php?rest_route=%2Fwp%2Fv2%2Fmedia&parent=217"}],"curies":[{"name":"wp","href":"https:\/\/api.w.org\/{rel}","templated":true}]}}