{"id":194,"date":"2023-06-29T12:21:59","date_gmt":"2023-06-29T12:21:59","guid":{"rendered":"https:\/\/iberconceptos.es\/?page_id=194"},"modified":"2023-06-29T12:21:59","modified_gmt":"2023-06-29T12:21:59","slug":"i-congreso","status":"publish","type":"page","link":"https:\/\/iberconceptos.es\/?page_id=194","title":{"rendered":"I Congreso"},"content":{"rendered":"\t\t\t\t\t\t\t<h3 style=\"margin-bottom:20px ;display:block;width:100%;margin-top:10px\">CONGRESO IBERCONCEPTOS I <\/h3>\r\n\t\t\t\t\t\t\t\t<style>\r\n\t\t\t\t\r\n\t\t\t\t\t#tab_container_192 {\r\n\toverflow:hidden;\r\n\tdisplay:block;\r\n\twidth:100%;\r\n\tborder:0px solid #ddd;\r\n\tmargin-bottom:30px;\r\n\t}\r\n\r\n#tab_container_192 .tab-content{\r\n\tpadding:20px;\r\n\tborder: 1px solid #e6e6e6 !important;\r\n\tmargin-top: 0px;\r\n\tbackground-color:#ffffff !important;\r\n\tcolor: #000000 !important;\r\n\tfont-size:16px !important;\r\n\tfont-family: Open Sans !important;\r\n\t\r\n\t\tborder: 1px solid #e6e6e6 !important;\r\n\t}\r\n#tab_container_192 .wpsm_nav-tabs {\r\n    border-bottom: 0px solid #ddd;\r\n}\r\n#tab_container_192 .wpsm_nav-tabs > li.active > a, #tab_container_192 .wpsm_nav-tabs > li.active > a:hover, #tab_container_192 .wpsm_nav-tabs > li.active > a:focus {\r\n\tcolor: #000000 !important;\r\n\tcursor: default;\r\n\tbackground-color: #ffffff !important;\r\n\tborder: 1px solid #e6e6e6 !important;\r\n}\r\n\r\n#tab_container_192 .wpsm_nav-tabs > li > a {\r\n    margin-right: 0px !important; \r\n    line-height: 1.42857143 !important;\r\n    border: 1px solid #d5d5d5 !important;\r\n    border-radius: 0px 0px 0 0 !important; \r\n\tbackground-color: #e8e8e8 !important;\r\n\tcolor: #000000 !important;\r\n\tpadding: 15px 18px 15px 18px !important;\r\n\ttext-decoration: none !important;\r\n\tfont-size: 14px !important;\r\n\ttext-align:center !important;\r\n\tfont-family: Open Sans !important;\r\n}\r\n#tab_container_192 .wpsm_nav-tabs > li > a:focus {\r\noutline: 0px !important;\r\n}\r\n\r\n#tab_container_192 .wpsm_nav-tabs > li > a:before {\r\n\tdisplay:none !important;\r\n}\r\n#tab_container_192 .wpsm_nav-tabs > li > a:after {\r\n\tdisplay:none !important ;\r\n}\r\n#tab_container_192 .wpsm_nav-tabs > li{\r\npadding:0px !important ;\r\nmargin:0px;\r\n}\r\n\r\n#tab_container_192 .wpsm_nav-tabs > li > a:hover , #tab_container_192 .wpsm_nav-tabs > li > a:focus {\r\n    color: #000000 !important;\r\n    background-color: #e8e8e8 !important;\r\n\tborder: 1px solid #d5d5d5 !important;\r\n\t\r\n}\r\n#tab_container_192 .wpsm_nav-tabs > li > a .fa{\r\n\r\nmargin-right:5px !important;\r\n\r\nmargin-left:5px !important;\r\n\r\n\r\n}\r\n\r\n\t\t#tab_container_192 .wpsm_nav-tabs a{\r\n\t\t\tbackground-image: none;\r\n\t\t\tbackground-position: 0 0;\r\n\t\t\tbackground-repeat: repeat-x;\r\n\t\t}\r\n\t\t\t\r\n\r\n\r\n#tab_container_192 .wpsm_nav-tabs > li {\r\n    float: left;\r\n    margin-bottom: -1px !important;\r\n\tmargin-right:0px !important; \r\n}\r\n\r\n\r\n#tab_container_192 .tab-content{\r\noverflow:hidden !important;\r\n}\r\n\r\n\r\n@media (min-width: 769px) {\r\n\r\n\t#tab_container_192 .wpsm_nav-tabs > li{\r\n\t\tfloat:left !important ;\r\n\t\t\t\tmargin-right:-1px !important;\r\n\t\t\t\t\t}\r\n\t#tab_container_192 .wpsm_nav-tabs{\r\n\t\tfloat:none !important;\r\n\t\tmargin:0px !important;\r\n\t}\r\n\r\n\t#tab_container_192 .wpsm_nav-tabs > li {\r\n\t\t\t\t\r\n\t}\r\n\t#tab_container_192 .wpsm_nav{\r\n\t\t\t}\r\n\r\n}\r\n\r\n\r\n\r\n@media (max-width: 768px) {\r\n\t#tab_container_192 .wpsm_nav-tabs > li {\r\n\t\t\t\t\r\n\t}\r\n\t#tab_container_192 .wpsm_nav{\r\n\t\t\t}\r\n}\r\n\r\n\r\n\t.wpsm_nav-tabs li:before{\r\n\t\tdisplay:none !important;\r\n\t}\r\n\r\n\t@media (max-width: 768px) {\r\n\t\t\t\t\r\n\t\t\t\t.wpsm_nav-tabs{\r\n\t\t\tmargin-left:0px !important;\r\n\t\t\tmargin-right:0px !important; \r\n\t\t\t\r\n\t\t}\r\n\t\t\t\t#tab_container_192 .wpsm_nav-tabs > li{\r\n\t\t\tfloat:none !important;\r\n\t\t}\r\n\t\t\t\r\n\t}\t\t\t\t<\/style>\r\n\t\t\t\t<div id=\"tab_container_192\" >\r\n\t \r\n\t\t\t\t\t<ul class=\"wpsm_nav wpsm_nav-tabs\" role=\"tablist\" id=\"myTab_192\">\r\n\t\t\t\t\t\t\t\r\n\t\t\t\t\t\t\t<li role=\"presentation\"  class=\"active\"  onclick=\"do_resize()\">\r\n\t\t\t\t\t\t\t\t<a href=\"#tabs_desc_192_1\" aria-controls=\"tabs_desc_192_1\" role=\"tab\" data-toggle=\"tab\">\r\n\t\t\t\t\t\t\t\t\t\r\n\t\t\t\t\t\t\t\t\t\t\t\t\t\t\t\t\t\t\t\t\t\t\t\t\t\t\t\t\t\t\t<i class=\"fa fa-laptop\"><\/i> \t\t\t\t\t\t\t\t\t\t\t\t\t\t\t\t\t\t\t\r\n\t\t\t\t\t\t\t\t\t\t\t\t\t\t\t\t\t\t\r\n\t\t\t\t\t\t\t\t\t<span>Informaci\u00f3n<\/span>\r\n\t\t\t\t\t\t\t\t\t\r\n\t\t\t\t\t\t\t\t\t\t\t\t\t\t\t\t\t\t\r\n\t\t\t\t\t\t\t\t\t\t\t\t\t\t\t\t\t\t\t\t\r\n\t\t\t\t\t\t\t\t\t\r\n\t\t\t\t\t\t\t\t<\/a>\r\n\t\t\t\t\t\t\t<\/li>\r\n\t\t\t\t\t\t\t\r\n\t\t\t\t\t\t\t<li role=\"presentation\"  onclick=\"do_resize()\">\r\n\t\t\t\t\t\t\t\t<a href=\"#tabs_desc_192_2\" aria-controls=\"tabs_desc_192_2\" role=\"tab\" data-toggle=\"tab\">\r\n\t\t\t\t\t\t\t\t\t\r\n\t\t\t\t\t\t\t\t\t\t\t\t\t\t\t\t\t\t\t\t\t\t\t\t\t\t\t\t\t\t\t<i class=\"fa fa-align-justify\"><\/i> \t\t\t\t\t\t\t\t\t\t\t\t\t\t\t\t\t\t\t\r\n\t\t\t\t\t\t\t\t\t\t\t\t\t\t\t\t\t\t\r\n\t\t\t\t\t\t\t\t\t<span>Presentaci\u00f3n<\/span>\r\n\t\t\t\t\t\t\t\t\t\r\n\t\t\t\t\t\t\t\t\t\t\t\t\t\t\t\t\t\t\r\n\t\t\t\t\t\t\t\t\t\t\t\t\t\t\t\t\t\t\t\t\r\n\t\t\t\t\t\t\t\t\t\r\n\t\t\t\t\t\t\t\t<\/a>\r\n\t\t\t\t\t\t\t<\/li>\r\n\t\t\t\t\t\t\t\r\n\t\t\t\t\t\t\t<li role=\"presentation\"  onclick=\"do_resize()\">\r\n\t\t\t\t\t\t\t\t<a href=\"#tabs_desc_192_3\" aria-controls=\"tabs_desc_192_3\" role=\"tab\" data-toggle=\"tab\">\r\n\t\t\t\t\t\t\t\t\t\r\n\t\t\t\t\t\t\t\t\t\t\t\t\t\t\t\t\t\t\t\t\t\t\t\t\t\t\t\t\t\t\t<i class=\"fa fa-bookmark\"><\/i> \t\t\t\t\t\t\t\t\t\t\t\t\t\t\t\t\t\t\t\r\n\t\t\t\t\t\t\t\t\t\t\t\t\t\t\t\t\t\t\r\n\t\t\t\t\t\t\t\t\t<span>Din\u00e1mica del congreso<\/span>\r\n\t\t\t\t\t\t\t\t\t\r\n\t\t\t\t\t\t\t\t\t\t\t\t\t\t\t\t\t\t\r\n\t\t\t\t\t\t\t\t\t\t\t\t\t\t\t\t\t\t\t\t\r\n\t\t\t\t\t\t\t\t\t\r\n\t\t\t\t\t\t\t\t<\/a>\r\n\t\t\t\t\t\t\t<\/li>\r\n\t\t\t\t\t\t\t\r\n\t\t\t\t\t\t\t<li role=\"presentation\"  onclick=\"do_resize()\">\r\n\t\t\t\t\t\t\t\t<a href=\"#tabs_desc_192_4\" aria-controls=\"tabs_desc_192_4\" role=\"tab\" data-toggle=\"tab\">\r\n\t\t\t\t\t\t\t\t\t\r\n\t\t\t\t\t\t\t\t\t\t\t\t\t\t\t\t\t\t\t\t\t\t\t\t\t\t\t\t\t\t\t<i class=\"fa fa-laptop\"><\/i> \t\t\t\t\t\t\t\t\t\t\t\t\t\t\t\t\t\t\t\r\n\t\t\t\t\t\t\t\t\t\t\t\t\t\t\t\t\t\t\r\n\t\t\t\t\t\t\t\t\t<span>Programa<\/span>\r\n\t\t\t\t\t\t\t\t\t\r\n\t\t\t\t\t\t\t\t\t\t\t\t\t\t\t\t\t\t\r\n\t\t\t\t\t\t\t\t\t\t\t\t\t\t\t\t\t\t\t\t\r\n\t\t\t\t\t\t\t\t\t\r\n\t\t\t\t\t\t\t\t<\/a>\r\n\t\t\t\t\t\t\t<\/li>\r\n\t\t\t\t\t\t\t\t\t\t\t <\/ul>\r\n\r\n\t\t\t\t\t  <!-- Tab panes -->\r\n\t\t\t\t\t  <div class=\"tab-content\" id=\"tab-content_192\">\r\n\t\t\t\t\t\t\t\t\t\t\t\t <div role=\"tabpanel\" class=\"tab-pane  in active \" id=\"tabs_desc_192_1\">\r\n\t\t\t\t\t\t\t\t<h1>I Congreso Iberconceptos 2006<\/h1>\r\n<img loading=\"lazy\" decoding=\"async\" class=\"size-full wp-image-193 alignright\" src=\"http:\/\/iberconceptos.es\/wp-content\/uploads\/2023\/06\/Congreso-I.jpg\" alt=\"\" width=\"300\" height=\"225\" \/>\r\n<ul>\r\n \t<li><strong>Fecha:<\/strong><\/li>\r\n<\/ul>\r\n26-29 de septiembre de 2007\r\n<ul>\r\n \t<li><strong>Lugar:<\/strong><\/li>\r\n<\/ul>\r\nCentro de Estudios Pol\u00edticos y Constitucionales\r\nPlaza de la Marina Espa\u00f1ola, 9\r\n28071 Madrid\r\n<ul>\r\n \t<li><strong>Direcci\u00f3n:<\/strong><\/li>\r\n<\/ul>\r\nJavier Fern\u00e1ndez Sebasti\u00e1n\r\n<ul>\r\n \t<li><strong>Organizan:<\/strong><\/li>\r\n<\/ul>\r\nSociedad Estatal de Conmemoraciones Culturales\r\nFundaci\u00f3n Carolina\r\nCentro de Estudios Pol\u00edticos y Constitucionales\r\n<ul>\r\n \t<li><strong>Colaboran:<\/strong><\/li>\r\n<\/ul>\r\nGrupo Santander\r\nUniversidad del Pa\u00eds Vasco \/ Euskal Herriko Unibertsitatea\r\nMinisterio de Cultura\t\t\t\t\t\t <\/div>\r\n\t\t\t\t\t\t\t\t\t\t\t\t <div role=\"tabpanel\" class=\"tab-pane \" id=\"tabs_desc_192_2\">\r\n\t\t\t\t\t\t\t\t<h2 class=\"marron_18_bold\">Presentacion<\/h2>\r\n\r\n<p>El Congreso Internacional \u201cEl Lenguaje de la Modernidad en Iberoam\u00e9rica. Conceptos Pol\u00edticos en la Era de las Independencias\u201d reunir\u00e1 en el Centro de Estudios Pol\u00edticos y Constitucionales durante cuatro jornadas a m\u00e1s de medio centenar de historiadores y otros especialistas en ciencias pol\u00edticas, jur\u00eddicas y sociales. Este encuentro representa la culminaci\u00f3n de la primera fase de un proyecto interuniversitario transnacional en el que venimos trabajando coordinadamente nueve equipos de investigadores pertenecientes a m\u00e1s de una treintena de universidades y centros de investigaci\u00f3n argentinos, brasile\u00f1os, chilenos, colombianos, espa\u00f1oles, mexicanos, peruanos, portugueses y venezolanos (incluyendo tambi\u00e9n algunos investigadores adscritos a universidades francesas, alemanas y norteamericanas). Un ambicioso programa de investigaci\u00f3n cuyo car\u00e1cter pionero reside en la voluntad compartida por todos los participantes de llevar adelante por primera vez de manera coordinada una historia conceptual a gran escala que va m\u00e1s all\u00e1 del \u00e1mbito nacional, para extenderse al conjunto de mundo iberoamericano, antes y despu\u00e9s de las independencias y la creaci\u00f3n de los nuevos Estados. Precisamente la era de las independencias, que se abri\u00f3 a ambos lados del Atl\u00e1ntico hispano-luso con la crisis de 1807-1808, fue el momento decisivo que dio paso a la transici\u00f3n entre dos sistemas institucionales y dos universos conceptuales bien diferenciados, un salto revolucionario que ha sido etiquetado muchas veces por historiadores, constitucionalistas y polit\u00f3logos bajo diversos pares dicot\u00f3micos,tales como antiguo \/ nuevo r\u00e9gimen; tradici\u00f3n \/ modernidad; pol\u00edtica antigua \/ pol\u00edtica moderna, y otras denominaciones similares.<\/p>\r\n\r\n<p>Aunque probablemente dichas dicotom\u00edas tienden a enmascarar los numerosos elementos de continuidad entre ambos polos, es obvio que existen diferencias muy marcadas entre los estados de cosas anteriores y posteriores a las revoluciones liberales y de independencia, sobre todo en el terreno pol\u00edtico. El objetivo principal de este Congreso es precisamente aproximarnos a la forma en que ve\u00edan el mundo las gentes de la \u00e9poca, combatiendo los anacronismos y poniendo de manifiesto las profundas mutaciones en el l\u00e9xico de la pol\u00edtica y en el repertorio simb\u00f3lico y categorial que daba sentido a las instituciones y a las pr\u00e1cticas sociopol\u00edticas. Un objetivo que s\u00f3lo podr\u00e1 alcanzarse si se se\u00f1alan adecuadamente las similitudes y las diferencias entre los diversos espacios iberoamericanos resultantes de la disgregaci\u00f3n de los imperios, espacios que se vieron sometidos tambi\u00e9n en este aspecto a procesos parcialmente contradictorios de nacionalizaci\u00f3n e internacionalizaci\u00f3n de los lenguajes y vocabularios de la pol\u00edtica.<\/p>\t\t\t\t\t\t <\/div>\r\n\t\t\t\t\t\t\t\t\t\t\t\t <div role=\"tabpanel\" class=\"tab-pane \" id=\"tabs_desc_192_3\">\r\n\t\t\t\t\t\t\t\t<h1 class=\"marron_18_bold\">Din\u00e1mica del Congreso: Conferencias y mesas de trabajo<\/h1>\r\nEl Congreso se abrir\u00e1 con una conferencia inaugural de car\u00e1cter metodol\u00f3gico sobre Historia conceptual comparada a cargo del prof. Hans-Erich B\u00f6deker, buen conocedor de la Begriffsgeschichte y reconocido especialista en esta cuesti\u00f3n, y se cerrar\u00e1 con una conferencia de clausura a cargo del prof. Jos\u00e9 Carlos Chiaramonte, que versar\u00e1 m\u00e1s espec\u00edficamente sobre conceptos y lenguajes pol\u00edticos en Iberoam\u00e9rica en la era de las independencias.\r\n\r\nEntre una y otra conferencia, a lo largo de tres jornadas y media se suceder\u00e1n una decena de paneles correspondientes a los diez conceptos analizados en esta primera fase, centrados en los siguientes \u00edtems conceptuales:\r\n<ul>\r\n \t<li style=\"list-style-type: none\">\r\n<ul>\r\n \t<li>Am\u00e9rica\/americano<\/li>\r\n \t<li>Ciudadano\/vecino<\/li>\r\n \t<li>Constituci\u00f3n<\/li>\r\n \t<li>Federaci\u00f3n\/federal\/federalismo<\/li>\r\n \t<li>Historia<\/li>\r\n \t<li>Liberal\/liberalismo<\/li>\r\n \t<li>Naci\u00f3n<\/li>\r\n \t<li>Opini\u00f3n p\u00fablica<\/li>\r\n \t<li>Pueblo\/pueblos<\/li>\r\n \t<li>Rep\u00fablica\/republicano<\/li>\r\n<\/ul>\r\n<\/li>\r\n<\/ul>\r\nCada uno de estos paneles, de dos horas de duraci\u00f3n, constar\u00e1 de dos turnos. La sesi\u00f3n se iniciar\u00e1 con una presentaci\u00f3n de 20 minutos de duraci\u00f3n a cargo del coordinador responsable del concepto en cuesti\u00f3n. Esta primera intervenci\u00f3n consistir\u00e1 en una s\u00edntesis comparativa de los nueve ensayos recibidos sobre dicho \u00edtem conceptual, correspondientes a los nueve equipos que integran el proyecto.\r\n\r\nInmediatamente se abrir\u00e1 un primer turno de intervenciones (40 minutos en total) para que los autores presentes en la mesa puedan plantear brevemente sus observaciones, sin perder de vista el car\u00e1cter atl\u00e1ntico y comparativo del encuentro (de ah\u00ed que ser\u00eda deseable que dichas r\u00e9plicas no se centrasen en un solo caso o pa\u00eds). El segundo turno, de una hora en total, estar\u00e1 dividido a su vez en dos partes: los primeros 30 minutos de contrarr\u00e9plica se dedicar\u00e1n a profundizar en el an\u00e1lisis cruzado de todos los textos entre los autores (esto es, entre los miembros de la mesa); durante los 30 minutos finales se abrir\u00e1 el debate al p\u00fablico, para dar la oportunidad a todos los asistentes a la sesi\u00f3n de aportar nuevos puntos de vista que contribuyan a enriquecer la discusi\u00f3n.\t\t\t\t\t\t <\/div>\r\n\t\t\t\t\t\t\t\t\t\t\t\t <div role=\"tabpanel\" class=\"tab-pane \" id=\"tabs_desc_192_4\">\r\n\t\t\t\t\t\t\t\t<h1>D\u00eda 1: Mi\u00e9rcoles, 26 septiembre<\/h1>\r\n<ul>\r\n \t<li><strong>Ma\u00f1ana<\/strong><\/li>\r\n<\/ul>\r\n<strong>9:00-9:30 - Apertura y presentaci\u00f3n de las jornadas<\/strong>\r\nJos\u00e9 \u00c1lvarez Junco (CEPC)\r\nJos\u00e9 Garc\u00eda Velasco (SECC)\r\nRosa Conde (Fundaci\u00f3n Carolina)\r\nJavier Fern\u00e1ndez Sebasti\u00e1n (Universidad del Pa\u00eds Vasco)\r\n\r\n<strong>9:30-11:00<\/strong>\r\nConferencia inaugural por Hans-Erich B\u00f6deker: Historia\r\nconceptual comparada: m\u00e9todos, problemas y perspectivas\r\n\r\n<strong>11:30-13:30 -Primer panel: Naci\u00f3n<\/strong>\r\n<ul>\r\n \t<li style=\"list-style-type: none\">\r\n<ul>\r\n \t<li><strong>Modera:<\/strong> Fabio Wasserman<\/li>\r\n \t<li><strong>Mesa 1:<\/strong> N. Souto, M. A. Pamplona, I. Torres,\r\nH. J. K\u00f6nig, J. M. Portillo Vald\u00e9s, E. C\u00e1rdenas,\r\nM. Vel\u00e1zquez, S. C. de Matos, V. H\u00e9brard<\/li>\r\n<\/ul>\r\n<\/li>\r\n \t<li><strong>Tarde<\/strong><\/li>\r\n<\/ul>\r\n<strong>15:45-17:45<\/strong>\r\n<ul>\r\n \t<li style=\"list-style-type: none\">\r\n<ul>\r\n \t<li><strong>Modera:<\/strong> F\u00e1tima S\u00e1<\/li>\r\n \t<li><strong>Mesa 2:<\/strong> N. Goldman, G. di Meglio, L. Rauter Pereira,\r\nM. Fern\u00e1ndez, M. Garrido, M. Carrillo, J. F. Fuentes,\r\nE. Rold\u00e1n, C. Aljov\u00edn, E. Serrano<\/li>\r\n<\/ul>\r\n<\/li>\r\n<\/ul>\r\n<strong>18:00-20:00- Tercer panel: Opini\u00f3n P\u00fablica<\/strong>\r\n<ul>\r\n \t<li style=\"list-style-type: none\">\r\n<ul>\r\n \t<li><strong>Modera:<\/strong> Noem\u00ed Goldman<\/li>\r\n \t<li><strong>Mesa 3: <\/strong>A. Passino, L. Bastos P. Neves, G. Piwonka,\r\nM. Garrido, C. Thibaut, G. Loaiza, J. F. Sebasti\u00e1n,\r\nE. Rold\u00e1n, J. Chassin, A. C. Ara\u00fajo, C. Capriles<\/li>\r\n<\/ul>\r\n<\/li>\r\n<\/ul>\r\n<h1>D\u00eda 2: Jueves, 27 septiembre<\/h1>\r\n<ul>\r\n \t<li><strong>Ma\u00f1ana<\/strong><\/li>\r\n<\/ul>\r\n<strong>9:00-11:00 - Cuarto panel: Ciudadano\r\n<\/strong>\r\n<ul>\r\n \t<li style=\"list-style-type: none\">\r\n<ul>\r\n \t<li><strong>Modera: <\/strong>Crist\u00f3bal Aljov\u00edn de Losada<strong>\r\n<\/strong><\/li>\r\n \t<li><strong>Mesa 4: <\/strong>C. Cansanello, B. C. Cruz Santos, B. Ferreira,\r\nM. G\u00e1rate, H. J. K\u00f6nig, I. Iriarte, R. Bre\u00f1a, F. N\u00fa\u00f1ez,\r\nR. Ramos, N. Su\u00e1rez<\/li>\r\n<\/ul>\r\n<\/li>\r\n<\/ul>\r\n<strong>11:30-13:30 - Quinto panel: Federalismo<\/strong>\r\n<ul>\r\n \t<li style=\"list-style-type: none\">\r\n<ul>\r\n \t<li><strong>Modera:<\/strong> Carole Leal Curiel<\/li>\r\n \t<li><strong>Mesa 5:<\/strong> N. Souto, I. Coser, D. Escobar, C. Thibaud,\r\nJ. M. Portillo Vald\u00e9s, A. \u00c1vila, A. Loayza, F. S\u00e1, F. Falc\u00f3n\r\nConferencia inaugural por Hans-Erich B\u00f6deker: Historia\r\nconceptual comparada: m\u00e9todos, problemas y perspectivas<\/li>\r\n<\/ul>\r\n<\/li>\r\n<\/ul>\r\n<ul>\r\n \t<li style=\"list-style-type: none\"><\/li>\r\n \t<li><strong>Tarde<\/strong><\/li>\r\n<\/ul>\r\n<strong>16:00-18:00 - Sexto panel: Liberalismo<\/strong>\r\n<ul>\r\n \t<li style=\"list-style-type: none\">\r\n<ul>\r\n \t<li><strong>Modera:<\/strong> Javier Fern\u00e1ndez Sebasti\u00e1n<\/li>\r\n \t<li><strong>Mesa 6:<\/strong> F. Wasserman, C. E. C. Lynch, C. Moyano,\r\nM\u00aa T. Calder\u00f3n, C. Villamizar, R. Bre\u00f1a, V. S. Rivera,\r\nN. Monteiro, C. Leal, C. Guerrero, E. Plaza<\/li>\r\n<\/ul>\r\n<\/li>\r\n<\/ul>\r\n<strong>Cena de Honor<\/strong>\r\n<h1>D\u00eda 3: Viernes, 28 septiembre<\/h1>\r\n<ul>\r\n \t<li><strong>Ma\u00f1ana<\/strong><\/li>\r\n<\/ul>\r\n<strong>9:00-11:00 - S\u00e9ptimo panel: Historia<\/strong>\r\n<ul>\r\n \t<li style=\"list-style-type: none\">\r\n<ul>\r\n \t<li><strong>Modera:<\/strong> Guillermo Zerme\u00f1o Padilla<\/li>\r\n \t<li><strong>Mesa 7:<\/strong> F. Wasserman, J. P. G. Pimenta, V. Lopes de Ara\u00fajo, A. Yavar, J. O. Melo, P. J. Chac\u00f3n,\r\nV. S. Rivera, S. C. de Matos, \u00c1. Almarza<\/li>\r\n<\/ul>\r\n<\/li>\r\n<\/ul>\r\n<strong>11:30-13:30- Octavo panel: Am\u00e9rica<\/strong>\r\n<ul>\r\n \t<li><strong>Modera:<\/strong> Jo\u00e3o Feres<\/li>\r\n \t<li><strong>Mesa 8:<\/strong> N. Souto, M. E. M\u00e4der, C. Barrientos, G. Lomn\u00e9, I. Iriarte, G. Zerme\u00f1o, C. Aljov\u00edn,\r\nA. C. Ara\u00fajo, L. R. D\u00e1vila<\/li>\r\n<\/ul>\r\n<ul>\r\n \t<li style=\"list-style-type: none\"><\/li>\r\n<\/ul>\r\n<ul>\r\n \t<li style=\"list-style-type: none\"><\/li>\r\n \t<li><strong>Tarde<\/strong><\/li>\r\n<\/ul>\r\n<strong>16:00-18:00 -Noveno panel: Constituci\u00f3n<\/strong>\r\n<ul>\r\n \t<li><strong>Modera:<\/strong> Jos\u00e9 M. Portillo Vald\u00e9s<\/li>\r\n \t<li><strong>Mesa 9:<\/strong> N. Goldman, L. Bastos P. Neves, G. Pereira das Neves, A. Castillo, V. Uribe-Ur\u00e1n,\r\nE. C\u00e1rdenas, A. Loayza, N. Monteiro, V. Mijares<\/li>\r\n<\/ul>\r\n<h1>D\u00eda 4: S\u00e1bado, 29 septiembre<\/h1>\r\n<ul>\r\n \t<li><strong>Ma\u00f1ana<\/strong><\/li>\r\n<\/ul>\r\n<strong>9:00-11:00 - D\u00e9cimo panel: Rep\u00fablica\u00a0<\/strong>\r\n<ul>\r\n \t<li style=\"list-style-type: none\">\r\n<ul>\r\n \t<li><strong>Modera:<\/strong> Georges Lomn\u00e9<\/li>\r\n \t<li><strong>Mesa 10:<\/strong> G. di Meglio, M. Gantus Jasmin, H. Starling, D. Veneros, J. F. Fuentes, A. \u00c1vila, C. Mc Evoy, R. Ramos, C. Leal, C. Guerrero, E. Plaza<\/li>\r\n<\/ul>\r\n<\/li>\r\n<\/ul>\r\n<strong>11:30-13 - Conferencia de clausura, por Jos\u00e9 Carlos Chiaramonte: <\/strong>Conceptos y lenguajes pol\u00edticos en el mundo iberoamericano, 1750-1850\t\t\t\t\t\t <\/div>\r\n\t\t\t\t\t\t\t\r\n\t\t\t\t\t <\/div>\r\n\t\t\t\t\t \r\n\t\t\t\t <\/div>\r\n <script>\r\n\t\tjQuery(function () {\r\n\t\t\tjQuery('#myTab_192 a:first').tab('show')\r\n\t\t});\r\n\t\t\r\n\t\t\t\tjQuery(function(){\r\n\t\t\tvar b=\"fadeIn\";\r\n\t\t\tvar c;\r\n\t\t\tvar a;\r\n\t\t\td(jQuery(\"#myTab_192 a\"),jQuery(\"#tab-content_192\"));function d(e,f,g){\r\n\t\t\t\te.click(function(i){\r\n\t\t\t\t\ti.preventDefault();\r\n\t\t\t\t\tjQuery(this).tab(\"show\");\r\n\t\t\t\t\tvar h=jQuery(this).data(\"easein\");\r\n\t\t\t\t\tif(c){c.removeClass(a);}\r\n\t\t\t\t\tif(h){f.find(\"div.active\").addClass(\"animated \"+h);a=h;}\r\n\t\t\t\t\telse{if(g){f.find(\"div.active\").addClass(\"animated \"+g);a=g;}else{f.find(\"div.active\").addClass(\"animated \"+b);a=b;}}c=f.find(\"div.active\");\r\n\t\t\t\t});\r\n\t\t\t}\r\n\t\t});\r\n\t\t\r\n\r\n\t\tfunction do_resize(){\r\n\r\n\t\t\tvar width=jQuery( '.tab-content .tab-pane iframe' ).width();\r\n\t\t\tvar height=jQuery( '.tab-content .tab-pane iframe' ).height();\r\n\r\n\t\t\tvar toggleSize = true;\r\n\t\t\tjQuery('iframe').animate({\r\n\t\t\t    width: toggleSize ? width : 640,\r\n\t\t\t    height: toggleSize ? height : 360\r\n\t\t\t  }, 250);\r\n\r\n\t\t\t  toggleSize = !toggleSize;\r\n\t\t}\r\n\r\n\r\n\t<\/script>\r\n\t\t\t\t\r\n\t\t\t\n","protected":false},"excerpt":{"rendered":"","protected":false},"author":1,"featured_media":0,"parent":0,"menu_order":0,"comment_status":"closed","ping_status":"closed","template":"","meta":{"saved_in_kubio":false,"footnotes":""},"class_list":["post-194","page","type-page","status-publish","hentry"],"kubio_ai_page_context":{"short_desc":"","purpose":"general"},"_links":{"self":[{"href":"https:\/\/iberconceptos.es\/index.php?rest_route=\/wp\/v2\/pages\/194","targetHints":{"allow":["GET"]}}],"collection":[{"href":"https:\/\/iberconceptos.es\/index.php?rest_route=\/wp\/v2\/pages"}],"about":[{"href":"https:\/\/iberconceptos.es\/index.php?rest_route=\/wp\/v2\/types\/page"}],"author":[{"embeddable":true,"href":"https:\/\/iberconceptos.es\/index.php?rest_route=\/wp\/v2\/users\/1"}],"replies":[{"embeddable":true,"href":"https:\/\/iberconceptos.es\/index.php?rest_route=%2Fwp%2Fv2%2Fcomments&post=194"}],"version-history":[{"count":1,"href":"https:\/\/iberconceptos.es\/index.php?rest_route=\/wp\/v2\/pages\/194\/revisions"}],"predecessor-version":[{"id":195,"href":"https:\/\/iberconceptos.es\/index.php?rest_route=\/wp\/v2\/pages\/194\/revisions\/195"}],"wp:attachment":[{"href":"https:\/\/iberconceptos.es\/index.php?rest_route=%2Fwp%2Fv2%2Fmedia&parent=194"}],"curies":[{"name":"wp","href":"https:\/\/api.w.org\/{rel}","templated":true}]}}