{"id":161,"date":"2023-06-29T11:00:04","date_gmt":"2023-06-29T11:00:04","guid":{"rendered":"https:\/\/iberconceptos.es\/?page_id=161"},"modified":"2023-06-29T11:17:51","modified_gmt":"2023-06-29T11:17:51","slug":"i-seminario-internacional-iberconceptos","status":"publish","type":"page","link":"https:\/\/iberconceptos.es\/?page_id=161","title":{"rendered":"I Seminario Internacional Iberconceptos"},"content":{"rendered":"\t\t\t\t\t\t\t<h3 style=\"margin-bottom:20px ;display:block;width:100%;margin-top:10px\">Seminario I <\/h3>\r\n\t\t\t\t\t\t\t\t<style>\r\n\t\t\t\t\r\n\t\t\t\t\t#tab_container_165 {\r\n\toverflow:hidden;\r\n\tdisplay:block;\r\n\twidth:100%;\r\n\tborder:0px solid #ddd;\r\n\tmargin-bottom:30px;\r\n\t}\r\n\r\n#tab_container_165 .tab-content{\r\n\tpadding:20px;\r\n\tborder: 1px solid #e6e6e6 !important;\r\n\tmargin-top: 0px;\r\n\tbackground-color:#ffffff !important;\r\n\tcolor: #000000 !important;\r\n\tfont-size:16px !important;\r\n\tfont-family: Open Sans !important;\r\n\t\r\n\t\tborder: 1px solid #e6e6e6 !important;\r\n\t}\r\n#tab_container_165 .wpsm_nav-tabs {\r\n    border-bottom: 0px solid #ddd;\r\n}\r\n#tab_container_165 .wpsm_nav-tabs > li.active > a, #tab_container_165 .wpsm_nav-tabs > li.active > a:hover, #tab_container_165 .wpsm_nav-tabs > li.active > a:focus {\r\n\tcolor: #000000 !important;\r\n\tcursor: default;\r\n\tbackground-color: #ffffff !important;\r\n\tborder: 1px solid #e6e6e6 !important;\r\n}\r\n\r\n#tab_container_165 .wpsm_nav-tabs > li > a {\r\n    margin-right: 0px !important; \r\n    line-height: 1.42857143 !important;\r\n    border: 1px solid #d5d5d5 !important;\r\n    border-radius: 0px 0px 0 0 !important; \r\n\tbackground-color: #e8e8e8 !important;\r\n\tcolor: #000000 !important;\r\n\tpadding: 15px 18px 15px 18px !important;\r\n\ttext-decoration: none !important;\r\n\tfont-size: 14px !important;\r\n\ttext-align:center !important;\r\n\tfont-family: Open Sans !important;\r\n}\r\n#tab_container_165 .wpsm_nav-tabs > li > a:focus {\r\noutline: 0px !important;\r\n}\r\n\r\n#tab_container_165 .wpsm_nav-tabs > li > a:before {\r\n\tdisplay:none !important;\r\n}\r\n#tab_container_165 .wpsm_nav-tabs > li > a:after {\r\n\tdisplay:none !important ;\r\n}\r\n#tab_container_165 .wpsm_nav-tabs > li{\r\npadding:0px !important ;\r\nmargin:0px;\r\n}\r\n\r\n#tab_container_165 .wpsm_nav-tabs > li > a:hover , #tab_container_165 .wpsm_nav-tabs > li > a:focus {\r\n    color: #000000 !important;\r\n    background-color: #e8e8e8 !important;\r\n\tborder: 1px solid #d5d5d5 !important;\r\n\t\r\n}\r\n#tab_container_165 .wpsm_nav-tabs > li > a .fa{\r\n\r\nmargin-right:5px !important;\r\n\r\nmargin-left:5px !important;\r\n\r\n\r\n}\r\n\r\n\t\t#tab_container_165 .wpsm_nav-tabs a{\r\n\t\t\tbackground-image: none;\r\n\t\t\tbackground-position: 0 0;\r\n\t\t\tbackground-repeat: repeat-x;\r\n\t\t}\r\n\t\t\t\r\n\r\n\r\n#tab_container_165 .wpsm_nav-tabs > li {\r\n    float: left;\r\n    margin-bottom: -1px !important;\r\n\tmargin-right:0px !important; \r\n}\r\n\r\n\r\n#tab_container_165 .tab-content{\r\noverflow:hidden !important;\r\n}\r\n\r\n\r\n@media (min-width: 769px) {\r\n\r\n\t#tab_container_165 .wpsm_nav-tabs > li{\r\n\t\tfloat:left !important ;\r\n\t\t\t\tmargin-right:-1px !important;\r\n\t\t\t\t\t}\r\n\t#tab_container_165 .wpsm_nav-tabs{\r\n\t\tfloat:none !important;\r\n\t\tmargin:0px !important;\r\n\t}\r\n\r\n\t#tab_container_165 .wpsm_nav-tabs > li {\r\n\t\t\t\t\r\n\t}\r\n\t#tab_container_165 .wpsm_nav{\r\n\t\t\t}\r\n\r\n}\r\n\r\n\r\n\r\n@media (max-width: 768px) {\r\n\t#tab_container_165 .wpsm_nav-tabs > li {\r\n\t\t\t\t\r\n\t}\r\n\t#tab_container_165 .wpsm_nav{\r\n\t\t\t}\r\n}\r\n\r\n\r\n\t.wpsm_nav-tabs li:before{\r\n\t\tdisplay:none !important;\r\n\t}\r\n\r\n\t@media (max-width: 768px) {\r\n\t\t\t\t\r\n\t\t\t\t.wpsm_nav-tabs{\r\n\t\t\tmargin-left:0px !important;\r\n\t\t\tmargin-right:0px !important; \r\n\t\t\t\r\n\t\t}\r\n\t\t\t\t#tab_container_165 .wpsm_nav-tabs > li{\r\n\t\t\tfloat:none !important;\r\n\t\t}\r\n\t\t\t\r\n\t}\t\t\t\t<\/style>\r\n\t\t\t\t<div id=\"tab_container_165\" >\r\n\t \r\n\t\t\t\t\t<ul class=\"wpsm_nav wpsm_nav-tabs\" role=\"tablist\" id=\"myTab_165\">\r\n\t\t\t\t\t\t\t\r\n\t\t\t\t\t\t\t<li role=\"presentation\"  class=\"active\"  onclick=\"do_resize()\">\r\n\t\t\t\t\t\t\t\t<a href=\"#tabs_desc_165_1\" aria-controls=\"tabs_desc_165_1\" role=\"tab\" data-toggle=\"tab\">\r\n\t\t\t\t\t\t\t\t\t\r\n\t\t\t\t\t\t\t\t\t\t\t\t\t\t\t\t\t\t\t\t\t\t\t\t\t\t\t\t\t\t\t<i class=\"fa fa-info-circle\"><\/i> \t\t\t\t\t\t\t\t\t\t\t\t\t\t\t\t\t\t\t\r\n\t\t\t\t\t\t\t\t\t\t\t\t\t\t\t\t\t\t\r\n\t\t\t\t\t\t\t\t\t<span>Informaci\u00f3n<\/span>\r\n\t\t\t\t\t\t\t\t\t\r\n\t\t\t\t\t\t\t\t\t\t\t\t\t\t\t\t\t\t\r\n\t\t\t\t\t\t\t\t\t\t\t\t\t\t\t\t\t\t\t\t\r\n\t\t\t\t\t\t\t\t\t\r\n\t\t\t\t\t\t\t\t<\/a>\r\n\t\t\t\t\t\t\t<\/li>\r\n\t\t\t\t\t\t\t\r\n\t\t\t\t\t\t\t<li role=\"presentation\"  onclick=\"do_resize()\">\r\n\t\t\t\t\t\t\t\t<a href=\"#tabs_desc_165_2\" aria-controls=\"tabs_desc_165_2\" role=\"tab\" data-toggle=\"tab\">\r\n\t\t\t\t\t\t\t\t\t\r\n\t\t\t\t\t\t\t\t\t\t\t\t\t\t\t\t\t\t\t\t\t\t\t\t\t\t\t\t\t\t\t<i class=\"fa fa-check-square-o\"><\/i> \t\t\t\t\t\t\t\t\t\t\t\t\t\t\t\t\t\t\t\r\n\t\t\t\t\t\t\t\t\t\t\t\t\t\t\t\t\t\t\r\n\t\t\t\t\t\t\t\t\t<span>Planteamiento y Objetivos<\/span>\r\n\t\t\t\t\t\t\t\t\t\r\n\t\t\t\t\t\t\t\t\t\t\t\t\t\t\t\t\t\t\r\n\t\t\t\t\t\t\t\t\t\t\t\t\t\t\t\t\t\t\t\t\r\n\t\t\t\t\t\t\t\t\t\r\n\t\t\t\t\t\t\t\t<\/a>\r\n\t\t\t\t\t\t\t<\/li>\r\n\t\t\t\t\t\t\t\r\n\t\t\t\t\t\t\t<li role=\"presentation\"  onclick=\"do_resize()\">\r\n\t\t\t\t\t\t\t\t<a href=\"#tabs_desc_165_3\" aria-controls=\"tabs_desc_165_3\" role=\"tab\" data-toggle=\"tab\">\r\n\t\t\t\t\t\t\t\t\t\r\n\t\t\t\t\t\t\t\t\t\t\t\t\t\t\t\t\t\t\t\t\t\t\t\t\t\t\t\t\t\t\t<i class=\"fa fa-laptop\"><\/i> \t\t\t\t\t\t\t\t\t\t\t\t\t\t\t\t\t\t\t\r\n\t\t\t\t\t\t\t\t\t\t\t\t\t\t\t\t\t\t\r\n\t\t\t\t\t\t\t\t\t<span>Programa<\/span>\r\n\t\t\t\t\t\t\t\t\t\r\n\t\t\t\t\t\t\t\t\t\t\t\t\t\t\t\t\t\t\r\n\t\t\t\t\t\t\t\t\t\t\t\t\t\t\t\t\t\t\t\t\r\n\t\t\t\t\t\t\t\t\t\r\n\t\t\t\t\t\t\t\t<\/a>\r\n\t\t\t\t\t\t\t<\/li>\r\n\t\t\t\t\t\t\t\t\t\t\t <\/ul>\r\n\r\n\t\t\t\t\t  <!-- Tab panes -->\r\n\t\t\t\t\t  <div class=\"tab-content\" id=\"tab-content_165\">\r\n\t\t\t\t\t\t\t\t\t\t\t\t <div role=\"tabpanel\" class=\"tab-pane  in active \" id=\"tabs_desc_165_1\">\r\n\t\t\t\t\t\t\t\t<img loading=\"lazy\" decoding=\"async\" class=\"size-full wp-image-166 alignright\" src=\"http:\/\/iberconceptos.es\/wp-content\/uploads\/2023\/06\/seminario-I.jpg\" alt=\"\" width=\"300\" height=\"225\" \/>\r\n<h2 class=\"marron_18_bold\">Informaci\u00f3n<\/h2>\r\n<ul>\r\n \t<li><strong>Fecha:<\/strong><\/li>\r\n<\/ul>\r\n10 y 11 de abril de 2006\r\n<ul>\r\n \t<li><strong>Lugar:<\/strong><\/li>\r\n<\/ul>\r\nSal\u00f3n del Consejo de Mapfre Re\r\nPaseo de Recoletos, 25\r\n28004 Madrid\r\n<ul>\r\n \t<li><strong>Direcci\u00f3n:<\/strong><\/li>\r\n<\/ul>\r\nJavier Fern\u00e1ndez Sebasti\u00e1n\r\n<ul>\r\n \t<li><strong>Organizan:<\/strong><\/li>\r\n<\/ul>\r\nDepartamento de Derecho Constitucional e Historia del Pensamiento y de los Movimientos Sociales y Pol\u00edticos de la Universidad del Pa\u00eds Vasco\r\nFundaci\u00f3n Euskoiker\r\n\r\n<strong>Colaboran:<\/strong>\r\nPrograma de Universidades del Grupo Santander\r\nMinisterio de Cultura\r\nFundaci\u00f3n Mapfre\r\nFundaci\u00f3n Carolina\r\n<ul>\r\n \t<li><strong>Programa:<\/strong><\/li>\r\n<\/ul>\r\n<ul>\r\n<a href=\"https:\/\/iberconceptos.es\/wp-content\/uploads\/2023\/06\/programa_I_Seminario_Iberconceptos_2006.pdf\">Descargar programa<\/a>\r\n\r\n<!--more-->\t\t\t\t\t\t <\/div>\r\n\t\t\t\t\t\t\t\t\t\t\t\t <div role=\"tabpanel\" class=\"tab-pane \" id=\"tabs_desc_165_2\">\r\n\t\t\t\t\t\t\t\t<h2 class=\"marron_18_bold\">Planteamiento y objetivos<\/h2>\r\n\u00a0\r\n\r\n<p>Este seminario constituye el primer encuentro acad\u00e9mico de los coordinadores del proyecto de investigaci\u00f3n \u201cEl mundo atl\u00e1ntico como laboratorio conceptual (1750-1850). Bases para un Diccionario hist\u00f3rico del lenguaje pol\u00edtico y social en Iberoam\u00e9rica\u201d (Iberconceptos).\r\n\r\n<p> En el proyecto Iberconceptos participan hasta el momento casi medio centenar de investigadores pertenecientes a siete equipos nacionales, correspondientes a los siguientes pa\u00edses: Argentina, Brasil, Colombia, Espa\u00f1a, M\u00e9xico, Per\u00fa y Portugal. Recientemente se ha planteado la posible integraci\u00f3n de dos nuevos grupos de investigadores, que trabajar\u00edan sobre los casos de Chile y Venezuela. <\/p>\r\n\r\n<p> El principal objetivo, compartido por todos los integrantes del proyecto, es desarrollar un estudio sistem\u00e1tico comparado de la transformaci\u00f3n de los conceptos pol\u00edticos b\u00e1sicos en los pa\u00edses de habla espa\u00f1ola y portuguesa a ambos lados del Atl\u00e1ntico, empezando por ese periodo hist\u00f3rico crucial que va de mediados del siglo XVIII a mediados del XIX, esto es, desde las reformas ilustradas hasta la consolidaci\u00f3n de las primeras revoluciones liberales y la cristalizaci\u00f3n de los nuevos Estados independientes. <\/p>\r\n\r\n\u00a0<p> Los objetivos espec\u00edficos del seminario son los siguientes:\r\n\r\n<ul>\r\n\u00a0\r\n<ol>\r\n \t<li>Intercambio de informaci\u00f3n sobre el estado actual de los trabajos en el \u00e1mbito\r\nde cada equipo y puesta al d\u00eda de la marcha del proyecto<\/li>\r\n \t<li>Debate sobre los problemas metodol\u00f3gicos suscitados<\/li>\r\n \t<li>Puesta en com\u00fan de los textos disponibles desde una perspectiva comparativa<\/li>\r\n \t<li>Fijaci\u00f3n de plazos y objetivos para la siguiente etapa, incluyendo\r\na. Esquema del Congreso Internacional \u201cEl lenguaje de la libertad. Conceptos pol\u00edticos iberoamericanos en la era de las independencias\u201d (septiembre de 2007)<\/li>\r\n \t<li>Selecci\u00f3n de los conceptos a abordar en el trienio 2008-2010<\/li>\r\n<\/ol>\t\t\t\t\t\t <\/div>\r\n\t\t\t\t\t\t\t\t\t\t\t\t <div role=\"tabpanel\" class=\"tab-pane \" id=\"tabs_desc_165_3\">\r\n\t\t\t\t\t\t\t\t<h2 class=\"marron_18_bold\">Programa<\/h2>\r\n<strong>Lunes, 10 de abril<\/strong>\r\n<ul>\r\n \t<li><strong>Ma\u00f1ana<\/strong><\/li>\r\n<\/ul>\r\n<strong>09:00 Apertura y presentaci\u00f3n de las jornadas.<\/strong> Primera sesi\u00f3n: informes de los coordinadores sobre la marcha de los proyectos nacionales y debate metodol\u00f3gico\r\n<ul>\r\n<strong>09:30<\/strong>\r\nNoem\u00ed Goldman (Argentina) \u2013 Jo\u00e3o Feres (Brasil) \u2013 Georges Lomn\u00e9 (Colombia)\r\n<ul>\r\n<strong>11:00<\/strong>\r\nPausa \u2013 caf\u00e9\r\n<ul>\r\n<strong>11:30<\/strong>\r\nJavier Fern\u00e1ndez Sebasti\u00e1n (Espa\u00f1a) \u2013 Guillermo Zerme\u00f1o (M\u00e9xico) \u2013 Crist\u00f3bal Aljov\u00edn de Losada (Per\u00fa) \u2013 F\u00e1tima S\u00e1 (Portugal)\r\n<ul>\r\n<strong>13:00<\/strong>\r\nDebate\r\n<ul>\r\n<strong>14:30<\/strong>\r\nAlmuerzo\r\n\r\n<p> <\/p>\r\n <p> <li><strong>Tarde Segunda sesi\u00f3n: <\/strong><\/li> <\/p>\r\ninformes de los coordinadores de Chile y Venezuela, con vistas a su incorporaci\u00f3n al proyecto\r\n\r\n<ul>\r\n<strong>16:00<\/strong>\r\nIsabel Torres Dujisin (Chile) \u2013 Carole Leal Curiel (Venezuela)\r\n<ul>\r\n<strong>17:00<\/strong>\r\nDebate\r\n<ul>\r\n<strong>18:00<\/strong>\r\nConclusiones\t\t\t\t\t\t <\/div>\r\n\t\t\t\t\t\t\t\r\n\t\t\t\t\t <\/div>\r\n\t\t\t\t\t \r\n\t\t\t\t <\/div>\r\n <script>\r\n\t\tjQuery(function () {\r\n\t\t\tjQuery('#myTab_165 a:first').tab('show')\r\n\t\t});\r\n\t\t\r\n\t\t\t\tjQuery(function(){\r\n\t\t\tvar b=\"fadeIn\";\r\n\t\t\tvar c;\r\n\t\t\tvar a;\r\n\t\t\td(jQuery(\"#myTab_165 a\"),jQuery(\"#tab-content_165\"));function d(e,f,g){\r\n\t\t\t\te.click(function(i){\r\n\t\t\t\t\ti.preventDefault();\r\n\t\t\t\t\tjQuery(this).tab(\"show\");\r\n\t\t\t\t\tvar h=jQuery(this).data(\"easein\");\r\n\t\t\t\t\tif(c){c.removeClass(a);}\r\n\t\t\t\t\tif(h){f.find(\"div.active\").addClass(\"animated \"+h);a=h;}\r\n\t\t\t\t\telse{if(g){f.find(\"div.active\").addClass(\"animated \"+g);a=g;}else{f.find(\"div.active\").addClass(\"animated \"+b);a=b;}}c=f.find(\"div.active\");\r\n\t\t\t\t});\r\n\t\t\t}\r\n\t\t});\r\n\t\t\r\n\r\n\t\tfunction do_resize(){\r\n\r\n\t\t\tvar width=jQuery( '.tab-content .tab-pane iframe' ).width();\r\n\t\t\tvar height=jQuery( '.tab-content .tab-pane iframe' ).height();\r\n\r\n\t\t\tvar toggleSize = true;\r\n\t\t\tjQuery('iframe').animate({\r\n\t\t\t    width: toggleSize ? width : 640,\r\n\t\t\t    height: toggleSize ? height : 360\r\n\t\t\t  }, 250);\r\n\r\n\t\t\t  toggleSize = !toggleSize;\r\n\t\t}\r\n\r\n\r\n\t<\/script>\r\n\t\t\t\t\r\n\t\t\t\n","protected":false},"excerpt":{"rendered":"","protected":false},"author":1,"featured_media":0,"parent":0,"menu_order":0,"comment_status":"closed","ping_status":"closed","template":"","meta":{"saved_in_kubio":false,"footnotes":""},"class_list":["post-161","page","type-page","status-publish","hentry"],"kubio_ai_page_context":{"short_desc":"","purpose":"general"},"_links":{"self":[{"href":"https:\/\/iberconceptos.es\/index.php?rest_route=\/wp\/v2\/pages\/161","targetHints":{"allow":["GET"]}}],"collection":[{"href":"https:\/\/iberconceptos.es\/index.php?rest_route=\/wp\/v2\/pages"}],"about":[{"href":"https:\/\/iberconceptos.es\/index.php?rest_route=\/wp\/v2\/types\/page"}],"author":[{"embeddable":true,"href":"https:\/\/iberconceptos.es\/index.php?rest_route=\/wp\/v2\/users\/1"}],"replies":[{"embeddable":true,"href":"https:\/\/iberconceptos.es\/index.php?rest_route=%2Fwp%2Fv2%2Fcomments&post=161"}],"version-history":[{"count":2,"href":"https:\/\/iberconceptos.es\/index.php?rest_route=\/wp\/v2\/pages\/161\/revisions"}],"predecessor-version":[{"id":169,"href":"https:\/\/iberconceptos.es\/index.php?rest_route=\/wp\/v2\/pages\/161\/revisions\/169"}],"wp:attachment":[{"href":"https:\/\/iberconceptos.es\/index.php?rest_route=%2Fwp%2Fv2%2Fmedia&parent=161"}],"curies":[{"name":"wp","href":"https:\/\/api.w.org\/{rel}","templated":true}]}}