{"id":157,"date":"2023-06-29T10:18:03","date_gmt":"2023-06-29T10:18:03","guid":{"rendered":"https:\/\/iberconceptos.es\/?page_id=157"},"modified":"2023-12-20T10:52:53","modified_gmt":"2023-12-20T10:52:53","slug":"seminarios","status":"publish","type":"page","link":"https:\/\/iberconceptos.es\/?page_id=157","title":{"rendered":"Seminarios"},"content":{"rendered":"\n<p class=\"has-text-align-center\">Seminario de facultad <\/p>\n\n\n\n<p class=\"has-text-align-center\"><strong>\u00abLos conceptos de neutralidad y laicidad en el Estado constitucional\u00bb<\/strong><\/p>\n\n\n<div class=\"wp-block-image\">\n<figure class=\"aligncenter size-large is-resized\"><a href=\"https:\/\/iberconceptos.es\/wp-content\/uploads\/2023\/12\/Captura-de-Pantalla-2023-12-20-a-las-11.23.59-1.png\"><img loading=\"lazy\" decoding=\"async\" width=\"720\" height=\"1024\" src=\"https:\/\/iberconceptos.es\/wp-content\/uploads\/2023\/12\/Captura-de-Pantalla-2023-12-20-a-las-11.23.59-1-720x1024.png\" alt=\"\" class=\"wp-image-350\" style=\"width:169px;height:auto\" srcset=\"https:\/\/iberconceptos.es\/wp-content\/uploads\/2023\/12\/Captura-de-Pantalla-2023-12-20-a-las-11.23.59-1-720x1024.png 720w, https:\/\/iberconceptos.es\/wp-content\/uploads\/2023\/12\/Captura-de-Pantalla-2023-12-20-a-las-11.23.59-1-211x300.png 211w, https:\/\/iberconceptos.es\/wp-content\/uploads\/2023\/12\/Captura-de-Pantalla-2023-12-20-a-las-11.23.59-1-768x1092.png 768w, https:\/\/iberconceptos.es\/wp-content\/uploads\/2023\/12\/Captura-de-Pantalla-2023-12-20-a-las-11.23.59-1.png 928w\" sizes=\"(max-width: 720px) 100vw, 720px\" \/><\/a><\/figure><\/div>\n\n\n<div style=\"height:100px\" aria-hidden=\"true\" class=\"wp-block-spacer\"><\/div>\n\n\n\n<p class=\"has-text-align-center\">Seminario de facultad <\/p>\n\n\n\n<p class=\"has-text-align-center\"><strong>\u00abCambios hist\u00f3ricos e historiograf\u00eda\u00bb <\/strong><\/p>\n\n\n<div class=\"wp-block-image\">\n<figure class=\"aligncenter size-large is-resized\"><a href=\"https:\/\/iberconceptos.es\/wp-content\/uploads\/2023\/12\/Captura-de-Pantalla-2023-12-20-a-las-11.19.44-1.png\"><img loading=\"lazy\" decoding=\"async\" width=\"720\" height=\"1024\" src=\"https:\/\/iberconceptos.es\/wp-content\/uploads\/2023\/12\/Captura-de-Pantalla-2023-12-20-a-las-11.19.44-1-720x1024.png\" alt=\"\" class=\"wp-image-349\" style=\"width:153px;height:auto\" srcset=\"https:\/\/iberconceptos.es\/wp-content\/uploads\/2023\/12\/Captura-de-Pantalla-2023-12-20-a-las-11.19.44-1-720x1024.png 720w, https:\/\/iberconceptos.es\/wp-content\/uploads\/2023\/12\/Captura-de-Pantalla-2023-12-20-a-las-11.19.44-1-211x300.png 211w, https:\/\/iberconceptos.es\/wp-content\/uploads\/2023\/12\/Captura-de-Pantalla-2023-12-20-a-las-11.19.44-1-768x1092.png 768w, https:\/\/iberconceptos.es\/wp-content\/uploads\/2023\/12\/Captura-de-Pantalla-2023-12-20-a-las-11.19.44-1.png 928w\" sizes=\"(max-width: 720px) 100vw, 720px\" \/><\/a><\/figure><\/div>\n\n\n<div style=\"height:100px\" aria-hidden=\"true\" class=\"wp-block-spacer\"><\/div>\n\n\n\n<p class=\"has-text-align-center\">Seminario de facultad <\/p>\n\n\n\n<p class=\"has-text-align-center\"><strong>\u00abDesafios de la inteligencia artificial y de las plataformas digitales\u00bb. <\/strong><\/p>\n\n\n<div class=\"wp-block-image\">\n<figure class=\"aligncenter size-large is-resized\"><a href=\"https:\/\/iberconceptos.es\/wp-content\/uploads\/2023\/12\/Captura-de-Pantalla-2023-12-20-a-las-11.13.13-1.png\"><img loading=\"lazy\" decoding=\"async\" width=\"720\" height=\"1024\" src=\"https:\/\/iberconceptos.es\/wp-content\/uploads\/2023\/12\/Captura-de-Pantalla-2023-12-20-a-las-11.13.13-1-720x1024.png\" alt=\"\" class=\"wp-image-348\" style=\"width:169px;height:auto\" srcset=\"https:\/\/iberconceptos.es\/wp-content\/uploads\/2023\/12\/Captura-de-Pantalla-2023-12-20-a-las-11.13.13-1-720x1024.png 720w, https:\/\/iberconceptos.es\/wp-content\/uploads\/2023\/12\/Captura-de-Pantalla-2023-12-20-a-las-11.13.13-1-211x300.png 211w, https:\/\/iberconceptos.es\/wp-content\/uploads\/2023\/12\/Captura-de-Pantalla-2023-12-20-a-las-11.13.13-1-768x1092.png 768w, https:\/\/iberconceptos.es\/wp-content\/uploads\/2023\/12\/Captura-de-Pantalla-2023-12-20-a-las-11.13.13-1.png 928w\" sizes=\"(max-width: 720px) 100vw, 720px\" \/><\/a><\/figure><\/div>\n\n\n<div style=\"height:100px\" aria-hidden=\"true\" class=\"wp-block-spacer\"><\/div>\n\n\n\n<p class=\"has-text-align-center has-medium-font-size\"><a href=\"http:\/\/iberconceptos.es\/wp-content\/uploads\/2023\/10\/Araucaria-1.pdf\" data-type=\"URL\" data-id=\"http:\/\/iberconceptos.es\/wp-content\/uploads\/2023\/10\/Araucaria-1.pdf\" target=\"_blank\" rel=\"noreferrer noopener\"><strong>Presentaci\u00f3n del volu<\/strong><img decoding=\"async\" class=\"wp-image-315\" style=\"width: NaNpx;\" src=\"http:\/\/iberconceptos.es\/wp-content\/uploads\/2023\/10\/Araucaria-1.pdf\" alt=\"\"><strong>men monogr\u00e1fico de la Revista Araucaria <\/strong><\/a><\/p>\n\n\n\n<p class=\"has-text-align-center\">\u00abLos retos de la Uni\u00f3n Europea\u00bb<\/p>\n\n\n<div class=\"wp-block-image\">\n<figure class=\"aligncenter size-large is-resized\"><img loading=\"lazy\" decoding=\"async\" width=\"1024\" height=\"135\" src=\"https:\/\/iberconceptos.es\/wp-content\/uploads\/2023\/10\/Captura-de-Pantalla-2023-09-19-a-las-12.49.53-1024x135.png\" alt=\"\" class=\"wp-image-316\" style=\"width:326px;height:auto\" srcset=\"https:\/\/iberconceptos.es\/wp-content\/uploads\/2023\/10\/Captura-de-Pantalla-2023-09-19-a-las-12.49.53-1024x135.png 1024w, https:\/\/iberconceptos.es\/wp-content\/uploads\/2023\/10\/Captura-de-Pantalla-2023-09-19-a-las-12.49.53-300x40.png 300w, https:\/\/iberconceptos.es\/wp-content\/uploads\/2023\/10\/Captura-de-Pantalla-2023-09-19-a-las-12.49.53-768x102.png 768w, https:\/\/iberconceptos.es\/wp-content\/uploads\/2023\/10\/Captura-de-Pantalla-2023-09-19-a-las-12.49.53.png 1482w\" sizes=\"(max-width: 1024px) 100vw, 1024px\" \/><\/figure><\/div>\n\n\n<div style=\"height:100px\" aria-hidden=\"true\" class=\"wp-block-spacer\"><\/div>\n\n\n\n<p class=\"has-text-align-center has-black-color has-text-color has-medium-font-size\"><a rel=\"noreferrer noopener\" href=\"http:\/\/iberconceptos.es\/wp-content\/uploads\/2023\/10\/Francine-legelski-5.pdf\" data-type=\"URL\" data-id=\"http:\/\/iberconceptos.es\/wp-content\/uploads\/2023\/10\/Francine-legelski-5.pdf\" target=\"_blank\"><strong><img decoding=\"async\" class=\"wp-image-314\" style=\"width: NaNpx;\" src=\"http:\/\/iberconceptos.es\/wp-content\/uploads\/2023\/10\/Francine-legelski-5.pdf\" alt=\"\">Seminario de la profesora Francine Legelski<\/strong><\/a><\/p>\n\n\n\n<p class=\"has-text-align-center has-black-color has-text-color\"> \u00abLa sem\u00e1ntica de los tempos hist\u00f3ricos en Koselleck y en Hartog: di\u00e1logos entre la antropolog\u00eda filos\u00f3fica y la estructural\u00bb.<\/p>\n\n\n<div class=\"wp-block-image\">\n<figure class=\"aligncenter size-full is-resized\"><img loading=\"lazy\" decoding=\"async\" width=\"320\" height=\"378\" src=\"https:\/\/iberconceptos.es\/wp-content\/uploads\/2023\/10\/Captura-de-Pantalla-2023-09-19-a-las-11.54.45.png\" alt=\"\" class=\"wp-image-311\" style=\"aspect-ratio:0.8458646616541353;width:156px;height:auto\" srcset=\"https:\/\/iberconceptos.es\/wp-content\/uploads\/2023\/10\/Captura-de-Pantalla-2023-09-19-a-las-11.54.45.png 320w, https:\/\/iberconceptos.es\/wp-content\/uploads\/2023\/10\/Captura-de-Pantalla-2023-09-19-a-las-11.54.45-254x300.png 254w\" sizes=\"(max-width: 320px) 100vw, 320px\" \/><\/figure><\/div>\n\n\n<p><\/p>\n\n\n\n<div style=\"height:100px\" aria-hidden=\"true\" class=\"wp-block-spacer\"><\/div>\n\n\n\n<div class=\"wp-block-columns is-layout-flex wp-container-core-columns-is-layout-1 wp-block-columns-is-layout-flex\">\n<div class=\"wp-block-column is-layout-flow wp-block-column-is-layout-flow\">\n<p class=\"has-text-align-center has-medium-font-size\"><strong><a href=\"https:\/\/iberconceptos.es\/?page_id=161\" data-type=\"URL\" data-id=\"https:\/\/iberconceptos.es\/?page_id=161\">I Seminario Internacional Iberconceptos<\/a><\/strong><br>Madrid (Abril de 2006)<\/p>\n\n\n<div class=\"wp-block-image\">\n<figure class=\"aligncenter\"><a href=\"https:\/\/iberconceptos.es\/?page_id=161\"><img decoding=\"async\" src=\"https:\/\/web.archive.org\/web\/20230206222005im_\/http:\/\/www.iberconceptos.net\/wp-content\/uploads\/2012\/12\/seminario_iberconceptos-300x225.jpg\" alt=\"\" title=\"seminario_iberconceptos\"\/><\/a><\/figure><\/div><\/div>\n<\/div>\n\n\n\n<div class=\"wp-block-buttons is-content-justification-center is-layout-flex wp-container-core-buttons-is-layout-1 wp-block-buttons-is-layout-flex\">\n<div class=\"wp-block-button\"><a class=\"wp-block-button__link has-white-color has-black-background-color has-text-color has-background wp-element-button\" href=\"https:\/\/iberconceptos.es\/?page_id=161\" target=\"_blank\" rel=\"noreferrer noopener\">Leer m\u00e1s<\/a><\/div>\n<\/div>\n","protected":false},"excerpt":{"rendered":"<p>Seminario de facultad \u00abLos conceptos de neutralidad y laicidad en el Estado constitucional\u00bb Seminario de facultad \u00abCambios hist\u00f3ricos e historiograf\u00eda\u00bb Seminario de facultad \u00abDesafios de la inteligencia artificial y de las plataformas digitales\u00bb. Presentaci\u00f3n del volumen monogr\u00e1fico de la Revista Araucaria \u00abLos retos de la&nbsp;<a class=\"read-more\" href=\"https:\/\/iberconceptos.es\/?page_id=157\">&hellip;<\/a><\/p>\n","protected":false},"author":1,"featured_media":0,"parent":0,"menu_order":0,"comment_status":"closed","ping_status":"closed","template":"","meta":{"saved_in_kubio":false,"footnotes":""},"class_list":["post-157","page","type-page","status-publish","hentry"],"kubio_ai_page_context":{"short_desc":"","purpose":"general"},"_links":{"self":[{"href":"https:\/\/iberconceptos.es\/index.php?rest_route=\/wp\/v2\/pages\/157","targetHints":{"allow":["GET"]}}],"collection":[{"href":"https:\/\/iberconceptos.es\/index.php?rest_route=\/wp\/v2\/pages"}],"about":[{"href":"https:\/\/iberconceptos.es\/index.php?rest_route=\/wp\/v2\/types\/page"}],"author":[{"embeddable":true,"href":"https:\/\/iberconceptos.es\/index.php?rest_route=\/wp\/v2\/users\/1"}],"replies":[{"embeddable":true,"href":"https:\/\/iberconceptos.es\/index.php?rest_route=%2Fwp%2Fv2%2Fcomments&post=157"}],"version-history":[{"count":7,"href":"https:\/\/iberconceptos.es\/index.php?rest_route=\/wp\/v2\/pages\/157\/revisions"}],"predecessor-version":[{"id":351,"href":"https:\/\/iberconceptos.es\/index.php?rest_route=\/wp\/v2\/pages\/157\/revisions\/351"}],"wp:attachment":[{"href":"https:\/\/iberconceptos.es\/index.php?rest_route=%2Fwp%2Fv2%2Fmedia&parent=157"}],"curies":[{"name":"wp","href":"https:\/\/api.w.org\/{rel}","templated":true}]}}