{"id":127,"date":"2023-06-28T23:30:42","date_gmt":"2023-06-28T23:30:42","guid":{"rendered":"https:\/\/iberconceptos.es\/?page_id=127"},"modified":"2024-12-03T19:56:16","modified_gmt":"2024-12-03T19:56:16","slug":"escuela-revista","status":"publish","type":"page","link":"https:\/\/iberconceptos.es\/?page_id=127","title":{"rendered":"ESCUELA\/REVISTA"},"content":{"rendered":"\n<p>Si perteneces a alg\u00fan medio de comunicaci\u00f3n y deseas ponerte en contacto con alg\u00fan investigador de Iberconceptos para realizar una entrevista o contar con un testimonio de relevancia de cara a un art\u00edculo o reportaje, puedes solicitarlo a trav\u00e9s de nuestra secretar\u00eda t\u00e9cnica<\/p>\n\n\n\n<p>Pedro Jos\u00e9 Chac\u00f3n Delgado<br><a href=\"https:\/\/web.archive.org\/web\/20230206222000\/mailto:pedrojose.chacon@ehu.es\">pedrojose.chacon@ehu.es<\/a><\/p>\n\n\n\n<p><\/p>\n","protected":false},"excerpt":{"rendered":"<p>Si perteneces a alg\u00fan medio de comunicaci\u00f3n y deseas ponerte en contacto con alg\u00fan investigador de Iberconceptos para realizar una entrevista o contar con un testimonio de relevancia de cara a un art\u00edculo o reportaje, puedes solicitarlo a trav\u00e9s de nuestra secretar\u00eda t\u00e9cnica Pedro Jos\u00e9&nbsp;<a class=\"read-more\" href=\"https:\/\/iberconceptos.es\/?page_id=127\">&hellip;<\/a><\/p>\n","protected":false},"author":1,"featured_media":0,"parent":0,"menu_order":0,"comment_status":"closed","ping_status":"closed","template":"","meta":{"saved_in_kubio":false,"footnotes":""},"class_list":["post-127","page","type-page","status-publish","hentry"],"kubio_ai_page_context":{"short_desc":"","purpose":"general"},"_links":{"self":[{"href":"https:\/\/iberconceptos.es\/index.php?rest_route=\/wp\/v2\/pages\/127","targetHints":{"allow":["GET"]}}],"collection":[{"href":"https:\/\/iberconceptos.es\/index.php?rest_route=\/wp\/v2\/pages"}],"about":[{"href":"https:\/\/iberconceptos.es\/index.php?rest_route=\/wp\/v2\/types\/page"}],"author":[{"embeddable":true,"href":"https:\/\/iberconceptos.es\/index.php?rest_route=\/wp\/v2\/users\/1"}],"replies":[{"embeddable":true,"href":"https:\/\/iberconceptos.es\/index.php?rest_route=%2Fwp%2Fv2%2Fcomments&post=127"}],"version-history":[{"count":3,"href":"https:\/\/iberconceptos.es\/index.php?rest_route=\/wp\/v2\/pages\/127\/revisions"}],"predecessor-version":[{"id":402,"href":"https:\/\/iberconceptos.es\/index.php?rest_route=\/wp\/v2\/pages\/127\/revisions\/402"}],"wp:attachment":[{"href":"https:\/\/iberconceptos.es\/index.php?rest_route=%2Fwp%2Fv2%2Fmedia&parent=127"}],"curies":[{"name":"wp","href":"https:\/\/api.w.org\/{rel}","templated":true}]}}