{"id":112,"date":"2023-06-28T22:53:58","date_gmt":"2023-06-28T22:53:58","guid":{"rendered":"https:\/\/iberconceptos.es\/?page_id=112"},"modified":"2023-06-28T22:53:58","modified_gmt":"2023-06-28T22:53:58","slug":"las-declaraciones-de-independencia","status":"publish","type":"page","link":"https:\/\/iberconceptos.es\/?page_id=112","title":{"rendered":"Las declaraciones de independencia"},"content":{"rendered":"\n<div class=\"wp-block-columns is-layout-flex wp-container-core-columns-is-layout-1 wp-block-columns-is-layout-flex\">\n<div class=\"wp-block-column is-layout-flow wp-block-column-is-layout-flow\">\n<figure class=\"wp-block-image size-full is-resized\"><img loading=\"lazy\" decoding=\"async\" src=\"https:\/\/iberconceptos.es\/wp-content\/uploads\/2023\/06\/Foto-1.jpg\" alt=\"\" class=\"wp-image-114\" width=\"216\" height=\"299\" srcset=\"https:\/\/iberconceptos.es\/wp-content\/uploads\/2023\/06\/Foto-1.jpg 525w, https:\/\/iberconceptos.es\/wp-content\/uploads\/2023\/06\/Foto-1-216x300.jpg 216w\" sizes=\"(max-width: 216px) 100vw, 216px\" \/><\/figure>\n<\/div>\n\n\n\n<div class=\"wp-block-column is-layout-flow wp-block-column-is-layout-flow\" style=\"flex-basis:600px\">\n<p><\/p>\n\n\n\n<p><em>Las declaraciones de independencia. Los textos fundamentales de las independencias americanas<\/em>. Coordinadores: Alfredo \u00c1vila, Jordana Dym, Erika Pani, M\u00e9xico D. F., El Colegio de M\u00e9xico, Universidad Nacional Aut\u00f3noma de M\u00e9xico, 2013, 620 p.<\/p>\n\n\n\n<p><\/p>\n<\/div>\n<\/div>\n","protected":false},"excerpt":{"rendered":"<p>Las declaraciones de independencia. Los textos fundamentales de las independencias americanas. Coordinadores: Alfredo \u00c1vila, Jordana Dym, Erika Pani, M\u00e9xico D. F., El Colegio de M\u00e9xico, Universidad Nacional Aut\u00f3noma de M\u00e9xico, 2013, 620 p.<\/p>\n","protected":false},"author":1,"featured_media":0,"parent":0,"menu_order":0,"comment_status":"closed","ping_status":"closed","template":"","meta":{"saved_in_kubio":false,"footnotes":""},"class_list":["post-112","page","type-page","status-publish","hentry"],"kubio_ai_page_context":{"short_desc":"","purpose":"general"},"_links":{"self":[{"href":"https:\/\/iberconceptos.es\/index.php?rest_route=\/wp\/v2\/pages\/112","targetHints":{"allow":["GET"]}}],"collection":[{"href":"https:\/\/iberconceptos.es\/index.php?rest_route=\/wp\/v2\/pages"}],"about":[{"href":"https:\/\/iberconceptos.es\/index.php?rest_route=\/wp\/v2\/types\/page"}],"author":[{"embeddable":true,"href":"https:\/\/iberconceptos.es\/index.php?rest_route=\/wp\/v2\/users\/1"}],"replies":[{"embeddable":true,"href":"https:\/\/iberconceptos.es\/index.php?rest_route=%2Fwp%2Fv2%2Fcomments&post=112"}],"version-history":[{"count":1,"href":"https:\/\/iberconceptos.es\/index.php?rest_route=\/wp\/v2\/pages\/112\/revisions"}],"predecessor-version":[{"id":115,"href":"https:\/\/iberconceptos.es\/index.php?rest_route=\/wp\/v2\/pages\/112\/revisions\/115"}],"wp:attachment":[{"href":"https:\/\/iberconceptos.es\/index.php?rest_route=%2Fwp%2Fv2%2Fmedia&parent=112"}],"curies":[{"name":"wp","href":"https:\/\/api.w.org\/{rel}","templated":true}]}}