{"id":109,"date":"2023-06-28T22:49:58","date_gmt":"2023-06-28T22:49:58","guid":{"rendered":"https:\/\/iberconceptos.es\/?page_id=109"},"modified":"2023-06-28T22:50:39","modified_gmt":"2023-06-28T22:50:39","slug":"lenguaje-tiempo-y-modernidad","status":"publish","type":"page","link":"https:\/\/iberconceptos.es\/?page_id=109","title":{"rendered":"Lenguaje, tiempo y modernidad"},"content":{"rendered":"<div class=\"wp-block-image\">\n<figure class=\"alignleft\"><a href=\"https:\/\/web.archive.org\/web\/20230206221957\/http:\/\/www.iberconceptos.net\/publicaciones\/attachment\/lenguaje_tiempo\"><img decoding=\"async\" src=\"https:\/\/web.archive.org\/web\/20230206221957im_\/http:\/\/www.iberconceptos.net\/wp-content\/uploads\/2012\/10\/lenguaje_tiempo-201x300.png\" alt=\"lenguaje_tiempo\" class=\"wp-image-884\"\/><\/a><\/figure><\/div>\n\n\n<p>A mitad de camino entre el lenguaje, la historia y la pol\u00edtica, la historia conceptual, originalmente inspirada por la&nbsp;<em>Begriffsgeschichte<\/em>&nbsp;de Reinhart Koselleck, se aborda en la actualidad desde muy diferentes perspectivas.<\/p>\n\n\n\n<p>Los ensayos reunidos en este volumen, escritos por reconocidos especialistas en la materia, ofrecen al lector un panorama representativo de algunos de esos enfoques, as\u00ed como otros trabajos m\u00e1s espec\u00edficos sobre la experiencia de la modernidad en el mundo iberoamericano, \u00e1mbito en el que los estudios en historia de conceptos han alcanzado un auge considerable en los \u00faltimos a\u00f1os.<\/p>\n\n\n\n<h3 class=\"wp-block-heading\">EXTRACTOS<\/h3>\n\n\n\n<ul class=\"wp-block-list\">\n<li>Introducci\u00f3n<\/li>\n<\/ul>\n\n\n\n<div data-wp-interactive=\"core\/file\" class=\"wp-block-file\"><object data-wp-bind--hidden=\"!state.hasPdfPreview\" hidden class=\"wp-block-file__embed\" data=\"https:\/\/iberconceptos.es\/wp-content\/uploads\/2023\/06\/Introduccion_Lenguaje-tiempo-y-modernidad.pdf\" type=\"application\/pdf\" style=\"width:100%;height:600px\" aria-label=\"Incrustado de Introduccion_Lenguaje-tiempo-y-modernidad.\"><\/object><a id=\"wp-block-file--media-e7c9263c-58b0-42ba-ad5a-eb83534793ec\" href=\"https:\/\/iberconceptos.es\/wp-content\/uploads\/2023\/06\/Introduccion_Lenguaje-tiempo-y-modernidad.pdf\">Introduccion_Lenguaje-tiempo-y-modernidad<\/a><a href=\"https:\/\/iberconceptos.es\/wp-content\/uploads\/2023\/06\/Introduccion_Lenguaje-tiempo-y-modernidad.pdf\" class=\"wp-block-file__button wp-element-button\" download aria-describedby=\"wp-block-file--media-e7c9263c-58b0-42ba-ad5a-eb83534793ec\">Descarga<\/a><\/div>\n","protected":false},"excerpt":{"rendered":"<p>A mitad de camino entre el lenguaje, la historia y la pol\u00edtica, la historia conceptual, originalmente inspirada por la&nbsp;Begriffsgeschichte&nbsp;de Reinhart Koselleck, se aborda en la actualidad desde muy diferentes perspectivas. Los ensayos reunidos en este volumen, escritos por reconocidos especialistas en la materia, ofrecen al&nbsp;<a class=\"read-more\" href=\"https:\/\/iberconceptos.es\/?page_id=109\">&hellip;<\/a><\/p>\n","protected":false},"author":1,"featured_media":0,"parent":0,"menu_order":0,"comment_status":"closed","ping_status":"closed","template":"","meta":{"saved_in_kubio":false,"footnotes":""},"class_list":["post-109","page","type-page","status-publish","hentry"],"kubio_ai_page_context":{"short_desc":"","purpose":"general"},"_links":{"self":[{"href":"https:\/\/iberconceptos.es\/index.php?rest_route=\/wp\/v2\/pages\/109","targetHints":{"allow":["GET"]}}],"collection":[{"href":"https:\/\/iberconceptos.es\/index.php?rest_route=\/wp\/v2\/pages"}],"about":[{"href":"https:\/\/iberconceptos.es\/index.php?rest_route=\/wp\/v2\/types\/page"}],"author":[{"embeddable":true,"href":"https:\/\/iberconceptos.es\/index.php?rest_route=\/wp\/v2\/users\/1"}],"replies":[{"embeddable":true,"href":"https:\/\/iberconceptos.es\/index.php?rest_route=%2Fwp%2Fv2%2Fcomments&post=109"}],"version-history":[{"count":1,"href":"https:\/\/iberconceptos.es\/index.php?rest_route=\/wp\/v2\/pages\/109\/revisions"}],"predecessor-version":[{"id":111,"href":"https:\/\/iberconceptos.es\/index.php?rest_route=\/wp\/v2\/pages\/109\/revisions\/111"}],"wp:attachment":[{"href":"https:\/\/iberconceptos.es\/index.php?rest_route=%2Fwp%2Fv2%2Fmedia&parent=109"}],"curies":[{"name":"wp","href":"https:\/\/api.w.org\/{rel}","templated":true}]}}