{"id":107,"date":"2023-06-28T22:46:26","date_gmt":"2023-06-28T22:46:26","guid":{"rendered":"https:\/\/iberconceptos.es\/?page_id=107"},"modified":"2023-06-28T22:46:26","modified_gmt":"2023-06-28T22:46:26","slug":"lenguaje-y-revolucion-conceptos-politicos-clave-en-el-rio-de-la-plata-1780-1850","status":"publish","type":"page","link":"https:\/\/iberconceptos.es\/?page_id=107","title":{"rendered":"Lenguaje y revoluci\u00f3n. Conceptos pol\u00edticos clave en el R\u00edo de la Plata, 1780-1850"},"content":{"rendered":"\n<p><strong>Goldman, Noem\u00ed (ed.),&nbsp;<\/strong><strong><em>Lenguaje y revoluci\u00f3n. Conceptos pol\u00edticos clave en el R\u00edo de la Plata, 1780-1850<\/em>, Buenos Aires, Prometeo, 2008.<\/strong><\/p>\n\n\n<div class=\"wp-block-image\">\n<figure class=\"alignleft\"><a href=\"http:\/\/www.scielo.org.ar\/scielo.php?script=sci_arttext&amp;pid=S1853-17842010000200010\"><img decoding=\"async\" src=\"https:\/\/web.archive.org\/web\/20230206221958im_\/http:\/\/www.iberconceptos.net\/wp-content\/uploads\/2013\/09\/Lenguaje-y-Revolucio%CC%81n-150x150.jpg\" alt=\"Lenguaje y Revoluci\u00f3n\" class=\"wp-image-1086\"\/><\/a><\/figure><\/div>\n\n\n<p>Este libro se propone analizar algunos de los conceptos que fueron clave en el per\u00edodo inaugural de la vida pol\u00edtica independiente en Argentina: ciudadano\/vecino, constituci\u00f3n, derechos\/derecho, liberal\/liberalismo, naci\u00f3n, opini\u00f3n p\u00fablica, patria, pueblo\/pueblos, rep\u00fablica, revoluci\u00f3n, unidad\/federaci\u00f3n, y el concepto articulador de soberan\u00eda. Desde la perspectiva de la historia de los conceptos, atenta a los ritmos desiguales y cambiantes en la relaci\u00f3n entre el concepto y su contexto, se despliegan las singulares historias de esos vocablos, as\u00ed como de sus nexos con la compleja vida pol\u00edtica del per\u00edodo; para descubrir que sus significados no fueron un\u00edvocos. Tampoco se ubicaron en una simple l\u00ednea de continuidad con los sentidos que hoy solemos atribuirles. El libro aspira, as\u00ed, a mejorar el conocimiento de la historia pol\u00edtica y socio-cultural de la primera mitad del siglo XIX, y a servir de instrumento de apoyo para todos aquellos que se interesen por los lenguajes pol\u00edticos.<br>\u00cdndice:<br>Introducci\u00f3n: El concepto de soberan\u00eda, por Noem\u00ed Goldman Ciudadano\/Vecino, por Oreste Carlos Cansanello Constituci\u00f3n, por Noem\u00ed Goldman Derechos\/Derecho, por Oreste Carlos Cansanello Liberal\/Liberalismo, por Fabio Wasserman Naci\u00f3n, por Nora Souto y Fabio Wasserman Opini\u00f3n p\u00fablica, por Noem\u00ed Goldman y Alejandra Pasino Patria, por Gabriel Di Meglio Pueblo\/Pueblos, por Noem\u00ed Goldman y Gabriel Di Meglio Rep\u00fablica, por Gabriel Di Meglio Revoluci\u00f3n, por Fabio Wasserman Unidad\/Federaci\u00f3n, por Nora Souto, Cronolog\u00eda 1776-1862, Bibliograf\u00eda.<\/p>\n\n\n\n<p><\/p>\n","protected":false},"excerpt":{"rendered":"<p>Goldman, Noem\u00ed (ed.),&nbsp;Lenguaje y revoluci\u00f3n. Conceptos pol\u00edticos clave en el R\u00edo de la Plata, 1780-1850, Buenos Aires, Prometeo, 2008. Este libro se propone analizar algunos de los conceptos que fueron clave en el per\u00edodo inaugural de la vida pol\u00edtica independiente en Argentina: ciudadano\/vecino, constituci\u00f3n, derechos\/derecho,&nbsp;<a class=\"read-more\" href=\"https:\/\/iberconceptos.es\/?page_id=107\">&hellip;<\/a><\/p>\n","protected":false},"author":1,"featured_media":0,"parent":0,"menu_order":0,"comment_status":"closed","ping_status":"closed","template":"","meta":{"saved_in_kubio":false,"footnotes":""},"class_list":["post-107","page","type-page","status-publish","hentry"],"kubio_ai_page_context":{"short_desc":"","purpose":"general"},"_links":{"self":[{"href":"https:\/\/iberconceptos.es\/index.php?rest_route=\/wp\/v2\/pages\/107","targetHints":{"allow":["GET"]}}],"collection":[{"href":"https:\/\/iberconceptos.es\/index.php?rest_route=\/wp\/v2\/pages"}],"about":[{"href":"https:\/\/iberconceptos.es\/index.php?rest_route=\/wp\/v2\/types\/page"}],"author":[{"embeddable":true,"href":"https:\/\/iberconceptos.es\/index.php?rest_route=\/wp\/v2\/users\/1"}],"replies":[{"embeddable":true,"href":"https:\/\/iberconceptos.es\/index.php?rest_route=%2Fwp%2Fv2%2Fcomments&post=107"}],"version-history":[{"count":1,"href":"https:\/\/iberconceptos.es\/index.php?rest_route=\/wp\/v2\/pages\/107\/revisions"}],"predecessor-version":[{"id":108,"href":"https:\/\/iberconceptos.es\/index.php?rest_route=\/wp\/v2\/pages\/107\/revisions\/108"}],"wp:attachment":[{"href":"https:\/\/iberconceptos.es\/index.php?rest_route=%2Fwp%2Fv2%2Fmedia&parent=107"}],"curies":[{"name":"wp","href":"https:\/\/api.w.org\/{rel}","templated":true}]}}