{"id":104,"date":"2023-06-28T22:43:17","date_gmt":"2023-06-28T22:43:17","guid":{"rendered":"https:\/\/iberconceptos.es\/?page_id=104"},"modified":"2023-06-28T22:43:18","modified_gmt":"2023-06-28T22:43:18","slug":"historia-conceptual-voces-y-conceptos-de-la-politica-oriental-1750-1870","status":"publish","type":"page","link":"https:\/\/iberconceptos.es\/?page_id=104","title":{"rendered":"Historia conceptual. Voces y conceptos de la pol\u00edtica oriental (1750-1870)"},"content":{"rendered":"\n<p>Caetano, Gerardo (coord.),<em>&nbsp;Historia conceptual. Voces y conceptos de la pol\u00edtica oriental (1750-1870)<\/em>, Montevideo, Banda Oriental, 2013.<\/p>\n\n\n<div class=\"wp-block-image\">\n<figure class=\"alignleft\"><a href=\"https:\/\/sisbibliotecas.ort.edu.uy\/bib\/82830\"><img decoding=\"async\" src=\"https:\/\/web.archive.org\/web\/20230206223719im_\/http:\/\/www.iberconceptos.net\/wp-content\/uploads\/2013\/09\/Historia-conceptual.jpg\" alt=\"Historia conceptual\" class=\"wp-image-1061\"\/><\/a><\/figure><\/div>\n\n\n<p style=\"font-size:16px\">Los textos que se presentan en este volumen son el fruto del primer trabajo sistem\u00e1tico de un equipo de historiadores uruguayos en un abordaje de historia conceptual, inscripto en la red iberoamericana de Iberconceptos. En los textos compilados se propone una mirada que permite recuperar la dial\u00e9ctica entre nociones y experiencias, entre discursos y acciones, entre contexto y lenguaje. De ese modo puede registrarse la alta significaci\u00f3n de la batalla pol\u00edtica e ideol\u00f3gica por lo conceptos. En ese marco de mayor complejidad, la confirmaci\u00f3n de la pluralidad de sentidos&nbsp; consagrados por el uso, as\u00ed como la ratificaci\u00f3n de la contingencia de sus contenidos pol\u00edticos, nos aleja de la ilusi\u00f3n de la definici\u00f3n lexicogr\u00e1fica can\u00f3nica. Estos contornos de renovaci\u00f3n aparecen ejemplificados en los trabajos de an\u00e1lisis de los diez conceptos estudiados (independencia, revoluci\u00f3n, Estado, naci\u00f3n, orden, soberan\u00eda, libertad, democracia, partidos, patria), en el escenario cambiante de las luchas orientales entre 1750 y 1870.<\/p>\n","protected":false},"excerpt":{"rendered":"<p>Caetano, Gerardo (coord.),&nbsp;Historia conceptual. Voces y conceptos de la pol\u00edtica oriental (1750-1870), Montevideo, Banda Oriental, 2013. Los textos que se presentan en este volumen son el fruto del primer trabajo sistem\u00e1tico de un equipo de historiadores uruguayos en un abordaje de historia conceptual, inscripto en&nbsp;<a class=\"read-more\" href=\"https:\/\/iberconceptos.es\/?page_id=104\">&hellip;<\/a><\/p>\n","protected":false},"author":1,"featured_media":0,"parent":0,"menu_order":0,"comment_status":"closed","ping_status":"closed","template":"","meta":{"saved_in_kubio":false,"footnotes":""},"class_list":["post-104","page","type-page","status-publish","hentry"],"kubio_ai_page_context":{"short_desc":"","purpose":"general"},"_links":{"self":[{"href":"https:\/\/iberconceptos.es\/index.php?rest_route=\/wp\/v2\/pages\/104","targetHints":{"allow":["GET"]}}],"collection":[{"href":"https:\/\/iberconceptos.es\/index.php?rest_route=\/wp\/v2\/pages"}],"about":[{"href":"https:\/\/iberconceptos.es\/index.php?rest_route=\/wp\/v2\/types\/page"}],"author":[{"embeddable":true,"href":"https:\/\/iberconceptos.es\/index.php?rest_route=\/wp\/v2\/users\/1"}],"replies":[{"embeddable":true,"href":"https:\/\/iberconceptos.es\/index.php?rest_route=%2Fwp%2Fv2%2Fcomments&post=104"}],"version-history":[{"count":1,"href":"https:\/\/iberconceptos.es\/index.php?rest_route=\/wp\/v2\/pages\/104\/revisions"}],"predecessor-version":[{"id":105,"href":"https:\/\/iberconceptos.es\/index.php?rest_route=\/wp\/v2\/pages\/104\/revisions\/105"}],"wp:attachment":[{"href":"https:\/\/iberconceptos.es\/index.php?rest_route=%2Fwp%2Fv2%2Fmedia&parent=104"}],"curies":[{"name":"wp","href":"https:\/\/api.w.org\/{rel}","templated":true}]}}