{"id":100,"date":"2023-06-28T22:40:33","date_gmt":"2023-06-28T22:40:33","guid":{"rendered":"https:\/\/iberconceptos.es\/?page_id=100"},"modified":"2023-07-04T12:40:10","modified_gmt":"2023-07-04T12:40:10","slug":"diccionario-politico-y-social-del-mundo-iberoamericano","status":"publish","type":"page","link":"https:\/\/iberconceptos.es\/?page_id=100","title":{"rendered":"Diccionario pol\u00edtico y social del mundo iberoamericano"},"content":{"rendered":"<div class=\"wp-block-image\">\n<figure class=\"alignleft\"><a href=\"https:\/\/web.archive.org\/web\/20230206223644\/http:\/\/www.iberconceptos.net\/wp-content\/uploads\/2012\/10\/diccionario_politico_social_mundo_iberoamericano.jpg\"><img decoding=\"async\" src=\"https:\/\/web.archive.org\/web\/20230206223644im_\/http:\/\/www.iberconceptos.net\/wp-content\/uploads\/2012\/10\/diccionario_politico_social_mundo_iberoamericano-200x300.jpg\" alt=\"\" class=\"wp-image-32\" title=\"diccionario_politico_social_mundo_iberoamericano\"\/><\/a><\/figure><\/div>\n\n\n<p><em>Diccionario pol\u00edtico y social del mundo iberoamericano. La era de las revoluciones, 1750-1850,<\/em>vol. I, Javier Fern\u00e1ndez Sebasti\u00e1n, dir., Madrid, Centro de Estudios Pol\u00edticos y Constitucionales, 2009, 1422 pp.<\/p>\n\n\n\n<blockquote class=\"wp-block-quote is-layout-flow wp-block-quote-is-layout-flow\">\n<p>\u201c\u2026 nuestro prop\u00f3sito es ir m\u00e1s all\u00e1 de los lindes del Estado nacional, para ensayar una verdadera historia atl\u00e1ntica de los conceptos pol\u00edticos. Una historia que tome en cuenta el utillaje conceptual de los agentes \u2013individuales y colectivos\u2013 para lograr as\u00ed una mejor comprensi\u00f3n de sus motivaciones y del sentido de su acci\u00f3n pol\u00edtica, con vistas a un acercamiento m\u00e1s satisfactorio a la din\u00e1mica de los procesos hist\u00f3ricos\u201d<\/p>\n<\/blockquote>\n\n\n\n<p><\/p>\n\n\n\n<hr class=\"wp-block-separator has-text-color has-cyan-bluish-gray-color has-alpha-channel-opacity has-cyan-bluish-gray-background-color has-background is-style-wide\"\/>\n\n\n\n<p><\/p>\n\n\n\n<blockquote class=\"wp-block-quote is-layout-flow wp-block-quote-is-layout-flow\">\n\t\t\t\t\t\t\t<h3 style=\"margin-bottom:20px ;display:block;width:100%;margin-top:10px\">Diccionario pol\u00edtico y social del mundo iberoamericano <\/h3>\r\n\t\t\t\t\t\t\t\t<style>\r\n\t\t\t\t\r\n\t\t\t\t\t#tab_container_275 {\r\n\toverflow:hidden;\r\n\tdisplay:block;\r\n\twidth:100%;\r\n\tborder:0px solid #ddd;\r\n\tmargin-bottom:30px;\r\n\t}\r\n\r\n#tab_container_275 .tab-content{\r\n\tpadding:20px;\r\n\tborder: 1px solid #e6e6e6 !important;\r\n\tmargin-top: 0px;\r\n\tbackground-color:#ffffff !important;\r\n\tcolor: #000000 !important;\r\n\tfont-size:16px !important;\r\n\tfont-family: Open Sans !important;\r\n\t\r\n\t\tborder: 1px solid #e6e6e6 !important;\r\n\t}\r\n#tab_container_275 .wpsm_nav-tabs {\r\n    border-bottom: 0px solid #ddd;\r\n}\r\n#tab_container_275 .wpsm_nav-tabs > li.active > a, #tab_container_275 .wpsm_nav-tabs > li.active > a:hover, #tab_container_275 .wpsm_nav-tabs > li.active > a:focus {\r\n\tcolor: #000000 !important;\r\n\tcursor: default;\r\n\tbackground-color: #ffffff !important;\r\n\tborder: 1px solid #e6e6e6 !important;\r\n}\r\n\r\n#tab_container_275 .wpsm_nav-tabs > li > a {\r\n    margin-right: 0px !important; \r\n    line-height: 1.42857143 !important;\r\n    border: 1px solid #d5d5d5 !important;\r\n    border-radius: 0px 0px 0 0 !important; \r\n\tbackground-color: #e8e8e8 !important;\r\n\tcolor: #000000 !important;\r\n\tpadding: 15px 18px 15px 18px !important;\r\n\ttext-decoration: none !important;\r\n\tfont-size: 14px !important;\r\n\ttext-align:center !important;\r\n\tfont-family: Open Sans !important;\r\n}\r\n#tab_container_275 .wpsm_nav-tabs > li > a:focus {\r\noutline: 0px !important;\r\n}\r\n\r\n#tab_container_275 .wpsm_nav-tabs > li > a:before {\r\n\tdisplay:none !important;\r\n}\r\n#tab_container_275 .wpsm_nav-tabs > li > a:after {\r\n\tdisplay:none !important ;\r\n}\r\n#tab_container_275 .wpsm_nav-tabs > li{\r\npadding:0px !important ;\r\nmargin:0px;\r\n}\r\n\r\n#tab_container_275 .wpsm_nav-tabs > li > a:hover , #tab_container_275 .wpsm_nav-tabs > li > a:focus {\r\n    color: #000000 !important;\r\n    background-color: #e8e8e8 !important;\r\n\tborder: 1px solid #d5d5d5 !important;\r\n\t\r\n}\r\n#tab_container_275 .wpsm_nav-tabs > li > a .fa{\r\n\r\nmargin-right:5px !important;\r\n\r\nmargin-left:5px !important;\r\n\r\n\r\n}\r\n\r\n\t\t#tab_container_275 .wpsm_nav-tabs a{\r\n\t\t\tbackground-image: none;\r\n\t\t\tbackground-position: 0 0;\r\n\t\t\tbackground-repeat: repeat-x;\r\n\t\t}\r\n\t\t\t\r\n\r\n\r\n#tab_container_275 .wpsm_nav-tabs > li {\r\n    float: left;\r\n    margin-bottom: -1px !important;\r\n\tmargin-right:0px !important; \r\n}\r\n\r\n\r\n#tab_container_275 .tab-content{\r\noverflow:hidden !important;\r\n}\r\n\r\n\r\n@media (min-width: 769px) {\r\n\r\n\t#tab_container_275 .wpsm_nav-tabs > li{\r\n\t\tfloat:left !important ;\r\n\t\t\t\tmargin-right:-1px !important;\r\n\t\t\t\t\t}\r\n\t#tab_container_275 .wpsm_nav-tabs{\r\n\t\tfloat:none !important;\r\n\t\tmargin:0px !important;\r\n\t}\r\n\r\n\t#tab_container_275 .wpsm_nav-tabs > li {\r\n\t\t\t\t\r\n\t}\r\n\t#tab_container_275 .wpsm_nav{\r\n\t\t\t}\r\n\r\n}\r\n\r\n\r\n\r\n@media (max-width: 768px) {\r\n\t#tab_container_275 .wpsm_nav-tabs > li {\r\n\t\t\t\t\r\n\t}\r\n\t#tab_container_275 .wpsm_nav{\r\n\t\t\t}\r\n}\r\n\r\n\r\n\t.wpsm_nav-tabs li:before{\r\n\t\tdisplay:none !important;\r\n\t}\r\n\r\n\t@media (max-width: 768px) {\r\n\t\t\t\t\r\n\t\t\t\t.wpsm_nav-tabs{\r\n\t\t\tmargin-left:0px !important;\r\n\t\t\tmargin-right:0px !important; \r\n\t\t\t\r\n\t\t}\r\n\t\t\t\t#tab_container_275 .wpsm_nav-tabs > li{\r\n\t\t\tfloat:none !important;\r\n\t\t}\r\n\t\t\t\r\n\t}\t\t\t\t<\/style>\r\n\t\t\t\t<div id=\"tab_container_275\" >\r\n\t \r\n\t\t\t\t\t<ul class=\"wpsm_nav wpsm_nav-tabs\" role=\"tablist\" id=\"myTab_275\">\r\n\t\t\t\t\t\t\t\r\n\t\t\t\t\t\t\t<li role=\"presentation\"  class=\"active\"  onclick=\"do_resize()\">\r\n\t\t\t\t\t\t\t\t<a href=\"#tabs_desc_275_1\" aria-controls=\"tabs_desc_275_1\" role=\"tab\" data-toggle=\"tab\">\r\n\t\t\t\t\t\t\t\t\t\r\n\t\t\t\t\t\t\t\t\t\t\t\t\t\t\t\t\t\t\t\t\t\t\t\t\t\t\t\t\t\t\t<i class=\"fa fa-book\"><\/i> \t\t\t\t\t\t\t\t\t\t\t\t\t\t\t\t\t\t\t\r\n\t\t\t\t\t\t\t\t\t\t\t\t\t\t\t\t\t\t\r\n\t\t\t\t\t\t\t\t\t<span>Cap\u00edtulos por concepto<\/span>\r\n\t\t\t\t\t\t\t\t\t\r\n\t\t\t\t\t\t\t\t\t\t\t\t\t\t\t\t\t\t\r\n\t\t\t\t\t\t\t\t\t\t\t\t\t\t\t\t\t\t\t\t\r\n\t\t\t\t\t\t\t\t\t\r\n\t\t\t\t\t\t\t\t<\/a>\r\n\t\t\t\t\t\t\t<\/li>\r\n\t\t\t\t\t\t\t\r\n\t\t\t\t\t\t\t<li role=\"presentation\"  onclick=\"do_resize()\">\r\n\t\t\t\t\t\t\t\t<a href=\"#tabs_desc_275_2\" aria-controls=\"tabs_desc_275_2\" role=\"tab\" data-toggle=\"tab\">\r\n\t\t\t\t\t\t\t\t\t\r\n\t\t\t\t\t\t\t\t\t\t\t\t\t\t\t\t\t\t\t\t\t\t\t\t\t\t\t\t\t\t\t<i class=\"fa fa-bookmark\"><\/i> \t\t\t\t\t\t\t\t\t\t\t\t\t\t\t\t\t\t\t\r\n\t\t\t\t\t\t\t\t\t\t\t\t\t\t\t\t\t\t\r\n\t\t\t\t\t\t\t\t\t<span>Art\u00edculos por concepto y pa\u00eds<\/span>\r\n\t\t\t\t\t\t\t\t\t\r\n\t\t\t\t\t\t\t\t\t\t\t\t\t\t\t\t\t\t\r\n\t\t\t\t\t\t\t\t\t\t\t\t\t\t\t\t\t\t\t\t\r\n\t\t\t\t\t\t\t\t\t\r\n\t\t\t\t\t\t\t\t<\/a>\r\n\t\t\t\t\t\t\t<\/li>\r\n\t\t\t\t\t\t\t\r\n\t\t\t\t\t\t\t<li role=\"presentation\"  onclick=\"do_resize()\">\r\n\t\t\t\t\t\t\t\t<a href=\"#tabs_desc_275_3\" aria-controls=\"tabs_desc_275_3\" role=\"tab\" data-toggle=\"tab\">\r\n\t\t\t\t\t\t\t\t\t\r\n\t\t\t\t\t\t\t\t\t\t\t\t\t\t\t\t\t\t\t\t\t\t\t\t\t\t\t\t\t\t\t<i class=\"fa fa-align-justify\"><\/i> \t\t\t\t\t\t\t\t\t\t\t\t\t\t\t\t\t\t\t\r\n\t\t\t\t\t\t\t\t\t\t\t\t\t\t\t\t\t\t\r\n\t\t\t\t\t\t\t\t\t<span>Textos relacionados<\/span>\r\n\t\t\t\t\t\t\t\t\t\r\n\t\t\t\t\t\t\t\t\t\t\t\t\t\t\t\t\t\t\r\n\t\t\t\t\t\t\t\t\t\t\t\t\t\t\t\t\t\t\t\t\r\n\t\t\t\t\t\t\t\t\t\r\n\t\t\t\t\t\t\t\t<\/a>\r\n\t\t\t\t\t\t\t<\/li>\r\n\t\t\t\t\t\t\t\t\t\t\t <\/ul>\r\n\r\n\t\t\t\t\t  <!-- Tab panes -->\r\n\t\t\t\t\t  <div class=\"tab-content\" id=\"tab-content_275\">\r\n\t\t\t\t\t\t\t\t\t\t\t\t <div role=\"tabpanel\" class=\"tab-pane  in active \" id=\"tabs_desc_275_1\">\r\n\t\t\t\t\t\t\t\t<h2 class=\"marron_18_bold\">Cap\u00edtulos por concepto<\/h2>\r\nIntroducci\u00f3n\r\nAm\u00e9rica \/ Americano\r\nCiudadano \/ Vecino\r\nConstituci\u00f3n\r\nFederaci\u00f3n \/ Federalismo\r\nHistoria\r\nLiberal \/ Liberalismo\r\nNaci\u00f3n\r\nOpini\u00f3n p\u00fablica\r\nPueblo \/ Pueblos\r\nRep\u00fablica \/ Republicano\r\nAp\u00e9ndice cronol\u00f3gico\t\t\t\t\t\t <\/div>\r\n\t\t\t\t\t\t\t\t\t\t\t\t <div role=\"tabpanel\" class=\"tab-pane \" id=\"tabs_desc_275_2\">\r\n\t\t\t\t\t\t\t\t<!-- wp:heading -->\r\n<h2 class=\"wp-block-heading\">Art\u00edculos por concepto y pa\u00eds<\/h2>\r\n<!-- \/wp:heading -->\r\n\r\n<!-- wp:paragraph -->\r\n\r\n<strong>Am\u00e9rica \/ Americano<\/strong>\u00a0\u2013 Transversal\r\n\r\n<!-- \/wp:paragraph -->\r\n\r\n<!-- wp:table -->\r\n<figure class=\"wp-block-table\">\r\n<table>\r\n<tbody>\r\n<tr>\r\n<td>Argentina \u2013 R\u00edo de la Plata<\/td>\r\n<td>Colombia \u2013 Nueva Granada<\/td>\r\n<td>Per\u00fa<\/td>\r\n<\/tr>\r\n<tr>\r\n<td>Brasil<\/td>\r\n<td>Espa\u00f1a<\/td>\r\n<td>Portugal<\/td>\r\n<\/tr>\r\n<tr>\r\n<td>Chile<\/td>\r\n<td>M\u00e9xico \u2013 Nueva Espa\u00f1a<\/td>\r\n<td>Venezuela<\/td>\r\n<\/tr>\r\n<\/tbody>\r\n<\/table>\r\n<\/figure>\r\n<!-- \/wp:table -->\r\n\r\n<!-- wp:paragraph -->\r\n\r\n<strong>Ciudadano \/ Vecino<\/strong>\u00a0\u2013 Transversal\r\n\r\n<!-- \/wp:paragraph -->\r\n\r\n<!-- wp:table -->\r\n<figure class=\"wp-block-table\">\r\n<table>\r\n<tbody>\r\n<tr>\r\n<td>Argentina \u2013 R\u00edo de la Plata<\/td>\r\n<td>Colombia \u2013 Nueva Granada<\/td>\r\n<td>Per\u00fa<\/td>\r\n<\/tr>\r\n<tr>\r\n<td>Brasil<\/td>\r\n<td>Espa\u00f1a<\/td>\r\n<td>Portugal<\/td>\r\n<\/tr>\r\n<tr>\r\n<td>Chile<\/td>\r\n<td>M\u00e9xico \u2013 Nueva Espa\u00f1a<\/td>\r\n<td>Venezuela<\/td>\r\n<\/tr>\r\n<\/tbody>\r\n<\/table>\r\n<\/figure>\r\n<!-- \/wp:table -->\r\n\r\n<!-- wp:paragraph -->\r\n\r\n<strong>Constituci\u00f3n<\/strong>\u00a0\u2013 Transversal\r\n\r\n<!-- \/wp:paragraph -->\r\n\r\n<!-- wp:table -->\r\n<figure class=\"wp-block-table\">\r\n<table>\r\n<tbody>\r\n<tr>\r\n<td>Argentina \u2013 R\u00edo de la Plata<\/td>\r\n<td>Colombia \u2013 Nueva Granada<\/td>\r\n<td>Per\u00fa<\/td>\r\n<\/tr>\r\n<tr>\r\n<td>Brasil<\/td>\r\n<td>Espa\u00f1a<\/td>\r\n<td>Portugal<\/td>\r\n<\/tr>\r\n<tr>\r\n<td>Chile<\/td>\r\n<td>M\u00e9xico \u2013 Nueva Espa\u00f1a<\/td>\r\n<td>Venezuela<\/td>\r\n<\/tr>\r\n<\/tbody>\r\n<\/table>\r\n<\/figure>\r\n<!-- \/wp:table -->\r\n\r\n<!-- wp:paragraph -->\r\n\r\n<strong>Federaci\u00f3n \/ Federalismo<\/strong>\u00a0\u2013 Transversal\r\n\r\n<!-- \/wp:paragraph -->\r\n\r\n<!-- wp:table -->\r\n<figure class=\"wp-block-table\">\r\n<table>\r\n<tbody>\r\n<tr>\r\n<td>Argentina \u2013 R\u00edo de la Plata<\/td>\r\n<td>Colombia \u2013 Nueva Granada<\/td>\r\n<td>Per\u00fa<\/td>\r\n<\/tr>\r\n<tr>\r\n<td>Brasil<\/td>\r\n<td>Espa\u00f1a<\/td>\r\n<td>Portugal<\/td>\r\n<\/tr>\r\n<tr>\r\n<td>Chile<\/td>\r\n<td>M\u00e9xico \u2013 Nueva Espa\u00f1a<\/td>\r\n<td>Venezuela<\/td>\r\n<\/tr>\r\n<\/tbody>\r\n<\/table>\r\n<\/figure>\r\n<!-- \/wp:table -->\r\n\r\n<!-- wp:paragraph -->\r\n\r\n<strong>Historia<\/strong>\u00a0\u2013 Transversal\r\n\r\n<!-- \/wp:paragraph -->\r\n\r\n<!-- wp:table -->\r\n<figure class=\"wp-block-table\">\r\n<table>\r\n<tbody>\r\n<tr>\r\n<td>Argentina \u2013 R\u00edo de la Plata<\/td>\r\n<td>Colombia \u2013 Nueva Granada<\/td>\r\n<td>Per\u00fa<\/td>\r\n<\/tr>\r\n<tr>\r\n<td>Brasil<\/td>\r\n<td>Espa\u00f1a<\/td>\r\n<td>Portugal<\/td>\r\n<\/tr>\r\n<tr>\r\n<td>Chile<\/td>\r\n<td>M\u00e9xico \u2013 Nueva Espa\u00f1a<\/td>\r\n<td>Venezuela<\/td>\r\n<\/tr>\r\n<\/tbody>\r\n<\/table>\r\n<\/figure>\r\n<!-- \/wp:table -->\r\n\r\n<!-- wp:paragraph -->\r\n\r\n<strong>Naci\u00f3n<\/strong>\u00a0\u2013 Transversal\r\n\r\n<!-- \/wp:paragraph -->\r\n\r\n<!-- wp:table -->\r\n<figure class=\"wp-block-table\">\r\n<table>\r\n<tbody>\r\n<tr>\r\n<td>Argentina \u2013 R\u00edo de la Plata<\/td>\r\n<td>Colombia \u2013 Nueva Granada<\/td>\r\n<td>Per\u00fa<\/td>\r\n<\/tr>\r\n<tr>\r\n<td>Brasil<\/td>\r\n<td>Espa\u00f1a<\/td>\r\n<td>Portugal<\/td>\r\n<\/tr>\r\n<tr>\r\n<td>Chile<\/td>\r\n<td>M\u00e9xico \u2013 Nueva Espa\u00f1a<\/td>\r\n<td>Venezuela<\/td>\r\n<\/tr>\r\n<\/tbody>\r\n<\/table>\r\n<\/figure>\r\n<!-- \/wp:table -->\r\n\r\n<!-- wp:paragraph -->\r\n\r\n<strong>Opini\u00f3n p\u00fablica<\/strong>\u00a0\u2013 Transversal\r\n\r\n<!-- \/wp:paragraph -->\r\n\r\n<!-- wp:table -->\r\n<figure class=\"wp-block-table\">\r\n<table>\r\n<tbody>\r\n<tr>\r\n<td>Argentina \u2013 R\u00edo de la Plata<\/td>\r\n<td>Colombia \u2013 Nueva Granada<\/td>\r\n<td>Per\u00fa<\/td>\r\n<\/tr>\r\n<tr>\r\n<td>Brasil<\/td>\r\n<td>Espa\u00f1a<\/td>\r\n<td>Portugal<\/td>\r\n<\/tr>\r\n<tr>\r\n<td>Chile<\/td>\r\n<td>M\u00e9xico \u2013 Nueva Espa\u00f1a<\/td>\r\n<td>Venezuela<\/td>\r\n<\/tr>\r\n<\/tbody>\r\n<\/table>\r\n<\/figure>\r\n<!-- \/wp:table -->\r\n\r\n<!-- wp:paragraph -->\r\n\r\n<strong>Pueblo \/ Pueblos<\/strong>\u00a0\u2013 Transversal\r\n\r\n<!-- \/wp:paragraph -->\r\n\r\n<!-- wp:table -->\r\n<figure class=\"wp-block-table\">\r\n<table>\r\n<tbody>\r\n<tr>\r\n<td>Argentina \u2013 R\u00edo de la Plata<\/td>\r\n<td>Colombia \u2013 Nueva Granada<\/td>\r\n<td>Per\u00fa<\/td>\r\n<\/tr>\r\n<tr>\r\n<td>Brasil<\/td>\r\n<td>Espa\u00f1a<\/td>\r\n<td>Portugal<\/td>\r\n<\/tr>\r\n<tr>\r\n<td>Chile<\/td>\r\n<td>M\u00e9xico \u2013 Nueva Espa\u00f1a<\/td>\r\n<td>Venezuela<\/td>\r\n<\/tr>\r\n<\/tbody>\r\n<\/table>\r\n<\/figure>\r\n<!-- \/wp:table -->\r\n\r\n<!-- wp:paragraph -->\r\n\r\n<strong>Rep\u00fablica \/ Republicano<\/strong>\u00a0\u2013 Transversal\r\n\r\n<!-- \/wp:paragraph -->\r\n\r\n<!-- wp:table -->\r\n<figure class=\"wp-block-table\">\r\n<table>\r\n<tbody>\r\n<tr>\r\n<td>Argentina \u2013 R\u00edo de la Plata<\/td>\r\n<td>Colombia \u2013 Nueva Granada<\/td>\r\n<td>Per\u00fa<\/td>\r\n<\/tr>\r\n<tr>\r\n<td>Brasil<\/td>\r\n<td>Espa\u00f1a<\/td>\r\n<td>Portugal<\/td>\r\n<\/tr>\r\n<tr>\r\n<td>Chile<\/td>\r\n<td>M\u00e9xico \u2013 Nueva Espa\u00f1a<\/td>\r\n<td>Venezuela<\/td>\r\n<\/tr>\r\n<\/tbody>\r\n<\/table>\r\n<\/figure>\r\n<!-- \/wp:table -->\t\t\t\t\t\t <\/div>\r\n\t\t\t\t\t\t\t\t\t\t\t\t <div role=\"tabpanel\" class=\"tab-pane \" id=\"tabs_desc_275_3\">\r\n\t\t\t\t\t\t\t\t<!-- wp:heading -->\r\n<h2 class=\"wp-block-heading\">Textos Relacionados<\/h2>\r\n<!-- \/wp:heading --> <!-- wp:paragraph -->\r\n\r\nNoticia aparecida en El Correo (20\/03\/2010) |\u00a0<a href=\"http:\/\/iberconceptos.es\/wp-content\/uploads\/2023\/07\/el_poder_de_la_palabra_noticia_el_correo.pdf\">ver pdf<\/a>\u00a0|\r\nRese\u00f1a aparecida en la revista |<a href=\"http:\/\/iberconceptos.es\/wp-content\/uploads\/2023\/07\/Resena_DPSMI_Almanack_2012.pdf\">\u00a0ver pdf\u00a0<\/a>|\r\nRese\u00f1a aparecida en la publicaci\u00f3n |\u00a0<a href=\"https:\/\/www.cepc.gob.es\/publicaciones\/revistas\">Revista de Estudios Pol\u00edticos.<\/a> |\u00a0<a href=\"http:\/\/iberconceptos.es\/wp-content\/uploads\/2023\/07\/Resena_DPSMI_Posada-Carbo_REP154_2011-1.pdf\">ver pdf<\/a>\u00a0|\r\n\r\n<!-- \/wp:paragraph -->\t\t\t\t\t\t <\/div>\r\n\t\t\t\t\t\t\t\r\n\t\t\t\t\t <\/div>\r\n\t\t\t\t\t \r\n\t\t\t\t <\/div>\r\n <script>\r\n\t\tjQuery(function () {\r\n\t\t\tjQuery('#myTab_275 a:first').tab('show')\r\n\t\t});\r\n\t\t\r\n\t\t\t\tjQuery(function(){\r\n\t\t\tvar b=\"fadeIn\";\r\n\t\t\tvar c;\r\n\t\t\tvar a;\r\n\t\t\td(jQuery(\"#myTab_275 a\"),jQuery(\"#tab-content_275\"));function d(e,f,g){\r\n\t\t\t\te.click(function(i){\r\n\t\t\t\t\ti.preventDefault();\r\n\t\t\t\t\tjQuery(this).tab(\"show\");\r\n\t\t\t\t\tvar h=jQuery(this).data(\"easein\");\r\n\t\t\t\t\tif(c){c.removeClass(a);}\r\n\t\t\t\t\tif(h){f.find(\"div.active\").addClass(\"animated \"+h);a=h;}\r\n\t\t\t\t\telse{if(g){f.find(\"div.active\").addClass(\"animated \"+g);a=g;}else{f.find(\"div.active\").addClass(\"animated \"+b);a=b;}}c=f.find(\"div.active\");\r\n\t\t\t\t});\r\n\t\t\t}\r\n\t\t});\r\n\t\t\r\n\r\n\t\tfunction do_resize(){\r\n\r\n\t\t\tvar width=jQuery( '.tab-content .tab-pane iframe' ).width();\r\n\t\t\tvar height=jQuery( '.tab-content .tab-pane iframe' ).height();\r\n\r\n\t\t\tvar toggleSize = true;\r\n\t\t\tjQuery('iframe').animate({\r\n\t\t\t    width: toggleSize ? width : 640,\r\n\t\t\t    height: toggleSize ? height : 360\r\n\t\t\t  }, 250);\r\n\r\n\t\t\t  toggleSize = !toggleSize;\r\n\t\t}\r\n\r\n\r\n\t<\/script>\r\n\t\t\t\t\r\n\t\t\t\n<\/blockquote>\n","protected":false},"excerpt":{"rendered":"<p>Diccionario pol\u00edtico y social del mundo iberoamericano. La era de las revoluciones, 1750-1850,vol. I, Javier Fern\u00e1ndez Sebasti\u00e1n, dir., Madrid, Centro de Estudios Pol\u00edticos y Constitucionales, 2009, 1422 pp. \u201c\u2026 nuestro prop\u00f3sito es ir m\u00e1s all\u00e1 de los lindes del Estado nacional, para ensayar una verdadera&nbsp;<a class=\"read-more\" href=\"https:\/\/iberconceptos.es\/?p=275\">&hellip;<\/a><\/p>\n","protected":false},"author":1,"featured_media":0,"parent":0,"menu_order":0,"comment_status":"closed","ping_status":"closed","template":"","meta":{"saved_in_kubio":false,"footnotes":""},"class_list":["post-100","page","type-page","status-publish","hentry"],"kubio_ai_page_context":{"short_desc":"","purpose":"general"},"_links":{"self":[{"href":"https:\/\/iberconceptos.es\/index.php?rest_route=\/wp\/v2\/pages\/100","targetHints":{"allow":["GET"]}}],"collection":[{"href":"https:\/\/iberconceptos.es\/index.php?rest_route=\/wp\/v2\/pages"}],"about":[{"href":"https:\/\/iberconceptos.es\/index.php?rest_route=\/wp\/v2\/types\/page"}],"author":[{"embeddable":true,"href":"https:\/\/iberconceptos.es\/index.php?rest_route=\/wp\/v2\/users\/1"}],"replies":[{"embeddable":true,"href":"https:\/\/iberconceptos.es\/index.php?rest_route=%2Fwp%2Fv2%2Fcomments&post=100"}],"version-history":[{"count":6,"href":"https:\/\/iberconceptos.es\/index.php?rest_route=\/wp\/v2\/pages\/100\/revisions"}],"predecessor-version":[{"id":284,"href":"https:\/\/iberconceptos.es\/index.php?rest_route=\/wp\/v2\/pages\/100\/revisions\/284"}],"wp:attachment":[{"href":"https:\/\/iberconceptos.es\/index.php?rest_route=%2Fwp%2Fv2%2Fmedia&parent=100"}],"curies":[{"name":"wp","href":"https:\/\/api.w.org\/{rel}","templated":true}]}}